{"id":30871,"date":"2025-02-20T22:31:14","date_gmt":"2025-02-20T22:31:14","guid":{"rendered":"http:\/\/olemosaic.com\/producto\/cenicero-de-ceramica-de-10-cm-toros-madrid-blanco\/"},"modified":"2025-07-25T19:06:05","modified_gmt":"2025-07-25T17:06:05","slug":"cinzeiro-de-ceramica-de-10-cm-touros-madrid-branco","status":"publish","type":"product","link":"https:\/\/olemosaic.com\/pt-pt\/produto\/cinzeiro-de-ceramica-de-10-cm-touros-madrid-branco\/","title":{"rendered":"Cinzeiro de cer\u00e2mica de 10 cm. Touros. Madrid. Branco"},"content":{"rendered":"<p>Este cinzeiro de cer\u00e2mica de 10 cm \u00e9 uma pe\u00e7a singular que capta a ess\u00eancia da rica tradi\u00e7\u00e3o taurina madrilena. O seu design vibrante apresenta um mosaico colorido no interior, onde um majestoso touro se ergue em tons de verde, destacando-se com for\u00e7a no seu ambiente. Ao seu lado, um sol radiante em tons de vermelho e amarelo irradia energia, enquanto delicadas flores acrescentam um toque de frescura e vitalidade ao conjunto. A base branca do cinzeiro n\u00e3o s\u00f3 real\u00e7a a intensidade das cores, como tamb\u00e9m proporciona um elegante contraste, fazendo com que cada detalhe brilhe com autenticidade.<\/p>\n<p>O texto \u201cMADRID\u201d impresso na parte inferior refor\u00e7a o seu valor como souvenir representativo da capital espanhola, tornando este cinzeiro um artigo distintivo e atraente. Esta pe\u00e7a n\u00e3o \u00e9 apenas pr\u00e1tica, mas atua como uma recorda\u00e7\u00e3o tang\u00edvel da cultura e das tradi\u00e7\u00f5es de Madrid, especialmente da sua famosa afi\u00e7\u00e3o pelos touros. Na Ol\u00e9 Mosaic, especializamo-nos na distribui\u00e7\u00e3o de souvenirs por grosso, e este cinzeiro apresenta-se como uma excelente op\u00e7\u00e3o para lojas de presentes tur\u00edsticos que procuram oferecer aos seus clientes uma recorda\u00e7\u00e3o aut\u00eantica da sua visita a Espanha. Como grossistas de cer\u00e2mica, garantimos que cada pe\u00e7a reflete a rica heran\u00e7a cultural que caracteriza os nossos produtos, tornando-a um artigo indispens\u00e1vel para quem deseje levar um peda\u00e7o de Madrid.<\/p>\n","protected":false},"excerpt":{"rendered":"<p>Cinzeiro de cer\u00e2mica de 10 cm decorado com um vibrante design de touros, que representa a rica tradi\u00e7\u00e3o taurina de Madrid. No seu interior, um mosaico colorido mostra um touro em tons de verde e um sol radiante em vermelho e amarelo, tudo isto complementado com flores que lhe d\u00e3o um toque de frescura. A base branca real\u00e7a as cores, e na parte inferior, a inscri\u00e7\u00e3o &#8220;MADRID&#8221; torna-o um souvenir distintivo e atraente.<\/p>\n","protected":false},"featured_media":8598,"template":"","meta":{"_acf_changed":false},"product_brand":[],"product_cat":[564],"product_tag":[516,515],"class_list":{"0":"post-30871","1":"product","2":"type-product","3":"status-publish","4":"has-post-thumbnail","6":"product_cat-cinzeiros","7":"product_tag-animais","8":"product_tag-ceramica","9":"pa_ciudad-madrid","10":"pa_motivo-touros","11":"pa_pais-espana","13":"first","14":"instock","15":"shipping-taxable","16":"product-type-simple"},"acf":[],"_links":{"self":[{"href":"https:\/\/olemosaic.com\/pt-pt\/wp-json\/wp\/v2\/product\/30871","targetHints":{"allow":["GET"]}}],"collection":[{"href":"https:\/\/olemosaic.com\/pt-pt\/wp-json\/wp\/v2\/product"}],"about":[{"href":"https:\/\/olemosaic.com\/pt-pt\/wp-json\/wp\/v2\/types\/product"}],"wp:featuredmedia":[{"embeddable":true,"href":"https:\/\/olemosaic.com\/pt-pt\/wp-json\/wp\/v2\/media\/8598"}],"wp:attachment":[{"href":"https:\/\/olemosaic.com\/pt-pt\/wp-json\/wp\/v2\/media?parent=30871"}],"wp:term":[{"taxonomy":"product_brand","embeddable":true,"href":"https:\/\/olemosaic.com\/pt-pt\/wp-json\/wp\/v2\/product_brand?post=30871"},{"taxonomy":"product_cat","embeddable":true,"href":"https:\/\/olemosaic.com\/pt-pt\/wp-json\/wp\/v2\/product_cat?post=30871"},{"taxonomy":"product_tag","embeddable":true,"href":"https:\/\/olemosaic.com\/pt-pt\/wp-json\/wp\/v2\/product_tag?post=30871"}],"curies":[{"name":"wp","href":"https:\/\/api.w.org\/{rel}","templated":true}]}}