{"id":30870,"date":"2025-02-20T23:31:14","date_gmt":"2025-02-20T22:31:14","guid":{"rendered":"http:\/\/olemosaic.com\/producto\/cenicero-de-ceramica-de-10-cm-bogavante-blanco\/"},"modified":"2025-07-25T20:16:09","modified_gmt":"2025-07-25T18:16:09","slug":"cinzeiro-de-ceramica-de-10-cm-lavagante-branco","status":"publish","type":"product","link":"https:\/\/olemosaic.com\/pt-pt\/produto\/cinzeiro-de-ceramica-de-10-cm-lavagante-branco\/","title":{"rendered":"Cinzeiro de cer\u00e2mica de 10 cm. Lavagante. Branco"},"content":{"rendered":"<p>Este cinzeiro de cer\u00e2mica de 10 cm \u00e9 uma pe\u00e7a decorativa que capta a ess\u00eancia do folclore costeiro espanhol. Com um design circular e um acabamento brilhante, a sua superf\u00edcie est\u00e1 adornada com coloridos lavagantes, vibrantes em tons de vermelho e laranja, que parecem ganhar vida sobre um fundo azul de azulejos tradicionais. A cer\u00e2mica branca proporciona um contraste elegante, real\u00e7ando os detalhes pintados \u00e0 m\u00e3o que conferem um toque aut\u00eantico e \u00fanico a cada pe\u00e7a.<\/p>\n<p>Este cinzeiro inspira-se na rica fauna marinha das costas espanholas, tornando-o um souvenir ideal para os amantes do mar e da cultura mediterr\u00e2nica. Os lavagantes, s\u00edmbolos da gastronomia costeira, evocam a frescura e o sabor dos pratos t\u00edpicos da regi\u00e3o, o que faz deste artigo um elemento perfeito, n\u00e3o s\u00f3 para uso pessoal, mas tamb\u00e9m como decora\u00e7\u00e3o em qualquer casa.<\/p>\n<p>Como distribuidor de souvenirs por grosso, a Ol\u00e9 Mosaic oferece produtos que refletem a autenticidade e a riqueza da cultura espanhola. Este cinzeiro n\u00e3o s\u00f3 embelezar\u00e1 qualquer espa\u00e7o, como tamb\u00e9m servir\u00e1 como uma recorda\u00e7\u00e3o tang\u00edvel de uma experi\u00eancia costeira inesquec\u00edvel, tornando-o uma excelente ideia de presente para turistas que procuram uma recorda\u00e7\u00e3o aut\u00eantica da sua visita. Os souvenirs de cer\u00e2mica como este cinzeiro s\u00e3o um reflexo da tradi\u00e7\u00e3o artesanal espanhola, e a sua qualidade artesanal f\u00e1-lo-\u00e1 destacar-se em qualquer loja de presentes tur\u00edsticos.<\/p>\n","protected":false},"excerpt":{"rendered":"<p>Cinzeiro de cer\u00e2mica de 10 cm, decorado com coloridos lavagantes sobre um fundo de azulejos em tons de azul. Este elegante cinzeiro de design circular apresenta um acabamento brilhante e detalhes vibrantes, que real\u00e7am a fauna marinha. Com um atraente motivo cultural, \u00e9 ideal para quem procura uma recorda\u00e7\u00e3o representativa do folclore costeiro espanhol. O seu design artesanal, pintado \u00e0 m\u00e3o, torna-o uma pe\u00e7a \u00fanica e apelativa para qualquer casa.<\/p>\n","protected":false},"featured_media":9465,"template":"","meta":{"_acf_changed":false},"product_brand":[],"product_cat":[564],"product_tag":[516,515],"class_list":{"0":"post-30870","1":"product","2":"type-product","3":"status-publish","4":"has-post-thumbnail","6":"product_cat-cinzeiros","7":"product_tag-animais","8":"product_tag-ceramica","9":"pa_motivo-lavagantes","11":"first","12":"instock","13":"shipping-taxable","14":"product-type-simple"},"acf":[],"_links":{"self":[{"href":"https:\/\/olemosaic.com\/pt-pt\/wp-json\/wp\/v2\/product\/30870","targetHints":{"allow":["GET"]}}],"collection":[{"href":"https:\/\/olemosaic.com\/pt-pt\/wp-json\/wp\/v2\/product"}],"about":[{"href":"https:\/\/olemosaic.com\/pt-pt\/wp-json\/wp\/v2\/types\/product"}],"wp:featuredmedia":[{"embeddable":true,"href":"https:\/\/olemosaic.com\/pt-pt\/wp-json\/wp\/v2\/media\/9465"}],"wp:attachment":[{"href":"https:\/\/olemosaic.com\/pt-pt\/wp-json\/wp\/v2\/media?parent=30870"}],"wp:term":[{"taxonomy":"product_brand","embeddable":true,"href":"https:\/\/olemosaic.com\/pt-pt\/wp-json\/wp\/v2\/product_brand?post=30870"},{"taxonomy":"product_cat","embeddable":true,"href":"https:\/\/olemosaic.com\/pt-pt\/wp-json\/wp\/v2\/product_cat?post=30870"},{"taxonomy":"product_tag","embeddable":true,"href":"https:\/\/olemosaic.com\/pt-pt\/wp-json\/wp\/v2\/product_tag?post=30870"}],"curies":[{"name":"wp","href":"https:\/\/api.w.org\/{rel}","templated":true}]}}