{"id":30867,"date":"2025-02-20T22:31:13","date_gmt":"2025-02-20T22:31:13","guid":{"rendered":"http:\/\/olemosaic.com\/producto\/cenicero-de-ceramica-de-10-cm-salamandra-y-flores-barcelona-blanco\/"},"modified":"2025-07-25T18:40:58","modified_gmt":"2025-07-25T16:40:58","slug":"cinzeiro-de-ceramica-de-10-cm-salamandra-e-flores-barcelona-branco","status":"publish","type":"product","link":"https:\/\/olemosaic.com\/pt-pt\/produto\/cinzeiro-de-ceramica-de-10-cm-salamandra-e-flores-barcelona-branco\/","title":{"rendered":"Cinzeiro de cer\u00e2mica de 10 cm. Salamandra e flores. Barcelona. Branco"},"content":{"rendered":"<p>Este cinzeiro de cer\u00e2mica de 10 cm \u00e9 uma requintada pe\u00e7a decorativa inspirada na vibrante est\u00e9tica modernista de Barcelona. Com um acabamento branco que real\u00e7a a beleza do seu design, esta obra-prima artesanal est\u00e1 adornada com uma ilustra\u00e7\u00e3o de uma colorida salamandra, rodeada de flores em tons de vermelho, amarelo e azul que evocam a alegria e a arte caracter\u00edsticas da cidade. Os detalhes meticulosamente pintados apresentam uma t\u00e9cnica que recorda o famoso mosaico de Antoni Gaud\u00ed, conferindo um toque autenticamente barcelon\u00eas a qualquer espa\u00e7o.<\/p>\n<p>A salamandra, s\u00edmbolo de criatividade e transforma\u00e7\u00e3o, ganha vida num design animado que combina cores contrastantes para atrair o olhar, enquanto as flores que a acompanham acrescentam um ar fresco e alegre. Este cinzeiro n\u00e3o \u00e9 apenas funcional, mas tamb\u00e9m serve como uma atraente recorda\u00e7\u00e3o de Barcelona, encapsulando a ess\u00eancia art\u00edstica e cultural da regi\u00e3o.<\/p>\n<p>Na Ol\u00e9 Mosaic especializamo-nos na distribui\u00e7\u00e3o de recorda\u00e7\u00f5es por grosso, e este cinzeiro \u00e9 uma op\u00e7\u00e3o perfeita para lojas de presentes tur\u00edsticos que procuram artigos aut\u00eanticos que reflitam o legado art\u00edstico de Barcelona. Ideal para aqueles turistas que desejam levar uma recorda\u00e7\u00e3o \u00fanica da sua visita, este cinzeiro torna-se um objeto de conversa e uma recorda\u00e7\u00e3o constante do colorido ambiente catal\u00e3o.<\/p>\n","protected":false},"excerpt":{"rendered":"<p>Cinzeiro de cer\u00e2mica de 10 cm, decorado com uma colorida salamandra e flores, inspirado no modernismo barcelon\u00eas. Este elegante cinzeiro apresenta um acabamento branco e est\u00e1 adornado com motivos florais em tons de vermelho, amarelo e azul, al\u00e9m de uma salamandra minuciosamente ilustrada em cores vibrantes. Perfeito para evocar a beleza da cidade e adicionar um toque art\u00edstico a qualquer espa\u00e7o.<\/p>\n","protected":false},"featured_media":8073,"template":"","meta":{"_acf_changed":false},"product_brand":[],"product_cat":[564],"product_tag":[516,515],"class_list":{"0":"post-30867","1":"product","2":"type-product","3":"status-publish","4":"has-post-thumbnail","6":"product_cat-cinzeiros","7":"product_tag-animais","8":"product_tag-ceramica","9":"pa_ciudad-barcelona","10":"pa_motivo-salamandras","11":"pa_pais-espana","13":"first","14":"instock","15":"shipping-taxable","16":"product-type-simple"},"acf":[],"_links":{"self":[{"href":"https:\/\/olemosaic.com\/pt-pt\/wp-json\/wp\/v2\/product\/30867","targetHints":{"allow":["GET"]}}],"collection":[{"href":"https:\/\/olemosaic.com\/pt-pt\/wp-json\/wp\/v2\/product"}],"about":[{"href":"https:\/\/olemosaic.com\/pt-pt\/wp-json\/wp\/v2\/types\/product"}],"wp:featuredmedia":[{"embeddable":true,"href":"https:\/\/olemosaic.com\/pt-pt\/wp-json\/wp\/v2\/media\/8073"}],"wp:attachment":[{"href":"https:\/\/olemosaic.com\/pt-pt\/wp-json\/wp\/v2\/media?parent=30867"}],"wp:term":[{"taxonomy":"product_brand","embeddable":true,"href":"https:\/\/olemosaic.com\/pt-pt\/wp-json\/wp\/v2\/product_brand?post=30867"},{"taxonomy":"product_cat","embeddable":true,"href":"https:\/\/olemosaic.com\/pt-pt\/wp-json\/wp\/v2\/product_cat?post=30867"},{"taxonomy":"product_tag","embeddable":true,"href":"https:\/\/olemosaic.com\/pt-pt\/wp-json\/wp\/v2\/product_tag?post=30867"}],"curies":[{"name":"wp","href":"https:\/\/api.w.org\/{rel}","templated":true}]}}