{"id":30855,"date":"2025-02-20T22:31:13","date_gmt":"2025-02-20T22:31:13","guid":{"rendered":"http:\/\/olemosaic.com\/producto\/cenicero-de-ceramica-de-10-cm-patio-blanco-2\/"},"modified":"2025-07-25T18:38:34","modified_gmt":"2025-07-25T16:38:34","slug":"cinzeiro-de-ceramica-de-10-cm-patio-branco-2","status":"publish","type":"product","link":"https:\/\/olemosaic.com\/pt-pt\/produto\/cinzeiro-de-ceramica-de-10-cm-patio-branco-2\/","title":{"rendered":"Cinzeiro de cer\u00e2mica de 10 cm. P\u00e1tio. Branco"},"content":{"rendered":"<p>Este cinzeiro de cer\u00e2mica de 10 cm \u00e9 uma aut\u00eantica obra de arte que captura a ess\u00eancia vibrante do folclore espanhol, ideal como recorda\u00e7\u00e3o. O seu design apresenta uma encantadora cena de um p\u00e1tio andaluz, onde uma bailarina, vestida com um espetacular traje de folhos vermelhos, dan\u00e7a com gra\u00e7a. Ao seu lado, um bailarino com chap\u00e9u complementa a cena, ambos imersos num ambiente festivo e cheio de movimento. O fundo do cinzeiro, decorado com um mosaico em tons brancos, real\u00e7a a beleza dos detalhes, enquanto os vasos com ger\u00e2nios e uma t\u00edpica varanda com elegantes grades pretas conferem esse encanto caracter\u00edstico da cultura andaluza.<\/p>\n<p>Este cinzeiro n\u00e3o s\u00f3 \u00e9 um objeto funcional, como tamb\u00e9m representa uma recorda\u00e7\u00e3o significativa da rica heran\u00e7a cultural de Espanha, evocando imagens de festas tradicionais e alegrias partilhadas. A sua colorida ilustra\u00e7\u00e3o e o seu acabamento em cer\u00e2mica tornam-no um excelente presente para turistas que procuram recorda\u00e7\u00f5es aut\u00eanticas. Na Ol\u00e9 Mosaic, como grossista de recorda\u00e7\u00f5es, oferecemos uma ampla gama de artigos que celebram a cultura espanhola, e este cinzeiro \u00e9 uma op\u00e7\u00e3o perfeita para lojas de presentes que desejem oferecer produtos \u00fanicos e representativos do folclore da regi\u00e3o.<\/p>\n","protected":false},"excerpt":{"rendered":"<p>Cinzeiro de cer\u00e2mica de 10 cm, decorado com uma cena vibrante de um p\u00e1tio andaluz. Mostra uma bailarina com um traje de folhos vermelhos e um bailarino com chap\u00e9u, ambos em pleno movimento, rodeados de vasos com ger\u00e2nios e uma varanda t\u00edpica com grades pretas. O design inclui um fundo de mosaico em tons brancos e detalhes coloridos, o que o torna uma elegante e chamativa recorda\u00e7\u00e3o do folclore espanhol.<\/p>\n","protected":false},"featured_media":8411,"template":"","meta":{"_acf_changed":false},"product_brand":[],"product_cat":[564],"product_tag":[515],"class_list":{"0":"post-30855","1":"product","2":"type-product","3":"status-publish","4":"has-post-thumbnail","6":"product_cat-cinzeiros","7":"product_tag-ceramica","8":"pa_motivo-patios","10":"first","11":"instock","12":"shipping-taxable","13":"product-type-simple"},"acf":[],"_links":{"self":[{"href":"https:\/\/olemosaic.com\/pt-pt\/wp-json\/wp\/v2\/product\/30855","targetHints":{"allow":["GET"]}}],"collection":[{"href":"https:\/\/olemosaic.com\/pt-pt\/wp-json\/wp\/v2\/product"}],"about":[{"href":"https:\/\/olemosaic.com\/pt-pt\/wp-json\/wp\/v2\/types\/product"}],"wp:featuredmedia":[{"embeddable":true,"href":"https:\/\/olemosaic.com\/pt-pt\/wp-json\/wp\/v2\/media\/8411"}],"wp:attachment":[{"href":"https:\/\/olemosaic.com\/pt-pt\/wp-json\/wp\/v2\/media?parent=30855"}],"wp:term":[{"taxonomy":"product_brand","embeddable":true,"href":"https:\/\/olemosaic.com\/pt-pt\/wp-json\/wp\/v2\/product_brand?post=30855"},{"taxonomy":"product_cat","embeddable":true,"href":"https:\/\/olemosaic.com\/pt-pt\/wp-json\/wp\/v2\/product_cat?post=30855"},{"taxonomy":"product_tag","embeddable":true,"href":"https:\/\/olemosaic.com\/pt-pt\/wp-json\/wp\/v2\/product_tag?post=30855"}],"curies":[{"name":"wp","href":"https:\/\/api.w.org\/{rel}","templated":true}]}}