{"id":30854,"date":"2025-02-20T22:31:13","date_gmt":"2025-02-20T22:31:13","guid":{"rendered":"http:\/\/olemosaic.com\/producto\/cenicero-de-ceramica-de-10-cm-toros-sevilla-blanco\/"},"modified":"2025-07-25T18:55:59","modified_gmt":"2025-07-25T16:55:59","slug":"cinzeiro-de-ceramica-de-10-cm-touros-sevilha-branco","status":"publish","type":"product","link":"https:\/\/olemosaic.com\/pt-pt\/produto\/cinzeiro-de-ceramica-de-10-cm-touros-sevilha-branco\/","title":{"rendered":"Cinzeiro de cer\u00e2mica de 10 cm. Touros. Sevilha. Branco"},"content":{"rendered":"<p>Este cinzeiro de cer\u00e2mica de 10 cm \u00e9 uma aut\u00eantica joia decorativa que captura a ess\u00eancia da tradi\u00e7\u00e3o andaluza, com um vibrante design inspirado nos emblem\u00e1ticos touros de Sevilha. Com uma base branca que confere luminosidade, o interior apresenta um colorido mosaico que destaca um touro em tons chamativos de verde, vermelho e azul, evocando a paix\u00e3o e a arte do toureio, parte integrante da cultura espanhola. O touro est\u00e1 habilmente rodeado por um sol estilizado em tons quentes e flores, criando um ambiente alegre e festivo que real\u00e7a o car\u00e1cter art\u00edstico da pe\u00e7a.<\/p>\n<p>Al\u00e9m disso, o nome &#8220;Sevilla&#8221; est\u00e1 elegantemente escrito, adicionando um toque pessoal que o torna uma recorda\u00e7\u00e3o perfeita desta emblem\u00e1tica cidade. Este cinzeiro n\u00e3o s\u00f3 cumpre uma fun\u00e7\u00e3o pr\u00e1tica, como tamb\u00e9m serve como um excelente souvenir cultural que real\u00e7a a rica heran\u00e7a de Sevilha. Ideal para turistas e amantes da cultura, este artigo torna-se uma representa\u00e7\u00e3o tang\u00edvel da vibrante vida local.<\/p>\n<p>Na Ol\u00e9 Mosaic, orgulhamo-nos de oferecer artigos aut\u00eanticos por grosso, como este cinzeiro, que \u00e9 uma magn\u00edfica op\u00e7\u00e3o para lojas de presentes tur\u00edsticos em busca de produtos representativos da tradi\u00e7\u00e3o espanhola. O seu design art\u00edstico e o seu relevante significado cultural fazem deste cinzeiro um souvenir perfeito para levar um peda\u00e7o de Sevilha para casa.<\/p>\n","protected":false},"excerpt":{"rendered":"<p>Cinzeiro de cer\u00e2mica de 10 cm decorado com um vibrante design taurino, inspirado na tradi\u00e7\u00e3o sevilhana. Este colorido cinzeiro apresenta um touro com tons chamativos de verde, vermelho e azul, rodeado por um sol estilizado e flores, tudo com um acabamento em mosaico que real\u00e7a o seu car\u00e1cter art\u00edstico. A base branca e o texto &#8220;Sevilla&#8221; adicionam um toque pessoal, perfeito para quem aprecia a arte e a cultura espanhola.<\/p>\n","protected":false},"featured_media":8623,"template":"","meta":{"_acf_changed":false},"product_brand":[],"product_cat":[564],"product_tag":[516,515],"class_list":{"0":"post-30854","1":"product","2":"type-product","3":"status-publish","4":"has-post-thumbnail","6":"product_cat-cinzeiros","7":"product_tag-animais","8":"product_tag-ceramica","9":"pa_ciudad-sevilla","10":"pa_motivo-touros","11":"pa_pais-espana","13":"first","14":"instock","15":"shipping-taxable","16":"product-type-simple"},"acf":[],"_links":{"self":[{"href":"https:\/\/olemosaic.com\/pt-pt\/wp-json\/wp\/v2\/product\/30854","targetHints":{"allow":["GET"]}}],"collection":[{"href":"https:\/\/olemosaic.com\/pt-pt\/wp-json\/wp\/v2\/product"}],"about":[{"href":"https:\/\/olemosaic.com\/pt-pt\/wp-json\/wp\/v2\/types\/product"}],"wp:featuredmedia":[{"embeddable":true,"href":"https:\/\/olemosaic.com\/pt-pt\/wp-json\/wp\/v2\/media\/8623"}],"wp:attachment":[{"href":"https:\/\/olemosaic.com\/pt-pt\/wp-json\/wp\/v2\/media?parent=30854"}],"wp:term":[{"taxonomy":"product_brand","embeddable":true,"href":"https:\/\/olemosaic.com\/pt-pt\/wp-json\/wp\/v2\/product_brand?post=30854"},{"taxonomy":"product_cat","embeddable":true,"href":"https:\/\/olemosaic.com\/pt-pt\/wp-json\/wp\/v2\/product_cat?post=30854"},{"taxonomy":"product_tag","embeddable":true,"href":"https:\/\/olemosaic.com\/pt-pt\/wp-json\/wp\/v2\/product_tag?post=30854"}],"curies":[{"name":"wp","href":"https:\/\/api.w.org\/{rel}","templated":true}]}}