{"id":30853,"date":"2025-02-20T23:31:13","date_gmt":"2025-02-20T22:31:13","guid":{"rendered":"http:\/\/olemosaic.com\/producto\/cenicero-de-ceramica-de-10-cm-toros-blanco\/"},"modified":"2025-07-25T18:57:32","modified_gmt":"2025-07-25T16:57:32","slug":"cinzeiro-de-ceramica-de-10-cm-touros-branco","status":"publish","type":"product","link":"https:\/\/olemosaic.com\/pt-pt\/produto\/cinzeiro-de-ceramica-de-10-cm-touros-branco\/","title":{"rendered":"Cinzeiro de cer\u00e2mica de 10 cm. Touros. Branco"},"content":{"rendered":"<p>Este cinzeiro de cer\u00e2mica de 10 cm \u00e9 uma aut\u00eantica joia da cultura espanhola, perfeito para quem procura um souvenir representativo. Decorado com um vibrante mosaico, este elegante cinzeiro apresenta um majestoso touro e um radiante sol, que evocam a paix\u00e3o e o dinamismo do folclore espanhol. O touro, s\u00edmbolo de for\u00e7a e tradi\u00e7\u00e3o, est\u00e1 pintado com uma explos\u00e3o de cores, destacando tons verdes, vermelhos e azuis que d\u00e3o vida ao design. Ao seu lado, um sol vibrante, com as suas p\u00e9talas em tons chamativos de laranja e vermelho, confere um ar festivo, enquanto as delicadas flores na base adicionam um toque de natureza.<\/p>\n<p>A parte inferior do cinzeiro destaca a palavra &#8220;Espa\u00f1a&#8221;, refor\u00e7ando o seu valor cultural e tornando-o uma recorda\u00e7\u00e3o aut\u00eantica. A sua forma redonda e o acabamento brilhante n\u00e3o s\u00f3 o tornam atrativo \u00e0 vista, como tamb\u00e9m exemplificam o artesanato tradicional, tornando-o um excelente complemento para qualquer lar. Na Ol\u00e9 Mosaic, oferecemos este exclusivo cinzeiro como um souvenir de qualidade, ideal para turistas que querem levar um peda\u00e7o da rica heran\u00e7a cultural espanhola. Quer seja um distribuidor de souvenirs ou propriet\u00e1rio de uma loja de presentes tur\u00edsticos, este cinzeiro de cer\u00e2mica \u00e9 uma adi\u00e7\u00e3o \u00fanica e relevante que atrair\u00e1 quem procura autenticidade e tradi\u00e7\u00e3o nas suas compras.<\/p>\n","protected":false},"excerpt":{"rendered":"<p>Cinzeiro de cer\u00e2mica de 10 cm, decorado com um vibrante mosaico que representa um touro e um sol radiante. Este original cinzeiro, de design artesanal e pintado \u00e0 m\u00e3o, apresenta um design colorido com tons verdes, vermelhos e azuis, evocando a ess\u00eancia do folclore espanhol. Na parte inferior, l\u00ea-se a palavra &#8220;Espa\u00f1a&#8221;, adicionando um toque cultural. A sua elegante forma redonda e o seu acabamento brilhante tornam-no um atrativo souvenir que celebra a tradi\u00e7\u00e3o taurina.<\/p>\n","protected":false},"featured_media":8560,"template":"","meta":{"_acf_changed":false},"product_brand":[],"product_cat":[564],"product_tag":[516,515],"class_list":{"0":"post-30853","1":"product","2":"type-product","3":"status-publish","4":"has-post-thumbnail","6":"product_cat-cinzeiros","7":"product_tag-animais","8":"product_tag-ceramica","9":"pa_motivo-touros","11":"first","12":"instock","13":"shipping-taxable","14":"product-type-simple"},"acf":[],"_links":{"self":[{"href":"https:\/\/olemosaic.com\/pt-pt\/wp-json\/wp\/v2\/product\/30853","targetHints":{"allow":["GET"]}}],"collection":[{"href":"https:\/\/olemosaic.com\/pt-pt\/wp-json\/wp\/v2\/product"}],"about":[{"href":"https:\/\/olemosaic.com\/pt-pt\/wp-json\/wp\/v2\/types\/product"}],"wp:featuredmedia":[{"embeddable":true,"href":"https:\/\/olemosaic.com\/pt-pt\/wp-json\/wp\/v2\/media\/8560"}],"wp:attachment":[{"href":"https:\/\/olemosaic.com\/pt-pt\/wp-json\/wp\/v2\/media?parent=30853"}],"wp:term":[{"taxonomy":"product_brand","embeddable":true,"href":"https:\/\/olemosaic.com\/pt-pt\/wp-json\/wp\/v2\/product_brand?post=30853"},{"taxonomy":"product_cat","embeddable":true,"href":"https:\/\/olemosaic.com\/pt-pt\/wp-json\/wp\/v2\/product_cat?post=30853"},{"taxonomy":"product_tag","embeddable":true,"href":"https:\/\/olemosaic.com\/pt-pt\/wp-json\/wp\/v2\/product_tag?post=30853"}],"curies":[{"name":"wp","href":"https:\/\/api.w.org\/{rel}","templated":true}]}}