{"id":30852,"date":"2025-02-20T23:31:13","date_gmt":"2025-02-20T22:31:13","guid":{"rendered":"http:\/\/olemosaic.com\/producto\/cenicero-de-ceramica-de-10-cm-barcelona-blanco\/"},"modified":"2025-07-25T20:24:45","modified_gmt":"2025-07-25T18:24:45","slug":"cinzeiro-de-ceramica-de-10-cm-barcelona-branco","status":"publish","type":"product","link":"https:\/\/olemosaic.com\/pt-pt\/produto\/cinzeiro-de-ceramica-de-10-cm-barcelona-branco\/","title":{"rendered":"Cinzeiro de cer\u00e2mica de 10 cm. Barcelona. Branco"},"content":{"rendered":"<p>Este cinzeiro de cer\u00e2mica de 10 cm \u00e9 uma vibrante e colorida homenagem aos emblem\u00e1ticos monumentos de Barcelona, desenhado para capturar a ess\u00eancia \u00fanica desta fascinante cidade. Sobre um fundo branco que real\u00e7a cada detalhe, o cinzeiro apresenta uma ilustra\u00e7\u00e3o com efeito pintado \u00e0 m\u00e3o que inclui \u00edcones arquitet\u00f3nicos como a majestosa Sagrada Fam\u00edlia e o encantador Parque G\u00fcell, juntamente com outros monumentos que representam a rica heran\u00e7a cultural de Barcelona. A paleta de cores, repleta de matizes brilhantes e audazes, evoca a vitalidade e a criatividade que caracterizam a cidade, tornando este artigo algo mais do que um simples acess\u00f3rio decorativo: \u00e9 um s\u00edmbolo da arte e da arquitetura barcelonesa.<\/p>\n<p>Este cinzeiro n\u00e3o s\u00f3 \u00e9 funcional, como se torna uma recorda\u00e7\u00e3o tang\u00edvel da sua visita, encapsulando a beleza e a singularidade da cidade a cada olhar. Ideal como souvenir para quem deseja levar consigo um peda\u00e7o do encanto de Barcelona, \u00e9 uma excelente op\u00e7\u00e3o para as lojas de presentes tur\u00edsticos que procuram produtos aut\u00eanticos e atrativos. Na Ol\u00e9 Mosaic, distribuidores de souvenirs por grosso, este cinzeiro \u00e9 uma adi\u00e7\u00e3o perfeita a qualquer cole\u00e7\u00e3o, combinando arte, funcionalidade e simbolismo cultural numa s\u00f3 pe\u00e7a.<\/p>\n","protected":false},"excerpt":{"rendered":"<p>Cinzeiro de cer\u00e2mica de 10 cm, decorado com uma colorida representa\u00e7\u00e3o dos emblem\u00e1ticos monumentos de Barcelona. Este atrativo artigo apresenta um design artesanal, pintado \u00e0 m\u00e3o, que inclui a Sagrada Fam\u00edlia, o Park G\u00fcell e outros \u00edcones arquitet\u00f3nicos, tudo com uma vibrante paleta de cores que real\u00e7a a ess\u00eancia da cidade. O fundo branco enfatiza os detalhes art\u00edsticos, tornando-o um souvenir ideal para recordar a beleza de Barcelona.<\/p>\n","protected":false},"featured_media":9503,"template":"","meta":{"_acf_changed":false},"product_brand":[],"product_cat":[564],"product_tag":[515],"class_list":{"0":"post-30852","1":"product","2":"type-product","3":"status-publish","4":"has-post-thumbnail","6":"product_cat-cinzeiros","7":"product_tag-ceramica","8":"pa_ciudad-barcelona","9":"pa_pais-espana","11":"first","12":"instock","13":"shipping-taxable","14":"product-type-simple"},"acf":[],"_links":{"self":[{"href":"https:\/\/olemosaic.com\/pt-pt\/wp-json\/wp\/v2\/product\/30852","targetHints":{"allow":["GET"]}}],"collection":[{"href":"https:\/\/olemosaic.com\/pt-pt\/wp-json\/wp\/v2\/product"}],"about":[{"href":"https:\/\/olemosaic.com\/pt-pt\/wp-json\/wp\/v2\/types\/product"}],"wp:featuredmedia":[{"embeddable":true,"href":"https:\/\/olemosaic.com\/pt-pt\/wp-json\/wp\/v2\/media\/9503"}],"wp:attachment":[{"href":"https:\/\/olemosaic.com\/pt-pt\/wp-json\/wp\/v2\/media?parent=30852"}],"wp:term":[{"taxonomy":"product_brand","embeddable":true,"href":"https:\/\/olemosaic.com\/pt-pt\/wp-json\/wp\/v2\/product_brand?post=30852"},{"taxonomy":"product_cat","embeddable":true,"href":"https:\/\/olemosaic.com\/pt-pt\/wp-json\/wp\/v2\/product_cat?post=30852"},{"taxonomy":"product_tag","embeddable":true,"href":"https:\/\/olemosaic.com\/pt-pt\/wp-json\/wp\/v2\/product_tag?post=30852"}],"curies":[{"name":"wp","href":"https:\/\/api.w.org\/{rel}","templated":true}]}}