{"id":30821,"date":"2025-02-20T22:31:12","date_gmt":"2025-02-20T22:31:12","guid":{"rendered":"http:\/\/olemosaic.com\/producto\/cenicero-de-ceramica-de-10-cm-punt-de-trobada-barcelona-blanco\/"},"modified":"2025-07-25T18:38:45","modified_gmt":"2025-07-25T16:38:45","slug":"cinzeiro-de-ceramica-de-10-cm-punt-de-trobada-barcelona-branco","status":"publish","type":"product","link":"https:\/\/olemosaic.com\/pt-pt\/produto\/cinzeiro-de-ceramica-de-10-cm-punt-de-trobada-barcelona-branco\/","title":{"rendered":"Cinzeiro de cer\u00e2mica de 10 cm. Punt de trobada. Barcelona. Branco"},"content":{"rendered":"<p>Este cinzeiro de cer\u00e2mica de 10 cm \u00e9 uma recorda\u00e7\u00e3o sofisticada de Barcelona, decorado com o ic\u00f3nico design do &#8220;Punt de trobada&#8221;, que destaca o estilo \u00fanico da arquitetura modernista da cidade. O seu acabamento branco brilhante oferece um fundo limpo e elegante que emoldura perfeitamente o vibrante mosaico, o qual apresenta uma cativante combina\u00e7\u00e3o de tons vermelhos, azuis, verdes e amarelos, evocando a obra do c\u00e9lebre arquiteto Antoni Gaud\u00ed. A disposi\u00e7\u00e3o das pe\u00e7as no design reflete a criatividade e o esp\u00edrito art\u00edstico de Barcelona, convertendo este cinzeiro numa aut\u00eantica obra de arte.<\/p>\n<p>Al\u00e9m da sua funcionalidade, este cinzeiro torna-se um elemento decorativo ideal para quem deseje conferir um toque art\u00edstico \u00e0s suas casas. A liga\u00e7\u00e3o cultural com Barcelona \u00e9 ineg\u00e1vel; cada vez que se utiliza este artigo, recorda aos visitantes a beleza e a inova\u00e7\u00e3o do modernismo catal\u00e3o. Este cinzeiro n\u00e3o \u00e9 apenas um acess\u00f3rio pr\u00e1tico, mas tamb\u00e9m um s\u00edmbolo da rica heran\u00e7a cultural de Espanha. Na Ol\u00e9 Mosaic, oferecemos recorda\u00e7\u00f5es aut\u00eanticas que representam o melhor de cada regi\u00e3o, e este cinzeiro de Barcelona \u00e9 uma op\u00e7\u00e3o perfeita para lojas de presentes tur\u00edsticos que procuram oferecer produtos de qualidade e relev\u00e2ncia cultural. Como grossistas de cer\u00e2mica, garantimos a autenticidade e a aten\u00e7\u00e3o ao detalhe em cada uma das nossas pe\u00e7as.<\/p>\n","protected":false},"excerpt":{"rendered":"<p>Cinzeiro de cer\u00e2mica de 10 cm, decorado com o ic\u00f3nico design do &#8220;Punt de trobada&#8221; de Barcelona. Este elegante objeto apresenta um acabamento branco brilhante, real\u00e7ado com um mosaico colorido que inclui tons vermelhos, azuis, verdes e amarelos, evocando o estilo de Gaud\u00ed. Ideal para dar um toque art\u00edstico a qualquer espa\u00e7o, este cinzeiro \u00e9 uma recorda\u00e7\u00e3o perfeita para os amantes da arquitetura modernista da cidade.<\/p>\n","protected":false},"featured_media":9140,"template":"","meta":{"_acf_changed":false},"product_brand":[],"product_cat":[564],"product_tag":[515],"class_list":{"0":"post-30821","1":"product","2":"type-product","3":"status-publish","4":"has-post-thumbnail","6":"product_cat-cinzeiros","7":"product_tag-ceramica","8":"pa_ciudad-barcelona","9":"pa_motivo-punt-de-trobada","10":"pa_pais-espana","12":"first","13":"instock","14":"shipping-taxable","15":"product-type-simple"},"acf":[],"_links":{"self":[{"href":"https:\/\/olemosaic.com\/pt-pt\/wp-json\/wp\/v2\/product\/30821","targetHints":{"allow":["GET"]}}],"collection":[{"href":"https:\/\/olemosaic.com\/pt-pt\/wp-json\/wp\/v2\/product"}],"about":[{"href":"https:\/\/olemosaic.com\/pt-pt\/wp-json\/wp\/v2\/types\/product"}],"wp:featuredmedia":[{"embeddable":true,"href":"https:\/\/olemosaic.com\/pt-pt\/wp-json\/wp\/v2\/media\/9140"}],"wp:attachment":[{"href":"https:\/\/olemosaic.com\/pt-pt\/wp-json\/wp\/v2\/media?parent=30821"}],"wp:term":[{"taxonomy":"product_brand","embeddable":true,"href":"https:\/\/olemosaic.com\/pt-pt\/wp-json\/wp\/v2\/product_brand?post=30821"},{"taxonomy":"product_cat","embeddable":true,"href":"https:\/\/olemosaic.com\/pt-pt\/wp-json\/wp\/v2\/product_cat?post=30821"},{"taxonomy":"product_tag","embeddable":true,"href":"https:\/\/olemosaic.com\/pt-pt\/wp-json\/wp\/v2\/product_tag?post=30821"}],"curies":[{"name":"wp","href":"https:\/\/api.w.org\/{rel}","templated":true}]}}