{"id":30820,"date":"2025-02-20T22:31:12","date_gmt":"2025-02-20T22:31:12","guid":{"rendered":"http:\/\/olemosaic.com\/producto\/cenicero-de-ceramica-de-10-cm-malaga-blanco\/"},"modified":"2025-07-26T00:04:39","modified_gmt":"2025-07-25T22:04:39","slug":"cinzeiro-de-ceramica-de-10-cm-malaga-branco","status":"publish","type":"product","link":"https:\/\/olemosaic.com\/pt-pt\/produto\/cinzeiro-de-ceramica-de-10-cm-malaga-branco\/","title":{"rendered":"Cinzeiro de cer\u00e2mica de 10 cm. M\u00e1laga. Branco"},"content":{"rendered":"<p>Este cinzeiro de cer\u00e2mica de 10 cm \u00e9 uma recorda\u00e7\u00e3o aut\u00eantica e colorida da encantadora cidade de M\u00e1laga. Com um design vibrante e detalhado, este cinzeiro branco apresenta ilustra\u00e7\u00f5es de alguns dos monumentos mais emblem\u00e1ticos da cidade, como a majestosa catedral e o hist\u00f3rico castelo, capturando a ess\u00eancia cultural desta regi\u00e3o andaluza. As cores quentes e alegres que predominam no design n\u00e3o s\u00f3 tornam o objeto visualmente atraente, como tamb\u00e9m evocam as luzes e sombras da vida costeira malaguenha. Perfeitamente decorado, o cinzeiro inclui a palavra &#8220;M\u00c1LAGA&#8221; num estilo alegre e moderno, tornando-o um excelente artigo para quem deseja levar um peda\u00e7o desta cidade cheia de hist\u00f3ria e cultura.<\/p>\n<p>Este cinzeiro n\u00e3o \u00e9 apenas um acess\u00f3rio funcional, mas tamb\u00e9m serve como um elemento decorativo \u00fanico que pode embelezar qualquer espa\u00e7o. A sua liga\u00e7\u00e3o com o patrim\u00f3nio cultural de M\u00e1laga confere-lhe um valor especial, o que o torna um presente perfeito ou uma recorda\u00e7\u00e3o representativa para os turistas que procuram recordar a sua visita a esta maravilhosa cidade. Na Ol\u00e9 Mosaic, orgulhamo-nos de ser distribuidores de artigos aut\u00eanticos e oferecemos este precioso cinzeiro como parte da nossa sele\u00e7\u00e3o de recorda\u00e7\u00f5es de cer\u00e2mica de M\u00e1laga. \u00c9 ideal para lojas de presentes tur\u00edsticos que procuram produtos que realmente realcem o encanto e a tradi\u00e7\u00e3o locais.<\/p>\n","protected":false},"excerpt":{"rendered":"<p>Cinzeiro de cer\u00e2mica de 10 cm, decorado com uma colorida representa\u00e7\u00e3o da cidade de M\u00e1laga. Este elegante cinzeiro branco apresenta ilustra\u00e7\u00f5es de monumentos emblem\u00e1ticos, como a catedral e o castelo, tudo num estilo vibrante e detalhado. A combina\u00e7\u00e3o de cores quentes e o seu design atraente tornam-no uma excelente recorda\u00e7\u00e3o que captura a ess\u00eancia cultural desta maravilhosa cidade andaluza. Perfeito como lembran\u00e7a ou elemento decorativo.<\/p>\n","protected":false},"featured_media":10543,"template":"","meta":{"_acf_changed":false},"product_brand":[],"product_cat":[564],"product_tag":[515],"class_list":{"0":"post-30820","1":"product","2":"type-product","3":"status-publish","4":"has-post-thumbnail","6":"product_cat-cinzeiros","7":"product_tag-ceramica","8":"pa_ciudad-malaga","9":"pa_pais-espana","11":"first","12":"instock","13":"shipping-taxable","14":"product-type-simple"},"acf":[],"_links":{"self":[{"href":"https:\/\/olemosaic.com\/pt-pt\/wp-json\/wp\/v2\/product\/30820","targetHints":{"allow":["GET"]}}],"collection":[{"href":"https:\/\/olemosaic.com\/pt-pt\/wp-json\/wp\/v2\/product"}],"about":[{"href":"https:\/\/olemosaic.com\/pt-pt\/wp-json\/wp\/v2\/types\/product"}],"wp:featuredmedia":[{"embeddable":true,"href":"https:\/\/olemosaic.com\/pt-pt\/wp-json\/wp\/v2\/media\/10543"}],"wp:attachment":[{"href":"https:\/\/olemosaic.com\/pt-pt\/wp-json\/wp\/v2\/media?parent=30820"}],"wp:term":[{"taxonomy":"product_brand","embeddable":true,"href":"https:\/\/olemosaic.com\/pt-pt\/wp-json\/wp\/v2\/product_brand?post=30820"},{"taxonomy":"product_cat","embeddable":true,"href":"https:\/\/olemosaic.com\/pt-pt\/wp-json\/wp\/v2\/product_cat?post=30820"},{"taxonomy":"product_tag","embeddable":true,"href":"https:\/\/olemosaic.com\/pt-pt\/wp-json\/wp\/v2\/product_tag?post=30820"}],"curies":[{"name":"wp","href":"https:\/\/api.w.org\/{rel}","templated":true}]}}