{"id":30819,"date":"2025-02-20T22:31:12","date_gmt":"2025-02-20T22:31:12","guid":{"rendered":"http:\/\/olemosaic.com\/producto\/cenicero-de-ceramica-de-10-cm-barcelona-azul\/"},"modified":"2025-07-25T18:33:33","modified_gmt":"2025-07-25T16:33:33","slug":"cinzeiro-de-ceramica-de-10-cm-barcelona-azul","status":"publish","type":"product","link":"https:\/\/olemosaic.com\/pt-pt\/produto\/cinzeiro-de-ceramica-de-10-cm-barcelona-azul\/","title":{"rendered":"Cinzeiro de cer\u00e2mica de 10 cm. Barcelona. Azul."},"content":{"rendered":"<p>Este cinzeiro de cer\u00e2mica de 10 cm \u00e9 uma recorda\u00e7\u00e3o maravilhosa de Barcelona, ideal para quem deseja levar um peda\u00e7o da vibrante cultura catal\u00e3. O seu design destaca-se por um fundo azul que evoca os caracter\u00edsticos mosaicos de Gaud\u00ed, incorporando de forma colorida e art\u00edstica os monumentos mais emblem\u00e1ticos da cidade, como a ic\u00f3nica Sagrada Fam\u00edlia.<\/p>\n<p>A cer\u00e2mica com que \u00e9 feito este cinzeiro n\u00e3o \u00e9 apenas robusta e funcional, mas tamb\u00e9m atua como uma pe\u00e7a decorativa que pode embelezar qualquer espa\u00e7o. Os intrincados detalhes dos monumentos, com as suas nuances vivas e um estilo particular, transport\u00e1-lo-\u00e3o para as ruas de Barcelona cada vez que o vir. Este cinzeiro \u00e9 perfeito para o uso quotidiano, mas tamb\u00e9m como objeto ornamental que reflete a riqueza do patrim\u00f3nio arquitet\u00f3nico da cidade.<\/p>\n<p>Com o seu design que mistura arte e utilidade, \u00e9 uma recorda\u00e7\u00e3o excecional para turistas que procuram uma liga\u00e7\u00e3o aut\u00eantica com Barcelona. Na Ol\u00e9 Mosaic, especializamo-nos na distribui\u00e7\u00e3o de recorda\u00e7\u00f5es de alta qualidade, e este cinzeiro de Barcelona \u00e9 uma excelente op\u00e7\u00e3o para lojas de presentes tur\u00edsticos que procuram produtos distintivos e culturais. Como grossistas de recorda\u00e7\u00f5es, garantimos autenticidade e estilo em cada pe\u00e7a.<\/p>\n","protected":false},"excerpt":{"rendered":"<p>Cinzeiro de cer\u00e2mica de 10 cm decorado com um design vibrante que representa os monumentos mais emblem\u00e1ticos de Barcelona. Sobre um fundo azul, a pe\u00e7a destaca a Sagrada Fam\u00edlia e outros elementos arquitet\u00f3nicos ic\u00f3nicos, tudo isto plasmado num estilo colorido que evoca os famosos mosaicos de Gaud\u00ed. Este cinzeiro \u00e9 funcional e decorativo ao mesmo tempo, ideal para adicionar um toque art\u00edstico e cultural a qualquer espa\u00e7o.<\/p>\n","protected":false},"featured_media":12094,"template":"","meta":{"_acf_changed":false},"product_brand":[],"product_cat":[564],"product_tag":[515],"class_list":{"0":"post-30819","1":"product","2":"type-product","3":"status-publish","4":"has-post-thumbnail","6":"product_cat-cinzeiros","7":"product_tag-ceramica","8":"pa_ciudad-barcelona","9":"pa_pais-espana","11":"first","12":"instock","13":"shipping-taxable","14":"product-type-simple"},"acf":[],"_links":{"self":[{"href":"https:\/\/olemosaic.com\/pt-pt\/wp-json\/wp\/v2\/product\/30819","targetHints":{"allow":["GET"]}}],"collection":[{"href":"https:\/\/olemosaic.com\/pt-pt\/wp-json\/wp\/v2\/product"}],"about":[{"href":"https:\/\/olemosaic.com\/pt-pt\/wp-json\/wp\/v2\/types\/product"}],"wp:featuredmedia":[{"embeddable":true,"href":"https:\/\/olemosaic.com\/pt-pt\/wp-json\/wp\/v2\/media\/12094"}],"wp:attachment":[{"href":"https:\/\/olemosaic.com\/pt-pt\/wp-json\/wp\/v2\/media?parent=30819"}],"wp:term":[{"taxonomy":"product_brand","embeddable":true,"href":"https:\/\/olemosaic.com\/pt-pt\/wp-json\/wp\/v2\/product_brand?post=30819"},{"taxonomy":"product_cat","embeddable":true,"href":"https:\/\/olemosaic.com\/pt-pt\/wp-json\/wp\/v2\/product_cat?post=30819"},{"taxonomy":"product_tag","embeddable":true,"href":"https:\/\/olemosaic.com\/pt-pt\/wp-json\/wp\/v2\/product_tag?post=30819"}],"curies":[{"name":"wp","href":"https:\/\/api.w.org\/{rel}","templated":true}]}}