{"id":30818,"date":"2025-02-20T23:31:12","date_gmt":"2025-02-20T22:31:12","guid":{"rendered":"http:\/\/olemosaic.com\/producto\/cenicero-de-ceramica-de-10-cm-patio-madrid-blanco\/"},"modified":"2025-07-25T18:37:51","modified_gmt":"2025-07-25T16:37:51","slug":"cinzeiro-de-ceramica-de-10-cm-patio-madrid-branco","status":"publish","type":"product","link":"https:\/\/olemosaic.com\/pt-pt\/produto\/cinzeiro-de-ceramica-de-10-cm-patio-madrid-branco\/","title":{"rendered":"Cinzeiro de cer\u00e2mica de 10 cm. P\u00e1tio. Madrid. Branco"},"content":{"rendered":"<p>Este cinzeiro de cer\u00e2mica de 10 cm \u00e9 uma recorda\u00e7\u00e3o encantadora de Madrid, desenhado para capturar a ess\u00eancia vibrante do flamenco. A pe\u00e7a, elaborada com meticulosa aten\u00e7\u00e3o ao detalhe, apresenta uma ilustra\u00e7\u00e3o com efeito pintado \u00e0 m\u00e3o que representa uma bailarina vestida de vermelho intenso com folhos e um bailarino com um elegante fato preto, fundindo a tradi\u00e7\u00e3o art\u00edstica e cultural de Espanha. O cen\u00e1rio, situado num colorido p\u00e1tio adornado com flores, evoca o calor e a alegria t\u00edpicos da vida madrilena. A brilhante paleta de cores, juntamente com o acabamento polido da cer\u00e2mica, n\u00e3o s\u00f3 real\u00e7a a imagem dos bailarinos, como tamb\u00e9m destaca a palavra &#8220;MADRID&#8221;, acrescentando um toque distintivo \u00e0 decora\u00e7\u00e3o. Este cinzeiro n\u00e3o s\u00f3 cumpre uma fun\u00e7\u00e3o pr\u00e1tica, como tamb\u00e9m se ergue como uma aut\u00eantica pe\u00e7a de arte que reflete a rica cultura flamenca da capital espanhola. Ideal como recorda\u00e7\u00e3o ou elemento decorativo, este cinzeiro \u00e9 perfeito para turistas que procuram uma lembran\u00e7a da sua viagem a Madrid. Na Ol\u00e9 Mosaic, somos distribuidores grossistas de artigos aut\u00eanticos que celebram a cultura espanhola, e este cinzeiro de cer\u00e2mica \u00e9 uma excelente op\u00e7\u00e3o para lojas de recorda\u00e7\u00f5es que queiram oferecer produtos significativos e de qualidade.<\/p>\n","protected":false},"excerpt":{"rendered":"<p>Cinzeiro de cer\u00e2mica de 10 cm, inspirado no vibrante ambiente flamenco de Madrid. Este atraente cinzeiro apresenta uma ilustra\u00e7\u00e3o de design artesanal, pintada \u00e0 m\u00e3o, de um par de bailarinos: a bailarina, vestida de vermelho, e o bailarino, com um elegante fato preto, num p\u00e1tio colorido adornado com flores. Os detalhes da cer\u00e2mica refletem o encanto arquitet\u00f3nico da cidade, com uma paleta de cores brilhantes e um acabamento brilhante que destaca a palavra &#8220;MADRID&#8221;. Ideal como recorda\u00e7\u00e3o ou para decorar com um toque cultural.<\/p>\n","protected":false},"featured_media":7970,"template":"","meta":{"_acf_changed":false},"product_brand":[],"product_cat":[564],"product_tag":[515],"class_list":{"0":"post-30818","1":"product","2":"type-product","3":"status-publish","4":"has-post-thumbnail","6":"product_cat-cinzeiros","7":"product_tag-ceramica","8":"pa_ciudad-madrid","9":"pa_motivo-patios","10":"pa_pais-espana","12":"first","13":"instock","14":"shipping-taxable","15":"product-type-simple"},"acf":[],"_links":{"self":[{"href":"https:\/\/olemosaic.com\/pt-pt\/wp-json\/wp\/v2\/product\/30818","targetHints":{"allow":["GET"]}}],"collection":[{"href":"https:\/\/olemosaic.com\/pt-pt\/wp-json\/wp\/v2\/product"}],"about":[{"href":"https:\/\/olemosaic.com\/pt-pt\/wp-json\/wp\/v2\/types\/product"}],"wp:featuredmedia":[{"embeddable":true,"href":"https:\/\/olemosaic.com\/pt-pt\/wp-json\/wp\/v2\/media\/7970"}],"wp:attachment":[{"href":"https:\/\/olemosaic.com\/pt-pt\/wp-json\/wp\/v2\/media?parent=30818"}],"wp:term":[{"taxonomy":"product_brand","embeddable":true,"href":"https:\/\/olemosaic.com\/pt-pt\/wp-json\/wp\/v2\/product_brand?post=30818"},{"taxonomy":"product_cat","embeddable":true,"href":"https:\/\/olemosaic.com\/pt-pt\/wp-json\/wp\/v2\/product_cat?post=30818"},{"taxonomy":"product_tag","embeddable":true,"href":"https:\/\/olemosaic.com\/pt-pt\/wp-json\/wp\/v2\/product_tag?post=30818"}],"curies":[{"name":"wp","href":"https:\/\/api.w.org\/{rel}","templated":true}]}}