{"id":30791,"date":"2025-02-20T23:31:10","date_gmt":"2025-02-20T22:31:10","guid":{"rendered":"http:\/\/olemosaic.com\/producto\/bol-de-coco-rojo-sagrada-familia-barcelona-3\/"},"modified":"2025-07-25T19:52:35","modified_gmt":"2025-07-25T17:52:35","slug":"taca-de-coco-vermelha-sagrada-familia-barcelona-3","status":"publish","type":"product","link":"https:\/\/olemosaic.com\/pt-pt\/produto\/taca-de-coco-vermelha-sagrada-familia-barcelona-3\/","title":{"rendered":"Ta\u00e7a de coco vermelha. Sagrada Fam\u00edlia. Arquitetura. Barcelona."},"content":{"rendered":"<p>Esta ta\u00e7a de coco vermelha, inspirada na emblem\u00e1tica Sagrada Fam\u00edlia de Barcelona, \u00e9 uma aut\u00eantica obra de arte que acrescentar\u00e1 cor e um toque cultural a qualquer lar. Fabricada em coco, o seu vibrante interior, de um intenso tom vermelho, est\u00e1 decorado com um design gr\u00e1fico que real\u00e7a a ic\u00f3nica silhueta da famosa bas\u00edlica, capturando a ess\u00eancia arquitet\u00f3nica de Antoni Gaud\u00ed. A borda da ta\u00e7a \u00e9 adornada com uma moldura em tons claros, conferindo um elegante contraste que real\u00e7a o seu acabamento distintivo.<\/p>\n<p>Ideal tanto para decorar como para um uso di\u00e1rio, esta ta\u00e7a representa mais do que um simples objeto: \u00e9 uma recorda\u00e7\u00e3o significativa da rica cultura catal\u00e3 e de um dos monumentos mais visitados de Espanha. A Sagrada Fam\u00edlia, um s\u00edmbolo de Barcelona, \u00e9 considerada uma das obras-primas do modernismo, e esta ta\u00e7a permite levar um pedacinho dessa hist\u00f3ria e beleza para casa.<\/p>\n<p>Na Ol\u00e9 Mosaic, especializamo-nos na distribui\u00e7\u00e3o de souvenirs por grosso, e esta ta\u00e7a de coco \u00e9 uma op\u00e7\u00e3o excecional para lojas de presentes tur\u00edsticos que procuram oferecer produtos aut\u00eanticos e representativos da sua regi\u00e3o. Confere eleg\u00e2ncia e culturalidade \u00e0 sua cole\u00e7\u00e3o de souvenirs, sendo uma excelente escolha para os turistas que desejam recordar a sua visita a Barcelona.<\/p>\n","protected":false},"excerpt":{"rendered":"<p>Ta\u00e7a de coco vermelha inspirada na emblem\u00e1tica Sagrada Fam\u00edlia de Barcelona. Esta elegante ta\u00e7a, fabricada em coco, apresenta um vibrante interior vermelho decorado com um design gr\u00e1fico que reproduz a silhueta da famosa bas\u00edlica. A borda, em tons claros, real\u00e7a o acabamento. Ideal para acrescentar um toque de cor e cultura catal\u00e3 ao seu lar, combinando funcionalidade e arte numa pe\u00e7a \u00fanica.<\/p>\n","protected":false},"featured_media":12021,"template":"","meta":{"_acf_changed":false},"product_brand":[],"product_cat":[513],"product_tag":[],"class_list":{"0":"post-30791","1":"product","2":"type-product","3":"status-publish","4":"has-post-thumbnail","6":"product_cat-bols","7":"pa_ciudad-barcelona","8":"pa_motivo-sagrada-familia","9":"pa_pais-espana","11":"first","12":"instock","13":"shipping-taxable","14":"product-type-simple"},"acf":[],"_links":{"self":[{"href":"https:\/\/olemosaic.com\/pt-pt\/wp-json\/wp\/v2\/product\/30791","targetHints":{"allow":["GET"]}}],"collection":[{"href":"https:\/\/olemosaic.com\/pt-pt\/wp-json\/wp\/v2\/product"}],"about":[{"href":"https:\/\/olemosaic.com\/pt-pt\/wp-json\/wp\/v2\/types\/product"}],"wp:featuredmedia":[{"embeddable":true,"href":"https:\/\/olemosaic.com\/pt-pt\/wp-json\/wp\/v2\/media\/12021"}],"wp:attachment":[{"href":"https:\/\/olemosaic.com\/pt-pt\/wp-json\/wp\/v2\/media?parent=30791"}],"wp:term":[{"taxonomy":"product_brand","embeddable":true,"href":"https:\/\/olemosaic.com\/pt-pt\/wp-json\/wp\/v2\/product_brand?post=30791"},{"taxonomy":"product_cat","embeddable":true,"href":"https:\/\/olemosaic.com\/pt-pt\/wp-json\/wp\/v2\/product_cat?post=30791"},{"taxonomy":"product_tag","embeddable":true,"href":"https:\/\/olemosaic.com\/pt-pt\/wp-json\/wp\/v2\/product_tag?post=30791"}],"curies":[{"name":"wp","href":"https:\/\/api.w.org\/{rel}","templated":true}]}}