{"id":30790,"date":"2025-02-20T22:31:10","date_gmt":"2025-02-20T22:31:10","guid":{"rendered":"http:\/\/olemosaic.com\/producto\/bol-de-coco-rojo-mallorca\/"},"modified":"2025-07-25T20:39:42","modified_gmt":"2025-07-25T18:39:42","slug":"taca-de-coco-vermelha-maiorca","status":"publish","type":"product","link":"https:\/\/olemosaic.com\/pt-pt\/produto\/taca-de-coco-vermelha-maiorca\/","title":{"rendered":"Ta\u00e7a de coco vermelha. Maiorca."},"content":{"rendered":"<p>Esta ta\u00e7a de coco vermelha, elaborada artesanalmente em Maiorca, \u00e9 uma pe\u00e7a que funde design e tradi\u00e7\u00e3o. O seu vibrante interior, em tons avermelhados e decorado com finos detalhes dourados, oferece um efeito visual cativante que evoca o calor e a alegria do Mediterr\u00e2neo. A superf\u00edcie apresenta um acabamento texturizado que recorda as ondas do mar, tornando-a numa obra de arte que captura a ess\u00eancia da ilha. No centro da ta\u00e7a, a inscri\u00e7\u00e3o &#8220;MAIORCA&#8221; acrescenta um toque distintivo e real\u00e7a a sua origem. Esta ta\u00e7a n\u00e3o \u00e9 apenas um acess\u00f3rio decorativo, mas tamb\u00e9m \u00e9 perfeita para servir aperitivos ou como elemento atraente em qualquer mesa. A autenticidade deste produto reside no seu fabrico manual, no uso de materiais naturais e na sua profunda liga\u00e7\u00e3o com a rica cultura balear. Na Ol\u00e9 Mosaic orgulhamo-nos de oferecer esta ta\u00e7a de coco como recorda\u00e7\u00e3o representativa, ideal para turistas que procuram levar um peda\u00e7o de Maiorca. \u00c9 uma excelente op\u00e7\u00e3o para lojas de presentes tur\u00edsticos que procuram souvenirs \u00fanicos e culturais, destacando-se pela sua beleza e funcionalidade. Como grossistas de souvenirs, garantimos que cada ta\u00e7a oferece a qualidade e o design que os seus clientes apreciar\u00e3o.<\/p>\n","protected":false},"excerpt":{"rendered":"<p>Ta\u00e7a de coco vermelha artesanal de Maiorca, elaborada com cascas de coco. Esta atraente ta\u00e7a apresenta um vibrante design em tons vermelhos e detalhes dourados, criando um efeito visual \u00fanico que evoca o calor do Mediterr\u00e2neo. No seu interior, exibe a inscri\u00e7\u00e3o \u00abMAIORCA\u00bb, um toque distintivo. Ideal para decorar ou servir, este produto combina est\u00e9tica e funcionalidade, e real\u00e7a a riqueza cultural das Ilhas Baleares.<\/p>\n","protected":false},"featured_media":10097,"template":"","meta":{"_acf_changed":false},"product_brand":[],"product_cat":[513],"product_tag":[],"class_list":{"0":"post-30790","1":"product","2":"type-product","3":"status-publish","4":"has-post-thumbnail","6":"product_cat-bols","7":"pa_ciudad-mallorca","8":"pa_pais-espana","10":"first","11":"instock","12":"shipping-taxable","13":"product-type-simple"},"acf":[],"_links":{"self":[{"href":"https:\/\/olemosaic.com\/pt-pt\/wp-json\/wp\/v2\/product\/30790","targetHints":{"allow":["GET"]}}],"collection":[{"href":"https:\/\/olemosaic.com\/pt-pt\/wp-json\/wp\/v2\/product"}],"about":[{"href":"https:\/\/olemosaic.com\/pt-pt\/wp-json\/wp\/v2\/types\/product"}],"wp:featuredmedia":[{"embeddable":true,"href":"https:\/\/olemosaic.com\/pt-pt\/wp-json\/wp\/v2\/media\/10097"}],"wp:attachment":[{"href":"https:\/\/olemosaic.com\/pt-pt\/wp-json\/wp\/v2\/media?parent=30790"}],"wp:term":[{"taxonomy":"product_brand","embeddable":true,"href":"https:\/\/olemosaic.com\/pt-pt\/wp-json\/wp\/v2\/product_brand?post=30790"},{"taxonomy":"product_cat","embeddable":true,"href":"https:\/\/olemosaic.com\/pt-pt\/wp-json\/wp\/v2\/product_cat?post=30790"},{"taxonomy":"product_tag","embeddable":true,"href":"https:\/\/olemosaic.com\/pt-pt\/wp-json\/wp\/v2\/product_tag?post=30790"}],"curies":[{"name":"wp","href":"https:\/\/api.w.org\/{rel}","templated":true}]}}