{"id":30789,"date":"2025-02-20T22:31:09","date_gmt":"2025-02-20T22:31:09","guid":{"rendered":"http:\/\/olemosaic.com\/producto\/bol-de-coco-rojo-tortuga-menorca\/"},"modified":"2025-07-25T18:43:56","modified_gmt":"2025-07-25T16:43:56","slug":"taca-de-coco-vermelha-tartaruga-menorca","status":"publish","type":"product","link":"https:\/\/olemosaic.com\/pt-pt\/produto\/taca-de-coco-vermelha-tartaruga-menorca\/","title":{"rendered":"Ta\u00e7a de coco vermelha. Tartaruga. Menorca."},"content":{"rendered":"<p>Esta ta\u00e7a de coco vermelha, feita \u00e0 m\u00e3o, \u00e9 um exemplo requintado do artesanato de Menorca, que reflete a beleza da sua natureza e fauna. O seu design encantador apresenta uma elegante tartaruga, s\u00edmbolo da vida marinha da ilha, sobre um fundo de tons suaves, criando um contraste harm\u00f3nico. Os detalhes vermelhos que adornam a borda da ta\u00e7a acrescentam um toque vibrante \u00e0 pe\u00e7a, tornando-a num objeto utilit\u00e1rio e, ao mesmo tempo, decorativo, capaz de captar a aten\u00e7\u00e3o em qualquer ambiente.<\/p>\n<p>A t\u00e9cnica artesanal empregue para criar esta ta\u00e7a de casca de coco manifesta a dedica\u00e7\u00e3o e o cuidado dedicado a cada detalhe, evocando a rica tradi\u00e7\u00e3o artesanal de Menorca. Esta ta\u00e7a \u00e9 ideal tanto para servir aperitivos como para adornar prateleiras e mesas, conferindo um ar de autenticidade e car\u00e1cter local. Como presente simb\u00f3lico, representa um pedacinho de Menorca, o que a torna num souvenir perfeito para quem deseje levar uma recorda\u00e7\u00e3o significativa da sua visita.<\/p>\n<p>Na Ol\u00e9 Mosaic especializamo-nos na distribui\u00e7\u00e3o de souvenirs por grosso, e esta ta\u00e7a de coco vermelha \u00e9 uma excelente op\u00e7\u00e3o para as lojas de presentes tur\u00edsticos que procuram produtos aut\u00eanticos e representativos da cultura de Menorca. Ao escolher esta ta\u00e7a, os turistas n\u00e3o s\u00f3 adquirem um objeto decorativo, como tamb\u00e9m levam consigo um peda\u00e7o da hist\u00f3ria e da beleza de Menorca.<\/p>\n","protected":false},"excerpt":{"rendered":"<p>Ta\u00e7a de coco vermelha feita \u00e0 m\u00e3o, inspirada na fauna de Menorca. O seu design apresenta uma elegante tartaruga sobre um fundo de tons suaves, com detalhes em vermelho que adornam a borda. Elaborada com casca de coco, este produto destaca-se pela sua t\u00e9cnica artesanal e pelos motivos que evocam a beleza natural da ilha. Ideal como elemento decorativo ou para servir aperitivos, traz consigo um pedacinho de Menorca.<\/p>\n","protected":false},"featured_media":11914,"template":"","meta":{"_acf_changed":false},"product_brand":[],"product_cat":[513],"product_tag":[516],"class_list":{"0":"post-30789","1":"product","2":"type-product","3":"status-publish","4":"has-post-thumbnail","6":"product_cat-bols","7":"product_tag-animais","8":"pa_ciudad-menorca","9":"pa_motivo-tartarugas","10":"pa_pais-espana","12":"first","13":"instock","14":"shipping-taxable","15":"product-type-simple"},"acf":[],"_links":{"self":[{"href":"https:\/\/olemosaic.com\/pt-pt\/wp-json\/wp\/v2\/product\/30789","targetHints":{"allow":["GET"]}}],"collection":[{"href":"https:\/\/olemosaic.com\/pt-pt\/wp-json\/wp\/v2\/product"}],"about":[{"href":"https:\/\/olemosaic.com\/pt-pt\/wp-json\/wp\/v2\/types\/product"}],"wp:featuredmedia":[{"embeddable":true,"href":"https:\/\/olemosaic.com\/pt-pt\/wp-json\/wp\/v2\/media\/11914"}],"wp:attachment":[{"href":"https:\/\/olemosaic.com\/pt-pt\/wp-json\/wp\/v2\/media?parent=30789"}],"wp:term":[{"taxonomy":"product_brand","embeddable":true,"href":"https:\/\/olemosaic.com\/pt-pt\/wp-json\/wp\/v2\/product_brand?post=30789"},{"taxonomy":"product_cat","embeddable":true,"href":"https:\/\/olemosaic.com\/pt-pt\/wp-json\/wp\/v2\/product_cat?post=30789"},{"taxonomy":"product_tag","embeddable":true,"href":"https:\/\/olemosaic.com\/pt-pt\/wp-json\/wp\/v2\/product_tag?post=30789"}],"curies":[{"name":"wp","href":"https:\/\/api.w.org\/{rel}","templated":true}]}}