{"id":30788,"date":"2025-02-20T23:31:09","date_gmt":"2025-02-20T22:31:09","guid":{"rendered":"http:\/\/olemosaic.com\/producto\/bol-de-coco-rojo-tortuga-barcelona-4\/"},"modified":"2025-07-25T20:28:01","modified_gmt":"2025-07-25T18:28:01","slug":"taca-de-coco-vermelha-tartaruga-barcelona-4","status":"publish","type":"product","link":"https:\/\/olemosaic.com\/pt-pt\/produto\/taca-de-coco-vermelha-tartaruga-barcelona-4\/","title":{"rendered":"Ta\u00e7a de coco vermelha. Tartaruga. Vermelho e dourado. Barcelona."},"content":{"rendered":"<p>Esta ta\u00e7a de coco vermelha, adornada com um encantador motivo de tartaruga, \u00e9 uma requintada recorda\u00e7\u00e3o que captura a vibrante ess\u00eancia de Barcelona. Elaborada artesanalmente, a sua superf\u00edcie brilhante aparenta estar pintada \u00e0 m\u00e3o em cativantes tons vermelhos e dourados, criando uma pe\u00e7a \u00fanica que n\u00e3o s\u00f3 serve como acess\u00f3rio decorativo, mas que tamb\u00e9m reflete a rica cultura mediterr\u00e2nica da cidade. A tartaruga, s\u00edmbolo de longevidade, paz e sabedoria, encontra-se elegantemente situada no centro da ta\u00e7a, juntamente com a inscri\u00e7\u00e3o &#8220;Barcelona&#8221;, o que a torna numa recorda\u00e7\u00e3o ideal para aqueles que desejam levar consigo um peda\u00e7o desta magn\u00edfica cidade.<\/p>\n<p>O design da rede que adorna o interior da ta\u00e7a real\u00e7a a sua forma org\u00e2nica, acrescentando uma dimens\u00e3o art\u00edstica que embeleza qualquer espa\u00e7o. Esta ta\u00e7a \u00e9 perfeita tanto para uso decorativo como para ser utilizada no lar, seja como centro de mesa ou para guardar pequenos objetos. Na Ol\u00e9 Mosaic, especializamo-nos na distribui\u00e7\u00e3o de recorda\u00e7\u00f5es aut\u00eanticas por grosso, e esta ta\u00e7a de coco vermelha afirma-se como um magn\u00edfico exemplo do artesanato local, ideal para lojas de presentes tur\u00edsticos que procuram produtos distintivos e relevantes. Como grossistas de souvenirs, garantimos a qualidade e autenticidade da nossa variedade de produtos que celebram a rica heran\u00e7a de Barcelona e Espanha.<\/p>\n","protected":false},"excerpt":{"rendered":"<p>Ta\u00e7a de coco vermelha com design de tartaruga, inspirado na vibrante cultura barcelonesa. Este singular acess\u00f3rio apresenta um acabamento de design artesanal, pintado \u00e0 m\u00e3o, em tons vermelhos e dourados, com uma delicada rede que real\u00e7a a sua forma org\u00e2nica. No centro, a imagem de uma tartaruga \u00e9 acompanhada pela inscri\u00e7\u00e3o &#8220;Barcelona&#8221;, o que a torna numa recorda\u00e7\u00e3o perfeita da cidade. Ideal como pe\u00e7a decorativa ou para usar em casa.<\/p>\n","protected":false},"featured_media":10164,"template":"","meta":{"_acf_changed":false},"product_brand":[],"product_cat":[513],"product_tag":[516],"class_list":{"0":"post-30788","1":"product","2":"type-product","3":"status-publish","4":"has-post-thumbnail","6":"product_cat-bols","7":"product_tag-animais","8":"pa_ciudad-barcelona","9":"pa_motivo-tartarugas","10":"pa_pais-espana","12":"first","13":"instock","14":"shipping-taxable","15":"product-type-simple"},"acf":[],"_links":{"self":[{"href":"https:\/\/olemosaic.com\/pt-pt\/wp-json\/wp\/v2\/product\/30788","targetHints":{"allow":["GET"]}}],"collection":[{"href":"https:\/\/olemosaic.com\/pt-pt\/wp-json\/wp\/v2\/product"}],"about":[{"href":"https:\/\/olemosaic.com\/pt-pt\/wp-json\/wp\/v2\/types\/product"}],"wp:featuredmedia":[{"embeddable":true,"href":"https:\/\/olemosaic.com\/pt-pt\/wp-json\/wp\/v2\/media\/10164"}],"wp:attachment":[{"href":"https:\/\/olemosaic.com\/pt-pt\/wp-json\/wp\/v2\/media?parent=30788"}],"wp:term":[{"taxonomy":"product_brand","embeddable":true,"href":"https:\/\/olemosaic.com\/pt-pt\/wp-json\/wp\/v2\/product_brand?post=30788"},{"taxonomy":"product_cat","embeddable":true,"href":"https:\/\/olemosaic.com\/pt-pt\/wp-json\/wp\/v2\/product_cat?post=30788"},{"taxonomy":"product_tag","embeddable":true,"href":"https:\/\/olemosaic.com\/pt-pt\/wp-json\/wp\/v2\/product_tag?post=30788"}],"curies":[{"name":"wp","href":"https:\/\/api.w.org\/{rel}","templated":true}]}}