{"id":30787,"date":"2025-02-20T23:31:09","date_gmt":"2025-02-20T22:31:09","guid":{"rendered":"http:\/\/olemosaic.com\/producto\/bol-de-coco-rojo-salamandra-mallorca-4\/"},"modified":"2025-07-25T20:35:05","modified_gmt":"2025-07-25T18:35:05","slug":"taca-de-coco-vermelha-salamandra-maiorca-4","status":"publish","type":"product","link":"https:\/\/olemosaic.com\/pt-pt\/produto\/taca-de-coco-vermelha-salamandra-maiorca-4\/","title":{"rendered":"Ta\u00e7a de coco vermelha. Salamandra. Vermelho. Maiorca."},"content":{"rendered":"<p>Esta ta\u00e7a de coco vermelha, decorada com uma ilustra\u00e7\u00e3o de uma salamandra, \u00e9 uma aut\u00eantica recorda\u00e7\u00e3o de Maiorca que encarna a rica cultura e tradi\u00e7\u00e3o da ilha. Fabricada artesanalmente, destaca-se pelo seu design pintado \u00e0 m\u00e3o em vibrantes tons vermelhos, que evocam o calor do sol mediterr\u00e2nico. O seu acabamento brilhante n\u00e3o s\u00f3 real\u00e7a a sua eleg\u00e2ncia, como a torna numa pe\u00e7a ideal para adornar qualquer divis\u00e3o, seja a cozinha ou a sala.<\/p>\n<p>No centro da ta\u00e7a, uma estilizada salamandra, s\u00edmbolo cultural da regi\u00e3o maiorquina, reflete a liga\u00e7\u00e3o da ilha com a natureza. \u00c0 sua volta, a palavra &#8220;MAIORCA&#8221; integra-se harmoniosamente no design, sublinhando a sua autenticidade como recorda\u00e7\u00e3o representativa da ilha. Esta ta\u00e7a n\u00e3o \u00e9 apenas um artigo decorativo, mas um testemunho da arte e tradi\u00e7\u00e3o local, que funde funcionalidade e est\u00e9tica numa pe\u00e7a \u00fanica.<\/p>\n<p>Na Ol\u00e9 Mosaic, especializamo-nos na distribui\u00e7\u00e3o de recorda\u00e7\u00f5es por grosso, e esta ta\u00e7a de coco vermelha \u00e9 uma excelente op\u00e7\u00e3o para lojas de presentes tur\u00edsticos que procuram oferecer produtos aut\u00eanticos e de qualidade. Perfeita para turistas que desejem levar um peda\u00e7o da beleza e do legado cultural de Maiorca, esta ta\u00e7a destaca o apelo das recorda\u00e7\u00f5es t\u00edpicas da regi\u00e3o.<\/p>\n","protected":false},"excerpt":{"rendered":"<p>Ta\u00e7a de coco vermelha, decorada com uma ilustra\u00e7\u00e3o de uma salamandra, t\u00edpica de Maiorca. Esta atraente ta\u00e7a apresenta um design artesanal, pintado \u00e0 m\u00e3o, com motivos em tons vermelhos e um acabamento brilhante, que real\u00e7a a sua eleg\u00e2ncia e originalidade. A salamandra, s\u00edmbolo cultural da regi\u00e3o, est\u00e1 estilizada no centro, acompanhada pelo texto &#8220;MAIORCA&#8221;. Ideal para dar um toque distintivo a qualquer ambiente, combina funcionalidade e artesanato numa pe\u00e7a \u00fanica.<\/p>\n","protected":false},"featured_media":11882,"template":"","meta":{"_acf_changed":false},"product_brand":[],"product_cat":[513],"product_tag":[516],"class_list":{"0":"post-30787","1":"product","2":"type-product","3":"status-publish","4":"has-post-thumbnail","6":"product_cat-bols","7":"product_tag-animais","8":"pa_ciudad-mallorca","9":"pa_motivo-salamandras","10":"pa_pais-espana","12":"first","13":"instock","14":"shipping-taxable","15":"product-type-simple"},"acf":[],"_links":{"self":[{"href":"https:\/\/olemosaic.com\/pt-pt\/wp-json\/wp\/v2\/product\/30787","targetHints":{"allow":["GET"]}}],"collection":[{"href":"https:\/\/olemosaic.com\/pt-pt\/wp-json\/wp\/v2\/product"}],"about":[{"href":"https:\/\/olemosaic.com\/pt-pt\/wp-json\/wp\/v2\/types\/product"}],"wp:featuredmedia":[{"embeddable":true,"href":"https:\/\/olemosaic.com\/pt-pt\/wp-json\/wp\/v2\/media\/11882"}],"wp:attachment":[{"href":"https:\/\/olemosaic.com\/pt-pt\/wp-json\/wp\/v2\/media?parent=30787"}],"wp:term":[{"taxonomy":"product_brand","embeddable":true,"href":"https:\/\/olemosaic.com\/pt-pt\/wp-json\/wp\/v2\/product_brand?post=30787"},{"taxonomy":"product_cat","embeddable":true,"href":"https:\/\/olemosaic.com\/pt-pt\/wp-json\/wp\/v2\/product_cat?post=30787"},{"taxonomy":"product_tag","embeddable":true,"href":"https:\/\/olemosaic.com\/pt-pt\/wp-json\/wp\/v2\/product_tag?post=30787"}],"curies":[{"name":"wp","href":"https:\/\/api.w.org\/{rel}","templated":true}]}}