{"id":30756,"date":"2025-02-20T23:31:09","date_gmt":"2025-02-20T22:31:09","guid":{"rendered":"http:\/\/olemosaic.com\/producto\/bol-de-coco-rojo-delfin-3\/"},"modified":"2025-07-25T19:32:52","modified_gmt":"2025-07-25T17:32:52","slug":"taca-de-coco-vermelha-golfinho-3","status":"publish","type":"product","link":"https:\/\/olemosaic.com\/pt-pt\/produto\/taca-de-coco-vermelha-golfinho-3\/","title":{"rendered":"Ta\u00e7a de coco vermelha. Golfinho. Fundo preto."},"content":{"rendered":"<p>Esta ta\u00e7a de coco vermelha, decorada com uma encantadora representa\u00e7\u00e3o de dois golfinhos, \u00e9 uma excelente recorda\u00e7\u00e3o que captura a ess\u00eancia do folclore costeiro. O seu design destaca-se por um impactante fundo preto onde emergem os golfinhos, pintados num vibrante tom vermelho com um estilo art\u00edstico. Esta pe\u00e7a \u00fanica \u00e9 adornada, al\u00e9m disso, com pequenos cora\u00e7\u00f5es vermelhos que acrescentam um toque criativo e vibrante, infundindo na ta\u00e7a uma energia festiva e alegre.<\/p>\n<p>A ta\u00e7a n\u00e3o s\u00f3 cumpre uma fun\u00e7\u00e3o decorativa, como tamb\u00e9m pode ser utilizada de forma funcional, como um atrativo recipiente para alimentos ou como um elemento decorativo em qualquer espa\u00e7o do lar. A representa\u00e7\u00e3o dos golfinhos, seres marinhos que simbolizam a alegria e a liberdade na cultura costeira, liga este objeto \u00e0 rica tradi\u00e7\u00e3o mar\u00edtima das regi\u00f5es espanholas e portuguesas, onde o mar tem sido fonte de vida e lendas desde tempos imemoriais.<\/p>\n<p>Na Ol\u00e9 Mosaic, especializamo-nos na distribui\u00e7\u00e3o de recorda\u00e7\u00f5es aut\u00eanticas por grosso, e esta ta\u00e7a de coco vermelha \u00e9 uma amostra da arte tradicional que os turistas procuram levar como recorda\u00e7\u00e3o. Este produto \u00e9 uma op\u00e7\u00e3o ideal para lojas de presentes tur\u00edsticos, oferecendo aos clientes um peda\u00e7o do mar em forma de uma pe\u00e7a que celebra o patrim\u00f3nio cultural da costa. Opte por esta ta\u00e7a de golfinhos para enriquecer a sua oferta de recorda\u00e7\u00f5es e captar a aten\u00e7\u00e3o de quem deseja levar para casa uma recorda\u00e7\u00e3o significativa.<\/p>\n","protected":false},"excerpt":{"rendered":"<p>Ta\u00e7a de coco vermelha decorada com dois golfinhos, ideal como elemento decorativo ou funcional. Esta pe\u00e7a \u00fanica apresenta um fundo preto com detalhes em vermelho brilhante, que real\u00e7am os golfinhos de estilo art\u00edstico. A superf\u00edcie da ta\u00e7a est\u00e1 adornada com pequenos cora\u00e7\u00f5es vermelhos, que acrescentam um toque vibrante e art\u00edstico. Esta ta\u00e7a evoca o mar e \u00e9 perfeita para levar um peda\u00e7o do folclore costeiro para o seu lar.<\/p>\n","protected":false},"featured_media":10180,"template":"","meta":{"_acf_changed":false},"product_brand":[],"product_cat":[513],"product_tag":[516],"class_list":{"0":"post-30756","1":"product","2":"type-product","3":"status-publish","4":"has-post-thumbnail","6":"product_cat-bols","7":"product_tag-animais","8":"pa_motivo-golfinhos","10":"first","11":"instock","12":"shipping-taxable","13":"product-type-simple"},"acf":[],"_links":{"self":[{"href":"https:\/\/olemosaic.com\/pt-pt\/wp-json\/wp\/v2\/product\/30756","targetHints":{"allow":["GET"]}}],"collection":[{"href":"https:\/\/olemosaic.com\/pt-pt\/wp-json\/wp\/v2\/product"}],"about":[{"href":"https:\/\/olemosaic.com\/pt-pt\/wp-json\/wp\/v2\/types\/product"}],"wp:featuredmedia":[{"embeddable":true,"href":"https:\/\/olemosaic.com\/pt-pt\/wp-json\/wp\/v2\/media\/10180"}],"wp:attachment":[{"href":"https:\/\/olemosaic.com\/pt-pt\/wp-json\/wp\/v2\/media?parent=30756"}],"wp:term":[{"taxonomy":"product_brand","embeddable":true,"href":"https:\/\/olemosaic.com\/pt-pt\/wp-json\/wp\/v2\/product_brand?post=30756"},{"taxonomy":"product_cat","embeddable":true,"href":"https:\/\/olemosaic.com\/pt-pt\/wp-json\/wp\/v2\/product_cat?post=30756"},{"taxonomy":"product_tag","embeddable":true,"href":"https:\/\/olemosaic.com\/pt-pt\/wp-json\/wp\/v2\/product_tag?post=30756"}],"curies":[{"name":"wp","href":"https:\/\/api.w.org\/{rel}","templated":true}]}}