{"id":30755,"date":"2025-02-20T23:31:09","date_gmt":"2025-02-20T22:31:09","guid":{"rendered":"http:\/\/olemosaic.com\/producto\/bol-de-coco-rojo-concha-camino-de-santiago-2\/"},"modified":"2025-07-25T18:45:04","modified_gmt":"2025-07-25T16:45:04","slug":"taca-de-coco-vermelha-concha-caminho-de-santiago-2","status":"publish","type":"product","link":"https:\/\/olemosaic.com\/pt-pt\/produto\/taca-de-coco-vermelha-concha-caminho-de-santiago-2\/","title":{"rendered":"Ta\u00e7a de coco vermelha. Concha. Caminho de Santiago."},"content":{"rendered":"<p>Esta ta\u00e7a de coco vermelha, decorada com um padr\u00e3o exclusivo de conchas, \u00e9 uma aut\u00eantica joia inspirada no famoso Caminho de Santiago. Com um acabamento brilhante que real\u00e7a o seu apelo, este objeto caracteriza-se pelas suas delicadas conchas em tons vermelhos dispersas sobre um fundo branco, que confere uma frescura \u00fanica ao design. No centro da ta\u00e7a, encontra-se o emblem\u00e1tico s\u00edmbolo do Caminho de Santiago, real\u00e7ado numa elegante cor cobre, que acrescenta um toque de distin\u00e7\u00e3o e autenticidade \u00e0 pe\u00e7a.<\/p>\n<p>Esta ta\u00e7a combina funcionalidade e est\u00e9tica, sendo ideal n\u00e3o s\u00f3 como objeto decorativo, mas tamb\u00e9m para uso pr\u00e1tico no lar. A sua versatilidade torna-a uma excelente op\u00e7\u00e3o para expor elementos na cozinha ou simplesmente como pe\u00e7a de exibi\u00e7\u00e3o em qualquer canto. O Caminho de Santiago, conhecido por ser uma rota de peregrina\u00e7\u00e3o emblem\u00e1tica, oferece assim um contexto cultural enriquecedor, tornando esta ta\u00e7a uma recorda\u00e7\u00e3o representativa da espiritualidade e da arte que impregnam esta rota milen\u00e1ria.<\/p>\n<p>Na Ol\u00e9 Mosaic, como grossistas de recorda\u00e7\u00f5es, oferecemos esta ta\u00e7a de coco como uma op\u00e7\u00e3o perfeita para lojas que procuram produtos aut\u00eanticos e significativos. Seja como presente para turistas ou como elemento decorativo no lar, esta ta\u00e7a de coco vermelha \u00e9 uma recorda\u00e7\u00e3o \u00fanica que celebra a riqueza cultural da Galiza e do Caminho de Santiago.<\/p>\n","protected":false},"excerpt":{"rendered":"<p>Ta\u00e7a de coco vermelha decorada com conchas, inspirada no Caminho de Santiago. Este singular artigo apresenta um design muito especial, com um acabamento brilhante e um padr\u00e3o de conchas vermelhas sobre fundo branco. No centro, destaca-se o emblema do Caminho de Santiago, real\u00e7ado em cor cobre, o que acrescenta um toque elegante. Perfeito como objeto decorativo ou para um uso pr\u00e1tico, esta ta\u00e7a combina arte e tradi\u00e7\u00e3o numa pe\u00e7a \u00fanica.<\/p>\n","protected":false},"featured_media":11942,"template":"","meta":{"_acf_changed":false},"product_brand":[],"product_cat":[513],"product_tag":[],"class_list":{"0":"post-30755","1":"product","2":"type-product","3":"status-publish","4":"has-post-thumbnail","6":"product_cat-bols","7":"pa_ciudad-santiago","8":"pa_motivo-conchas","9":"pa_pais-espana","11":"first","12":"instock","13":"shipping-taxable","14":"product-type-simple"},"acf":[],"_links":{"self":[{"href":"https:\/\/olemosaic.com\/pt-pt\/wp-json\/wp\/v2\/product\/30755","targetHints":{"allow":["GET"]}}],"collection":[{"href":"https:\/\/olemosaic.com\/pt-pt\/wp-json\/wp\/v2\/product"}],"about":[{"href":"https:\/\/olemosaic.com\/pt-pt\/wp-json\/wp\/v2\/types\/product"}],"wp:featuredmedia":[{"embeddable":true,"href":"https:\/\/olemosaic.com\/pt-pt\/wp-json\/wp\/v2\/media\/11942"}],"wp:attachment":[{"href":"https:\/\/olemosaic.com\/pt-pt\/wp-json\/wp\/v2\/media?parent=30755"}],"wp:term":[{"taxonomy":"product_brand","embeddable":true,"href":"https:\/\/olemosaic.com\/pt-pt\/wp-json\/wp\/v2\/product_brand?post=30755"},{"taxonomy":"product_cat","embeddable":true,"href":"https:\/\/olemosaic.com\/pt-pt\/wp-json\/wp\/v2\/product_cat?post=30755"},{"taxonomy":"product_tag","embeddable":true,"href":"https:\/\/olemosaic.com\/pt-pt\/wp-json\/wp\/v2\/product_tag?post=30755"}],"curies":[{"name":"wp","href":"https:\/\/api.w.org\/{rel}","templated":true}]}}