{"id":30754,"date":"2025-02-20T23:31:09","date_gmt":"2025-02-20T22:31:09","guid":{"rendered":"http:\/\/olemosaic.com\/producto\/bol-de-coco-rojo-caballito-de-mar-gran-canaria-2\/"},"modified":"2025-07-25T19:19:06","modified_gmt":"2025-07-25T17:19:06","slug":"taca-de-coco-vermelha-cavalo-marinho-gran-canaria-2","status":"publish","type":"product","link":"https:\/\/olemosaic.com\/pt-pt\/produto\/taca-de-coco-vermelha-cavalo-marinho-gran-canaria-2\/","title":{"rendered":"Ta\u00e7a de coco vermelha. Cavalo-marinho. Ilha. Gran Can\u00e1ria."},"content":{"rendered":"<p>Esta ta\u00e7a de coco vermelha, adornada com um elegante cavalo-marinho, \u00e9 uma encantadora recorda\u00e7\u00e3o que captura a ess\u00eancia das belas praias de Gran Can\u00e1ria. Elaborada de forma artesanal, a ta\u00e7a apresenta um vibrante design pintado \u00e0 m\u00e3o que combina ricos tons vermelhos e dourados sobre uma textura \u00fanica, evocando o brilho do sol can\u00e1rio. O cavalo-marinho, s\u00edmbolo da vida marinha do arquip\u00e9lago, destaca-se no centro com detalhes reluzentes que o tornam o ponto focal da pe\u00e7a, enquanto a base inclui o texto &#8220;Gran Canaria&#8221;, acrescentando um toque representativo desta maravilhosa regi\u00e3o.<\/p>\n<p>Esta ta\u00e7a n\u00e3o \u00e9 apenas uma pe\u00e7a decorativa, mas tamb\u00e9m um acess\u00f3rio funcional que pode harmonizar com qualquer ambiente, seja como centro de mesa ou como recipiente para guardar pequenos objetos. O seu design vers\u00e1til e atrativo torna-a ideal para quem procura recorda\u00e7\u00f5es aut\u00eanticas durante as suas viagens. Na Ol\u00e9 Mosaic, distribu\u00edmos esta ta\u00e7a de coco vermelha por grosso, oferecendo-a como uma excelente op\u00e7\u00e3o para lojas de presentes tur\u00edsticos que desejem oferecer produtos que celebrem a rica cultura e biodiversidade de Gran Can\u00e1ria. Esta recorda\u00e7\u00e3o \u00e9, sem d\u00favida, um souvenir representativo que liga os turistas \u00e0 beleza do destino.<\/p>\n","protected":false},"excerpt":{"rendered":"<p>Ta\u00e7a de coco vermelha, decorada com um elegante cavalo-marinho, inspirada na beleza de Gran Can\u00e1ria. Esta atrativa recorda\u00e7\u00e3o \u00e9 elaborada artesanalmente, com um design artesanal, pintado \u00e0 m\u00e3o, que combina tons vermelhos e dourados numa textura \u00fanica. O cavalo-marinho, s\u00edmbolo da vida marinha, destaca-se com detalhes brilhantes, enquanto a base da ta\u00e7a inclui a inscri\u00e7\u00e3o &#8220;Gran Canaria&#8221;, acrescentando um toque representativo da regi\u00e3o. Ideal como pe\u00e7a decorativa ou como acess\u00f3rio funcional.<\/p>\n","protected":false},"featured_media":10136,"template":"","meta":{"_acf_changed":false},"product_brand":[],"product_cat":[513],"product_tag":[516],"class_list":{"0":"post-30754","1":"product","2":"type-product","3":"status-publish","4":"has-post-thumbnail","6":"product_cat-bols","7":"product_tag-animais","8":"pa_ciudad-gran-canaria","9":"pa_motivo-cavalos-marinhos","10":"pa_pais-espana","12":"first","13":"instock","14":"shipping-taxable","15":"product-type-simple"},"acf":[],"_links":{"self":[{"href":"https:\/\/olemosaic.com\/pt-pt\/wp-json\/wp\/v2\/product\/30754","targetHints":{"allow":["GET"]}}],"collection":[{"href":"https:\/\/olemosaic.com\/pt-pt\/wp-json\/wp\/v2\/product"}],"about":[{"href":"https:\/\/olemosaic.com\/pt-pt\/wp-json\/wp\/v2\/types\/product"}],"wp:featuredmedia":[{"embeddable":true,"href":"https:\/\/olemosaic.com\/pt-pt\/wp-json\/wp\/v2\/media\/10136"}],"wp:attachment":[{"href":"https:\/\/olemosaic.com\/pt-pt\/wp-json\/wp\/v2\/media?parent=30754"}],"wp:term":[{"taxonomy":"product_brand","embeddable":true,"href":"https:\/\/olemosaic.com\/pt-pt\/wp-json\/wp\/v2\/product_brand?post=30754"},{"taxonomy":"product_cat","embeddable":true,"href":"https:\/\/olemosaic.com\/pt-pt\/wp-json\/wp\/v2\/product_cat?post=30754"},{"taxonomy":"product_tag","embeddable":true,"href":"https:\/\/olemosaic.com\/pt-pt\/wp-json\/wp\/v2\/product_tag?post=30754"}],"curies":[{"name":"wp","href":"https:\/\/api.w.org\/{rel}","templated":true}]}}