{"id":30752,"date":"2025-02-20T23:31:08","date_gmt":"2025-02-20T22:31:08","guid":{"rendered":"http:\/\/olemosaic.com\/producto\/bol-de-coco-rojo-caballito-de-mar-barcelona-3\/"},"modified":"2025-07-25T18:53:00","modified_gmt":"2025-07-25T16:53:00","slug":"taca-de-coco-vermelha-cavalo-marinho-barcelona-3","status":"publish","type":"product","link":"https:\/\/olemosaic.com\/pt-pt\/produto\/taca-de-coco-vermelha-cavalo-marinho-barcelona-3\/","title":{"rendered":"Ta\u00e7a de coco vermelha. Cavalo-marinho. Barcelona. Fundo vermelho."},"content":{"rendered":"<p>Esta ta\u00e7a de coco vermelha, decorada com um cativante cavalo-marinho, \u00e9 uma recorda\u00e7\u00e3o representativa da encantadora cidade de Barcelona. O seu vibrante fundo vermelho, enriquecido com um padr\u00e3o distintivo, capta a aten\u00e7\u00e3o instantaneamente, enquanto o elegante cavalo-marinho, em dourado brilhante, acrescenta um toque de sofistica\u00e7\u00e3o e apelo visual. A inscri\u00e7\u00e3o &#8220;Barcelona&#8221; apresenta-se de forma proeminente no design, consolidando a sua identidade cultural e tornando-a uma recorda\u00e7\u00e3o imprescind\u00edvel para quem visita a cidade.<\/p>\n<p>Ideal tanto para uso decorativo como funcional, esta ta\u00e7a n\u00e3o s\u00f3 se destaca pela sua est\u00e9tica apelativa, mas tamb\u00e9m pelo seu significado cultural. O cavalo-marinho simboliza as maravilhas do mundo marinho e a rica biodiversidade que rodeia as costas catal\u00e3s. Esta ta\u00e7a representa a fus\u00e3o entre a tradi\u00e7\u00e3o artesanal e a arte contempor\u00e2nea de Barcelona, tornando-se uma pe\u00e7a \u00fanica que encapsula a ess\u00eancia da regi\u00e3o.<\/p>\n<p>Na Ol\u00e9 Mosaic, orgulhamo-nos de oferecer recorda\u00e7\u00f5es aut\u00eanticas que refletem a cultura e o encanto de cada destino. Esta ta\u00e7a de coco vermelha \u00e9 uma excelente op\u00e7\u00e3o para lojas de presentes tur\u00edsticos que procuram produtos originais e significativos. Como distribuidores de recorda\u00e7\u00f5es de Barcelona, garantimos qualidade e autenticidade em cada artigo.<\/p>\n","protected":false},"excerpt":{"rendered":"<p>Ta\u00e7a de coco vermelha decorada com um encantador cavalo-marinho, inspirada na vibrante cidade de Barcelona. Esta elegante ta\u00e7a apresenta um fundo vermelho brilhante com um padr\u00e3o distintivo, e o cavalo-marinho dourado destaca-se de forma atrativa. A inscri\u00e7\u00e3o &#8220;Barcelona&#8221; completa o design, tornando esta pe\u00e7a perfeita tanto para uso decorativo como funcional, acrescentando um toque cultural e art\u00edstico a qualquer espa\u00e7o.<\/p>\n","protected":false},"featured_media":11756,"template":"","meta":{"_acf_changed":false},"product_brand":[],"product_cat":[513],"product_tag":[516],"class_list":{"0":"post-30752","1":"product","2":"type-product","3":"status-publish","4":"has-post-thumbnail","6":"product_cat-bols","7":"product_tag-animais","8":"pa_ciudad-barcelona","9":"pa_motivo-cavalos-marinhos","10":"pa_pais-espana","12":"first","13":"instock","14":"shipping-taxable","15":"product-type-simple"},"acf":[],"_links":{"self":[{"href":"https:\/\/olemosaic.com\/pt-pt\/wp-json\/wp\/v2\/product\/30752","targetHints":{"allow":["GET"]}}],"collection":[{"href":"https:\/\/olemosaic.com\/pt-pt\/wp-json\/wp\/v2\/product"}],"about":[{"href":"https:\/\/olemosaic.com\/pt-pt\/wp-json\/wp\/v2\/types\/product"}],"wp:featuredmedia":[{"embeddable":true,"href":"https:\/\/olemosaic.com\/pt-pt\/wp-json\/wp\/v2\/media\/11756"}],"wp:attachment":[{"href":"https:\/\/olemosaic.com\/pt-pt\/wp-json\/wp\/v2\/media?parent=30752"}],"wp:term":[{"taxonomy":"product_brand","embeddable":true,"href":"https:\/\/olemosaic.com\/pt-pt\/wp-json\/wp\/v2\/product_brand?post=30752"},{"taxonomy":"product_cat","embeddable":true,"href":"https:\/\/olemosaic.com\/pt-pt\/wp-json\/wp\/v2\/product_cat?post=30752"},{"taxonomy":"product_tag","embeddable":true,"href":"https:\/\/olemosaic.com\/pt-pt\/wp-json\/wp\/v2\/product_tag?post=30752"}],"curies":[{"name":"wp","href":"https:\/\/api.w.org\/{rel}","templated":true}]}}