{"id":30749,"date":"2025-02-20T23:31:08","date_gmt":"2025-02-20T22:31:08","guid":{"rendered":"http:\/\/olemosaic.com\/producto\/bol-de-coco-rojo-mano-4\/"},"modified":"2025-07-25T18:53:37","modified_gmt":"2025-07-25T16:53:37","slug":"taca-de-coco-vermelha-mao-4","status":"publish","type":"product","link":"https:\/\/olemosaic.com\/pt-pt\/produto\/taca-de-coco-vermelha-mao-4\/","title":{"rendered":"Ta\u00e7a de coco vermelha. M\u00e3o de F\u00e1tima. Hamsa."},"content":{"rendered":"<p>Esta ta\u00e7a de coco vermelha \u00e9 uma pe\u00e7a \u00fanica e cativante, ideal para decora\u00e7\u00e3o. A sua vibrante cor vermelha destaca-se instantaneamente, tornando-a um elemento decorativo excecional. No centro, est\u00e1 representada uma m\u00e3o com um olho, um s\u00edmbolo profundamente enraizado em diversas culturas, que evoca prote\u00e7\u00e3o e boa sorte. Este motivo n\u00e3o s\u00f3 confere um significado especial, como tamb\u00e9m acrescenta um toque m\u00edstico \u00e0 pe\u00e7a.<\/p>\n<p>A borda da ta\u00e7a est\u00e1 adornada com padr\u00f5es em tons mais claros, real\u00e7ando a sua eleg\u00e2ncia e exclusividade. A suavidade do seu acabamento e a diferen\u00e7a de texturas entre o interior polido e o exterior mate criam um contraste visual atraente. Fabricada com um foco no artesanato tradicional, esta ta\u00e7a combina arte e funcionalidade, tornando-a perfeita tanto para usos decorativos como pr\u00e1ticos.<\/p>\n<p>Esta ta\u00e7a \u00e9 uma bela recorda\u00e7\u00e3o que capta a ess\u00eancia cultural aut\u00eantica das tradi\u00e7\u00f5es artesanais. Na Ol\u00e9 Mosaic, como distribuidores de produtos t\u00edpicos, oferecemos esta ta\u00e7a de coco vermelha como uma excelente op\u00e7\u00e3o para turistas que procuram recordar a sua visita com um objeto engenhoso e culturalmente significativo. Ideal para lojas de presentes tur\u00edsticos, esta ta\u00e7a n\u00e3o \u00e9 apenas um artigo decorativo, mas uma pe\u00e7a que conta uma hist\u00f3ria e representa a riqueza do patrim\u00f3nio artesanal.<\/p>\n","protected":false},"excerpt":{"rendered":"<p>Ta\u00e7a de coco vermelha feita \u00e0 m\u00e3o, ideal para decora\u00e7\u00e3o. Esta pe\u00e7a \u00fanica apresenta uma vibrante cor vermelha, com um design muito especial que inclui a representa\u00e7\u00e3o de uma m\u00e3o com um olho, s\u00edmbolo de prote\u00e7\u00e3o e boa sorte. A borda da ta\u00e7a est\u00e1 adornada com padr\u00f5es em tons mais claros que lhe conferem eleg\u00e2ncia e originalidade. Combinando arte tradicional e funcionalidade, \u00e9 uma bela recorda\u00e7\u00e3o que capta a ess\u00eancia da cultura aut\u00eantica.<\/p>\n","protected":false},"featured_media":13402,"template":"","meta":{"_acf_changed":false},"product_brand":[],"product_cat":[513],"product_tag":[],"class_list":{"0":"post-30749","1":"product","2":"type-product","3":"status-publish","4":"has-post-thumbnail","6":"product_cat-bols","7":"pa_motivo-maos","9":"first","10":"instock","11":"shipping-taxable","12":"product-type-simple"},"acf":[],"_links":{"self":[{"href":"https:\/\/olemosaic.com\/pt-pt\/wp-json\/wp\/v2\/product\/30749","targetHints":{"allow":["GET"]}}],"collection":[{"href":"https:\/\/olemosaic.com\/pt-pt\/wp-json\/wp\/v2\/product"}],"about":[{"href":"https:\/\/olemosaic.com\/pt-pt\/wp-json\/wp\/v2\/types\/product"}],"wp:featuredmedia":[{"embeddable":true,"href":"https:\/\/olemosaic.com\/pt-pt\/wp-json\/wp\/v2\/media\/13402"}],"wp:attachment":[{"href":"https:\/\/olemosaic.com\/pt-pt\/wp-json\/wp\/v2\/media?parent=30749"}],"wp:term":[{"taxonomy":"product_brand","embeddable":true,"href":"https:\/\/olemosaic.com\/pt-pt\/wp-json\/wp\/v2\/product_brand?post=30749"},{"taxonomy":"product_cat","embeddable":true,"href":"https:\/\/olemosaic.com\/pt-pt\/wp-json\/wp\/v2\/product_cat?post=30749"},{"taxonomy":"product_tag","embeddable":true,"href":"https:\/\/olemosaic.com\/pt-pt\/wp-json\/wp\/v2\/product_tag?post=30749"}],"curies":[{"name":"wp","href":"https:\/\/api.w.org\/{rel}","templated":true}]}}