{"id":30714,"date":"2025-02-20T23:31:08","date_gmt":"2025-02-20T22:31:08","guid":{"rendered":"http:\/\/olemosaic.com\/producto\/bol-de-coco-rojo-isla-mallorca-3\/"},"modified":"2025-07-25T19:02:37","modified_gmt":"2025-07-25T17:02:37","slug":"taca-de-coco-vermelha-ilha-maiorca-3","status":"publish","type":"product","link":"https:\/\/olemosaic.com\/pt-pt\/produto\/taca-de-coco-vermelha-ilha-maiorca-3\/","title":{"rendered":"Ta\u00e7a de coco vermelha. Ilha. Maiorca. Fundo preto."},"content":{"rendered":"<p>Esta ta\u00e7a de coco vermelha \u00e9 uma representa\u00e7\u00e3o vibrante da ilha de Maiorca, perfeita para acrescentar um toque de cor e cultura a qualquer casa. Esta pe\u00e7a exclusiva, fabricada \u00e0 m\u00e3o, apresenta um fundo preto salpicado de cora\u00e7\u00f5es vermelhos e a inconfund\u00edvel silhueta da ilha num tom carmesim intenso. A palavra &#8220;MALLORCA&#8221;, elegantemente pintada no centro, sublinha a sua liga\u00e7\u00e3o cultural com este belo destino mediterr\u00e2nico. O seu design n\u00e3o s\u00f3 a torna uma pe\u00e7a decorativa, mas tamb\u00e9m um objeto funcional para o uso di\u00e1rio, ideal tanto para servir aperitivos como para exibir numa mesa.<\/p>\n<p>Esta ta\u00e7a reflete a rica tradi\u00e7\u00e3o artesanal de Maiorca, onde a criatividade e o trabalho manual se fundem para criar objetos \u00fanicos que celebram a identidade local. Os cora\u00e7\u00f5es vermelhos simbolizam o amor e o calor da ilha, tornando esta ta\u00e7a uma recorda\u00e7\u00e3o perfeita para turistas que procuram uma lembran\u00e7a aut\u00eantica da sua visita. Na Ol\u00e9 Mosaic, somos distribuidores de recorda\u00e7\u00f5es aut\u00eanticas e de qualidade; esta ta\u00e7a de coco \u00e9 uma excelente op\u00e7\u00e3o para lojas de presentes tur\u00edsticos que desejem oferecer produtos representativos da cultura maiorquina. Atraia os seus clientes com esta encantadora ta\u00e7a que combina tradi\u00e7\u00e3o e estilo, capturando a ess\u00eancia de Maiorca em cada detalhe.<\/p>\n","protected":false},"excerpt":{"rendered":"<p>Ta\u00e7a de coco vermelha decorada com um design vibrante que representa a ilha de Maiorca. Fabricada \u00e0 m\u00e3o, este artigo apresenta um fundo preto salpicado de cora\u00e7\u00f5es vermelhos e um contorno que destaca a silhueta da ilha num tom vermelho intenso. A palavra &#8220;MALLORCA&#8221; est\u00e1 elegantemente pintada no centro, conferindo um toque cultural distintivo. Ideal como pe\u00e7a decorativa ou para o uso di\u00e1rio, combina tradi\u00e7\u00e3o e estilo em cada canto da sua casa.<\/p>\n","protected":false},"featured_media":10196,"template":"","meta":{"_acf_changed":false},"product_brand":[],"product_cat":[513],"product_tag":[],"class_list":{"0":"post-30714","1":"product","2":"type-product","3":"status-publish","4":"has-post-thumbnail","6":"product_cat-bols","7":"pa_ciudad-mallorca","8":"pa_motivo-ilhas","9":"pa_pais-espana","11":"first","12":"instock","13":"shipping-taxable","14":"product-type-simple"},"acf":[],"_links":{"self":[{"href":"https:\/\/olemosaic.com\/pt-pt\/wp-json\/wp\/v2\/product\/30714","targetHints":{"allow":["GET"]}}],"collection":[{"href":"https:\/\/olemosaic.com\/pt-pt\/wp-json\/wp\/v2\/product"}],"about":[{"href":"https:\/\/olemosaic.com\/pt-pt\/wp-json\/wp\/v2\/types\/product"}],"wp:featuredmedia":[{"embeddable":true,"href":"https:\/\/olemosaic.com\/pt-pt\/wp-json\/wp\/v2\/media\/10196"}],"wp:attachment":[{"href":"https:\/\/olemosaic.com\/pt-pt\/wp-json\/wp\/v2\/media?parent=30714"}],"wp:term":[{"taxonomy":"product_brand","embeddable":true,"href":"https:\/\/olemosaic.com\/pt-pt\/wp-json\/wp\/v2\/product_brand?post=30714"},{"taxonomy":"product_cat","embeddable":true,"href":"https:\/\/olemosaic.com\/pt-pt\/wp-json\/wp\/v2\/product_cat?post=30714"},{"taxonomy":"product_tag","embeddable":true,"href":"https:\/\/olemosaic.com\/pt-pt\/wp-json\/wp\/v2\/product_tag?post=30714"}],"curies":[{"name":"wp","href":"https:\/\/api.w.org\/{rel}","templated":true}]}}