{"id":30711,"date":"2025-02-20T22:31:07","date_gmt":"2025-02-20T22:31:07","guid":{"rendered":"http:\/\/olemosaic.com\/producto\/bol-de-coco-rojo-isla-fuerteventura\/"},"modified":"2025-07-25T18:58:12","modified_gmt":"2025-07-25T16:58:12","slug":"taca-de-coco-vermelha-ilha-fuerteventura","status":"publish","type":"product","link":"https:\/\/olemosaic.com\/pt-pt\/produto\/taca-de-coco-vermelha-ilha-fuerteventura\/","title":{"rendered":"Ta\u00e7a de coco vermelha. Ilha. Fuerteventura."},"content":{"rendered":"<p>Esta ta\u00e7a de coco vermelha \u00e9 uma pe\u00e7a \u00fanica e artesanal, ideal para quem deseja levar um peda\u00e7o da beleza de Fuerteventura para as suas casas. Desenhada na ilha, esta ta\u00e7a destaca-se pelo seu acabamento brilhante e elegante. A sua forma circular, cuidadosamente elaborada, confere-lhe um aspeto distintivo e sofisticado, tornando-a uma maravilhosa op\u00e7\u00e3o tanto para servir aperitivos como para decorar.<\/p>\n<p>O design desta ta\u00e7a sobressai com motivos em tons vermelhos que contrastam espetacularmente com o fundo claro, evocando o calor da cultura can\u00e1ria e as vibrantes paisagens insulares. Cada detalhe foi pensado para capturar a ess\u00eancia do ambiente natural de Fuerteventura, incluindo texturas que representam a diversidade geol\u00f3gica da ilha. Esta ta\u00e7a n\u00e3o \u00e9 apenas funcional, mas tamb\u00e9m uma recorda\u00e7\u00e3o aut\u00eantica que reflete a tradi\u00e7\u00e3o e a arte da oficina local.<\/p>\n<p>Na Ol\u00e9 Mosaic, especializamo-nos na distribui\u00e7\u00e3o de recorda\u00e7\u00f5es por grosso, e esta ta\u00e7a de coco vermelha \u00e9 uma excelente op\u00e7\u00e3o para lojas de presentes tur\u00edsticos que procuram oferecer produtos aut\u00eanticos e de qualidade. Como grossista de recorda\u00e7\u00f5es de Fuerteventura, garantimos que cada pe\u00e7a conta com a autenticidade necess\u00e1ria para ser uma recorda\u00e7\u00e3o representativa desta bela ilha.<\/p>\n","protected":false},"excerpt":{"rendered":"<p>Ta\u00e7a de coco vermelha, desenhada em Fuerteventura e elaborada com um acabamento brilhante, decorada com motivos em tons vermelhos que se destacam sobre o fundo claro. Este produto artesanal apresenta um design circular que lhe confere um toque distintivo e elegante, ideal para servir aperitivos ou como pe\u00e7a decorativa. A mistura de texturas e cores evoca a beleza natural das Ilhas Can\u00e1rias, tornando-a a recorda\u00e7\u00e3o perfeita para levar um peda\u00e7o de Fuerteventura para casa.<\/p>\n","protected":false},"featured_media":11989,"template":"","meta":{"_acf_changed":false},"product_brand":[],"product_cat":[513],"product_tag":[],"class_list":{"0":"post-30711","1":"product","2":"type-product","3":"status-publish","4":"has-post-thumbnail","6":"product_cat-bols","7":"pa_ciudad-fuerteventura","8":"pa_motivo-ilhas","9":"pa_pais-espana","11":"first","12":"instock","13":"shipping-taxable","14":"product-type-simple"},"acf":[],"_links":{"self":[{"href":"https:\/\/olemosaic.com\/pt-pt\/wp-json\/wp\/v2\/product\/30711","targetHints":{"allow":["GET"]}}],"collection":[{"href":"https:\/\/olemosaic.com\/pt-pt\/wp-json\/wp\/v2\/product"}],"about":[{"href":"https:\/\/olemosaic.com\/pt-pt\/wp-json\/wp\/v2\/types\/product"}],"wp:featuredmedia":[{"embeddable":true,"href":"https:\/\/olemosaic.com\/pt-pt\/wp-json\/wp\/v2\/media\/11989"}],"wp:attachment":[{"href":"https:\/\/olemosaic.com\/pt-pt\/wp-json\/wp\/v2\/media?parent=30711"}],"wp:term":[{"taxonomy":"product_brand","embeddable":true,"href":"https:\/\/olemosaic.com\/pt-pt\/wp-json\/wp\/v2\/product_brand?post=30711"},{"taxonomy":"product_cat","embeddable":true,"href":"https:\/\/olemosaic.com\/pt-pt\/wp-json\/wp\/v2\/product_cat?post=30711"},{"taxonomy":"product_tag","embeddable":true,"href":"https:\/\/olemosaic.com\/pt-pt\/wp-json\/wp\/v2\/product_tag?post=30711"}],"curies":[{"name":"wp","href":"https:\/\/api.w.org\/{rel}","templated":true}]}}