{"id":30683,"date":"2025-02-20T23:31:07","date_gmt":"2025-02-20T22:31:07","guid":{"rendered":"http:\/\/olemosaic.com\/producto\/bol-de-coco-rojo-salamandra-menorca-2\/"},"modified":"2025-07-25T19:11:56","modified_gmt":"2025-07-25T17:11:56","slug":"taca-de-coco-vermelha-salamandra-menorca-2","status":"publish","type":"product","link":"https:\/\/olemosaic.com\/pt-pt\/produto\/taca-de-coco-vermelha-salamandra-menorca-2\/","title":{"rendered":"Ta\u00e7a de coco vermelha. Salamandra. Menorca. Balear."},"content":{"rendered":"<p>Esta ta\u00e7a de coco vermelha \u00e9 uma pe\u00e7a fascinante que encarna a ess\u00eancia de Menorca, ideal para quem procura um souvenir aut\u00eantico e artesanal. O seu interior brilhante, decorado com p\u00e9talas de coco em tons vermelhos vibrantes, real\u00e7a a sua eleg\u00e2ncia e singularidade, tornando-a um atraente elemento decorativo para qualquer ambiente. No exterior, uma bela ilustra\u00e7\u00e3o de uma salamandra, um s\u00edmbolo emblem\u00e1tico do folclore menorquino, est\u00e1 elegantemente impressa, acompanhada do texto &#8220;MENORCA&#8221;, o que adiciona um toque cultural e distintivo a esta pe\u00e7a. A salamandra, que simboliza a renova\u00e7\u00e3o e o poder de adapta\u00e7\u00e3o, reflete a rica biodiversidade da ilha, conhecida pelas suas paisagens naturais e pela sua cultura \u00fanica.<\/p>\n<p>Esta ta\u00e7a n\u00e3o s\u00f3 funciona como objeto decorativo, como tamb\u00e9m representa a heran\u00e7a artesanal de Menorca, sendo uma excelente forma de levar um peda\u00e7o da sua hist\u00f3ria e tradi\u00e7\u00e3o. Na Ol\u00e9 Mosaic, especializamo-nos na distribui\u00e7\u00e3o de souvenirs por grosso, e esta ta\u00e7a de coco vermelha \u00e9 uma escolha ideal para lojas de presentes tur\u00edsticos que procuram oferecer produtos que encapsulem a autenticidade e a arte local. Sem d\u00favida, este souvenir de Menorca ser\u00e1 uma recorda\u00e7\u00e3o memor\u00e1vel para todos os visitantes que desejem levar um pouco da beleza menorquina para casa.<\/p>\n","protected":false},"excerpt":{"rendered":"<p>Ta\u00e7a de coco vermelha, decorada com um design de salamandra, um s\u00edmbolo de Menorca. Esta atraente ta\u00e7a apresenta um acabamento brilhante no interior, adornado com p\u00e9talas de coco vermelhas que real\u00e7am a sua beleza natural. No exterior, exibe uma ilustra\u00e7\u00e3o de uma salamandra, elemento do folclore menorquino, acompanhada da palavra &#8220;MENORCA&#8221;. Ideal para dar um toque distintivo e artesanal a qualquer ambiente.<\/p>\n","protected":false},"featured_media":11902,"template":"","meta":{"_acf_changed":false},"product_brand":[],"product_cat":[513],"product_tag":[516],"class_list":{"0":"post-30683","1":"product","2":"type-product","3":"status-publish","4":"has-post-thumbnail","6":"product_cat-bols","7":"product_tag-animais","8":"pa_ciudad-menorca","9":"pa_motivo-salamandras","10":"pa_pais-espana","12":"first","13":"instock","14":"shipping-taxable","15":"product-type-simple"},"acf":[],"_links":{"self":[{"href":"https:\/\/olemosaic.com\/pt-pt\/wp-json\/wp\/v2\/product\/30683","targetHints":{"allow":["GET"]}}],"collection":[{"href":"https:\/\/olemosaic.com\/pt-pt\/wp-json\/wp\/v2\/product"}],"about":[{"href":"https:\/\/olemosaic.com\/pt-pt\/wp-json\/wp\/v2\/types\/product"}],"wp:featuredmedia":[{"embeddable":true,"href":"https:\/\/olemosaic.com\/pt-pt\/wp-json\/wp\/v2\/media\/11902"}],"wp:attachment":[{"href":"https:\/\/olemosaic.com\/pt-pt\/wp-json\/wp\/v2\/media?parent=30683"}],"wp:term":[{"taxonomy":"product_brand","embeddable":true,"href":"https:\/\/olemosaic.com\/pt-pt\/wp-json\/wp\/v2\/product_brand?post=30683"},{"taxonomy":"product_cat","embeddable":true,"href":"https:\/\/olemosaic.com\/pt-pt\/wp-json\/wp\/v2\/product_cat?post=30683"},{"taxonomy":"product_tag","embeddable":true,"href":"https:\/\/olemosaic.com\/pt-pt\/wp-json\/wp\/v2\/product_tag?post=30683"}],"curies":[{"name":"wp","href":"https:\/\/api.w.org\/{rel}","templated":true}]}}