{"id":30681,"date":"2025-02-20T23:31:06","date_gmt":"2025-02-20T22:31:06","guid":{"rendered":"http:\/\/olemosaic.com\/producto\/bol-de-coco-rojo-tortuga-3\/"},"modified":"2025-07-25T19:03:40","modified_gmt":"2025-07-25T17:03:40","slug":"taca-de-coco-vermelha-tartaruga-3","status":"publish","type":"product","link":"https:\/\/olemosaic.com\/pt-pt\/produto\/taca-de-coco-vermelha-tartaruga-3\/","title":{"rendered":"Ta\u00e7a de coco vermelha. Tartaruga. Fundo natural."},"content":{"rendered":"<p>Esta ta\u00e7a de coco vermelha \u00e9 uma pe\u00e7a requintada que captura a ess\u00eancia da natureza tropical com um design elegante e atraente. Fabricada artesanalmente, a sua estrutura de coco apresenta um acabamento brilhante, onde a combina\u00e7\u00e3o de tons branco e vermelho cria um contraste vibrante e quente que se destaca em qualquer espa\u00e7o. O rebordo da ta\u00e7a est\u00e1 decorado com formas ovais suaves em tons vermelho claro que evocam as cores da exuberante flora tropical, enquanto o interior reflete um polimento delicado, o que a torna esteticamente agrad\u00e1vel e funcional.<\/p>\n<p>No centro da ta\u00e7a, uma delicada ilustra\u00e7\u00e3o de uma tartaruga, requintadamente desenhada em tons castanhos, simboliza a rica biodiversidade das regi\u00f5es tropicais. Este motivo n\u00e3o s\u00f3 adiciona um toque art\u00edstico, como tamb\u00e9m liga os compradores \u00e0 conserva\u00e7\u00e3o das esp\u00e9cies marinhas e ao respeito pelo ambiente. Cada vez que se contempla esta ta\u00e7a, recorda-se a beleza do oceano e a sua vida selvagem.<\/p>\n<p>Ideal para decora\u00e7\u00e3o ou uso funcional, esta ta\u00e7a \u00e9 uma bela recorda\u00e7\u00e3o que encapsula a ess\u00eancia das tradi\u00e7\u00f5es culturais das zonas tropicais. Na Ol\u00e9 Mosaic, oferecemos produtos aut\u00eanticos que celebram a rica heran\u00e7a artesanal. Esta ta\u00e7a de coco vermelha \u00e9 uma excelente op\u00e7\u00e3o para lojas de presentes tur\u00edsticos que procuram souvenirs \u00fanicos e com significado. Como grossistas de souvenirs, garantimos qualidade e autenticidade em cada pe\u00e7a, assegurando que cada cliente receba uma recorda\u00e7\u00e3o que aprecie e que represente a beleza da natureza.<\/p>\n","protected":false},"excerpt":{"rendered":"<p>Ta\u00e7a de coco vermelha decorada com motivos de tartaruga, ideal para dar um toque ex\u00f3tico a qualquer espa\u00e7o. Fabricada em coco, apresenta um acabamento brilhante com um design que combina tons branco e vermelho, criando um contraste vibrante. No centro, uma delicada ilustra\u00e7\u00e3o de uma tartaruga em tons castanhos real\u00e7a a liga\u00e7\u00e3o com a natureza. Perfeita como elemento decorativo ou para uso funcional, esta ta\u00e7a \u00e9 uma bonita recorda\u00e7\u00e3o que evoca a rica biodiversidade das regi\u00f5es tropicais.<\/p>\n","protected":false},"featured_media":11846,"template":"","meta":{"_acf_changed":false},"product_brand":[],"product_cat":[513],"product_tag":[516],"class_list":{"0":"post-30681","1":"product","2":"type-product","3":"status-publish","4":"has-post-thumbnail","6":"product_cat-bols","7":"product_tag-animais","8":"pa_motivo-tartarugas","10":"first","11":"instock","12":"shipping-taxable","13":"product-type-simple"},"acf":[],"_links":{"self":[{"href":"https:\/\/olemosaic.com\/pt-pt\/wp-json\/wp\/v2\/product\/30681","targetHints":{"allow":["GET"]}}],"collection":[{"href":"https:\/\/olemosaic.com\/pt-pt\/wp-json\/wp\/v2\/product"}],"about":[{"href":"https:\/\/olemosaic.com\/pt-pt\/wp-json\/wp\/v2\/types\/product"}],"wp:featuredmedia":[{"embeddable":true,"href":"https:\/\/olemosaic.com\/pt-pt\/wp-json\/wp\/v2\/media\/11846"}],"wp:attachment":[{"href":"https:\/\/olemosaic.com\/pt-pt\/wp-json\/wp\/v2\/media?parent=30681"}],"wp:term":[{"taxonomy":"product_brand","embeddable":true,"href":"https:\/\/olemosaic.com\/pt-pt\/wp-json\/wp\/v2\/product_brand?post=30681"},{"taxonomy":"product_cat","embeddable":true,"href":"https:\/\/olemosaic.com\/pt-pt\/wp-json\/wp\/v2\/product_cat?post=30681"},{"taxonomy":"product_tag","embeddable":true,"href":"https:\/\/olemosaic.com\/pt-pt\/wp-json\/wp\/v2\/product_tag?post=30681"}],"curies":[{"name":"wp","href":"https:\/\/api.w.org\/{rel}","templated":true}]}}