{"id":30679,"date":"2025-02-20T23:31:06","date_gmt":"2025-02-20T22:31:06","guid":{"rendered":"http:\/\/olemosaic.com\/producto\/bol-de-coco-rojo-salamandra-4\/"},"modified":"2025-07-25T19:54:41","modified_gmt":"2025-07-25T17:54:41","slug":"taca-de-coco-vermelha-salamandra-4","status":"publish","type":"product","link":"https:\/\/olemosaic.com\/pt-pt\/produto\/taca-de-coco-vermelha-salamandra-4\/","title":{"rendered":"Ta\u00e7a de coco vermelha. Salamandra. Padr\u00e3o cora\u00e7\u00f5es."},"content":{"rendered":"<p>Esta ta\u00e7a de coco vermelha \u00e9 uma pe\u00e7a decorativa vibrante que captura a ess\u00eancia da arte tradicional. O seu design apresenta uma encantadora salamandra no centro, rodeada por uma rede de cora\u00e7\u00f5es vermelhos que adicionam um toque de alegria e calor a qualquer espa\u00e7o. Fabricada a partir de cascas de coco, esta ta\u00e7a n\u00e3o \u00e9 apenas leve, mas tamb\u00e9m resistente, o que a torna um objeto funcional e atrativo. A superf\u00edcie tem um acabamento brilhante que real\u00e7a a riqueza das cores, especialmente o vermelho intenso que domina a pe\u00e7a, evocando a vitalidade das tradi\u00e7\u00f5es artesanais das regi\u00f5es onde \u00e9 produzida.<\/p>\n<p>A salamandra, um s\u00edmbolo de transforma\u00e7\u00e3o e adapta\u00e7\u00e3o, destaca-se sobre o fundo escuro da ta\u00e7a, tornando-a uma obra de arte que reflete a riqueza cultural da sua origem. Esta ta\u00e7a \u00e9 ideal para ser utilizada como recipiente para pequenas joias ou como um elegante acess\u00f3rio decorativo. Na Ol\u00e9 Mosaic, valorizamos a autenticidade e o design em cada um dos nossos produtos, e esta ta\u00e7a de coco vermelha \u00e9 uma excelente op\u00e7\u00e3o para turistas que procuram lembran\u00e7as \u00fanicas e representativas da cultura local. Como distribuidores de lembran\u00e7as artesanais, garantimos a qualidade e o car\u00e1ter distintivo que apenas pe\u00e7as como esta podem conferir a qualquer cole\u00e7\u00e3o.<\/p>\n","protected":false},"excerpt":{"rendered":"<p>Ta\u00e7a de coco vermelha, decorada com um encantador design de salamandra, perfeita para adicionar um toque de cor a qualquer canto. Este produto artesanal apresenta um acabamento brilhante e detalhes em vermelho intenso salpicados de cora\u00e7\u00f5es, emoldurando a figura da salamandra no centro. A sua estrutura de coco torna-a um objeto leve e resistente, ideal para decora\u00e7\u00e3o ou como recipiente para pequenas joias, evocando a rica cultura artesanal da regi\u00e3o.<\/p>\n","protected":false},"featured_media":10168,"template":"","meta":{"_acf_changed":false},"product_brand":[],"product_cat":[513],"product_tag":[516],"class_list":{"0":"post-30679","1":"product","2":"type-product","3":"status-publish","4":"has-post-thumbnail","6":"product_cat-bols","7":"product_tag-animais","8":"pa_motivo-salamandras","10":"first","11":"instock","12":"shipping-taxable","13":"product-type-simple"},"acf":[],"_links":{"self":[{"href":"https:\/\/olemosaic.com\/pt-pt\/wp-json\/wp\/v2\/product\/30679","targetHints":{"allow":["GET"]}}],"collection":[{"href":"https:\/\/olemosaic.com\/pt-pt\/wp-json\/wp\/v2\/product"}],"about":[{"href":"https:\/\/olemosaic.com\/pt-pt\/wp-json\/wp\/v2\/types\/product"}],"wp:featuredmedia":[{"embeddable":true,"href":"https:\/\/olemosaic.com\/pt-pt\/wp-json\/wp\/v2\/media\/10168"}],"wp:attachment":[{"href":"https:\/\/olemosaic.com\/pt-pt\/wp-json\/wp\/v2\/media?parent=30679"}],"wp:term":[{"taxonomy":"product_brand","embeddable":true,"href":"https:\/\/olemosaic.com\/pt-pt\/wp-json\/wp\/v2\/product_brand?post=30679"},{"taxonomy":"product_cat","embeddable":true,"href":"https:\/\/olemosaic.com\/pt-pt\/wp-json\/wp\/v2\/product_cat?post=30679"},{"taxonomy":"product_tag","embeddable":true,"href":"https:\/\/olemosaic.com\/pt-pt\/wp-json\/wp\/v2\/product_tag?post=30679"}],"curies":[{"name":"wp","href":"https:\/\/api.w.org\/{rel}","templated":true}]}}