{"id":30675,"date":"2025-02-20T22:31:05","date_gmt":"2025-02-20T22:31:05","guid":{"rendered":"http:\/\/olemosaic.com\/producto\/bol-de-coco-rojo-bailaora-2\/"},"modified":"2025-07-25T18:51:19","modified_gmt":"2025-07-25T16:51:19","slug":"taca-de-coco-vermelha-bailarina-2","status":"publish","type":"product","link":"https:\/\/olemosaic.com\/pt-pt\/produto\/taca-de-coco-vermelha-bailarina-2\/","title":{"rendered":"Ta\u00e7a de coco vermelha. Bailarina."},"content":{"rendered":"<p>Esta ta\u00e7a de coco vermelha \u00e9 uma pe\u00e7a decorativa cativante que evoca a vitalidade e a arte do flamenco, representando a rica cultura espanhola. Elaborada artesanalmente a partir de casca de coco, o seu acabamento brilhante em tons vermelhos e dourados real\u00e7a a paix\u00e3o da dan\u00e7a flamenca. O design central apresenta a figura de uma bailarina em plena express\u00e3o de movimento, capturando a ess\u00eancia do flamenco na sua forma mais pura. Este motivo \u00e9 rodeado por um padr\u00e3o de manchas coloridas que adicionam um toque vibrante e distintivo, tornando cada ta\u00e7a \u00fanica no seu design.<\/p>\n<p>Ideal para decorar qualquer espa\u00e7o, esta ta\u00e7a n\u00e3o \u00e9 apenas um objeto est\u00e9tico, mas tamb\u00e9m uma recorda\u00e7\u00e3o aut\u00eantica que celebra a heran\u00e7a cultural de Espanha. O seu car\u00e1ter artesanal e a sua liga\u00e7\u00e3o ao folclore andaluz tornam-na um presente perfeito para turistas que procuram lembran\u00e7as com hist\u00f3ria. Na Ol\u00e9 Mosaic, especializamo-nos na distribui\u00e7\u00e3o de lembran\u00e7as por grosso, e esta ta\u00e7a de coco vermelha \u00e9 uma excelente op\u00e7\u00e3o para lojas de presentes que procuram artigos com um valor cultural significativo. Com a sua mistura de arte e tradi\u00e7\u00e3o, esta ta\u00e7a ergue-se como um s\u00edmbolo representativo do esp\u00edrito do flamenco e da rica cultura de Espanha.<\/p>\n","protected":false},"excerpt":{"rendered":"<p>Ta\u00e7a de coco vermelha decorada com um design vibrante que representa uma bailarina de flamenco. Este artigo artesanal \u00e9 elaborado a partir de casca de coco, com um acabamento brilhante em tons vermelhos e dourados que evocam a paix\u00e3o da dan\u00e7a flamenca. A figura da bailarina destaca-se no centro, rodeada por um padr\u00e3o de manchas coloridas que lhe conferem um toque art\u00edstico e distintivo. Ideal como pe\u00e7a decorativa ou como presente que celebra a cultura espanhola.<\/p>\n","protected":false},"featured_media":13418,"template":"","meta":{"_acf_changed":false},"product_brand":[],"product_cat":[513],"product_tag":[],"class_list":{"0":"post-30675","1":"product","2":"type-product","3":"status-publish","4":"has-post-thumbnail","6":"product_cat-bols","7":"pa_motivo-dancarinos","9":"first","10":"instock","11":"shipping-taxable","12":"product-type-simple"},"acf":[],"_links":{"self":[{"href":"https:\/\/olemosaic.com\/pt-pt\/wp-json\/wp\/v2\/product\/30675","targetHints":{"allow":["GET"]}}],"collection":[{"href":"https:\/\/olemosaic.com\/pt-pt\/wp-json\/wp\/v2\/product"}],"about":[{"href":"https:\/\/olemosaic.com\/pt-pt\/wp-json\/wp\/v2\/types\/product"}],"wp:featuredmedia":[{"embeddable":true,"href":"https:\/\/olemosaic.com\/pt-pt\/wp-json\/wp\/v2\/media\/13418"}],"wp:attachment":[{"href":"https:\/\/olemosaic.com\/pt-pt\/wp-json\/wp\/v2\/media?parent=30675"}],"wp:term":[{"taxonomy":"product_brand","embeddable":true,"href":"https:\/\/olemosaic.com\/pt-pt\/wp-json\/wp\/v2\/product_brand?post=30675"},{"taxonomy":"product_cat","embeddable":true,"href":"https:\/\/olemosaic.com\/pt-pt\/wp-json\/wp\/v2\/product_cat?post=30675"},{"taxonomy":"product_tag","embeddable":true,"href":"https:\/\/olemosaic.com\/pt-pt\/wp-json\/wp\/v2\/product_tag?post=30675"}],"curies":[{"name":"wp","href":"https:\/\/api.w.org\/{rel}","templated":true}]}}