{"id":30634,"date":"2025-02-20T23:31:05","date_gmt":"2025-02-20T22:31:05","guid":{"rendered":"http:\/\/olemosaic.com\/producto\/bol-de-coco-rojo-delfin-mallorca-3\/"},"modified":"2025-07-25T18:59:54","modified_gmt":"2025-07-25T16:59:54","slug":"taca-de-coco-vermelha-golfinho-maiorca-3","status":"publish","type":"product","link":"https:\/\/olemosaic.com\/pt-pt\/produto\/taca-de-coco-vermelha-golfinho-maiorca-3\/","title":{"rendered":"Ta\u00e7a de coco vermelha. Golfinho. Maiorca. Balear."},"content":{"rendered":"<p>Esta ta\u00e7a de coco vermelha \u00e9 uma pe\u00e7a cativante que evoca a beleza do mar Mediterr\u00e2neo, concretamente de Maiorca. Com um design encantador de golfinhos, simboliza a vibrante vida marinha desta ilha espanhola, famosa pelas suas praias e paisagens costeiras. Fabricada com mat\u00e9ria-prima natural, esta ta\u00e7a destaca-se pelo seu acabamento em mosaico em tons vermelhos e brancos, que confere um toque tropical e alegre, perfeito para qualquer lar.<\/p>\n<p>A sua forma curva e elegante n\u00e3o s\u00f3 a torna um objeto funcional ideal para servir saladas, aperitivos ou frutas, como tamb\u00e9m \u00e9 perfeita como elemento decorativo que evoca as brisas quentes do Mediterr\u00e2neo. As delicadas representa\u00e7\u00f5es de golfinhos que adornam a sua superf\u00edcie n\u00e3o s\u00f3 s\u00e3o visualmente atraentes, como tamb\u00e9m prestam homenagem \u00e0 rica fauna marinha da regi\u00e3o, criando uma liga\u00e7\u00e3o direta com o ambiente natural de Maiorca.<\/p>\n<p>Esta ta\u00e7a \u00e9 um souvenir excecional que combina arte e funcionalidade, tornando-se uma recorda\u00e7\u00e3o representativa que os turistas podem levar para casa. Na Ol\u00e9 Mosaic, orgulhamo-nos de oferecer produtos aut\u00eanticos que refletem a cultura local. Esta ta\u00e7a de coco \u00e9 uma excelente op\u00e7\u00e3o para lojas de presentes tur\u00edsticos que procuram souvenirs de qualidade, aut\u00eanticos e relevantes, ideais para quem deseja levar um pedacinho de Maiorca consigo. Como grossistas de produtos \u00fanicos como este, garantimos que cada pe\u00e7a conta com um design artesanal que destaca a tradi\u00e7\u00e3o e o calor da ilha.<\/p>\n","protected":false},"excerpt":{"rendered":"<p>Ta\u00e7a de coco vermelha decorada com um encantador design de golfinhos, que representa a beleza e a vida marinha de Maiorca. Esta ta\u00e7a, feita com mat\u00e9ria-prima natural, apresenta um acabamento em mosaico em tons vermelhos e brancos, o que lhe confere um toque vibrante e tropical. A sua forma curva e elegante torna-a uma pe\u00e7a ideal para servir ou para decorar, evocando a ess\u00eancia do Mediterr\u00e2neo em qualquer lar. Um souvenir perfeito que combina arte e funcionalidade.<\/p>\n","protected":false},"featured_media":11890,"template":"","meta":{"_acf_changed":false},"product_brand":[],"product_cat":[513],"product_tag":[516],"class_list":{"0":"post-30634","1":"product","2":"type-product","3":"status-publish","4":"has-post-thumbnail","6":"product_cat-bols","7":"product_tag-animais","8":"pa_ciudad-mallorca","9":"pa_motivo-golfinhos","10":"pa_pais-espana","12":"first","13":"instock","14":"shipping-taxable","15":"product-type-simple"},"acf":[],"_links":{"self":[{"href":"https:\/\/olemosaic.com\/pt-pt\/wp-json\/wp\/v2\/product\/30634","targetHints":{"allow":["GET"]}}],"collection":[{"href":"https:\/\/olemosaic.com\/pt-pt\/wp-json\/wp\/v2\/product"}],"about":[{"href":"https:\/\/olemosaic.com\/pt-pt\/wp-json\/wp\/v2\/types\/product"}],"wp:featuredmedia":[{"embeddable":true,"href":"https:\/\/olemosaic.com\/pt-pt\/wp-json\/wp\/v2\/media\/11890"}],"wp:attachment":[{"href":"https:\/\/olemosaic.com\/pt-pt\/wp-json\/wp\/v2\/media?parent=30634"}],"wp:term":[{"taxonomy":"product_brand","embeddable":true,"href":"https:\/\/olemosaic.com\/pt-pt\/wp-json\/wp\/v2\/product_brand?post=30634"},{"taxonomy":"product_cat","embeddable":true,"href":"https:\/\/olemosaic.com\/pt-pt\/wp-json\/wp\/v2\/product_cat?post=30634"},{"taxonomy":"product_tag","embeddable":true,"href":"https:\/\/olemosaic.com\/pt-pt\/wp-json\/wp\/v2\/product_tag?post=30634"}],"curies":[{"name":"wp","href":"https:\/\/api.w.org\/{rel}","templated":true}]}}