{"id":30633,"date":"2025-02-20T23:31:05","date_gmt":"2025-02-20T22:31:05","guid":{"rendered":"http:\/\/olemosaic.com\/producto\/bol-de-coco-rojo-mano-3\/"},"modified":"2025-07-25T19:04:16","modified_gmt":"2025-07-25T17:04:16","slug":"taca-de-coco-vermelha-mao-3","status":"publish","type":"product","link":"https:\/\/olemosaic.com\/pt-pt\/produto\/taca-de-coco-vermelha-mao-3\/","title":{"rendered":"Ta\u00e7a de coco vermelha. M\u00e3o de F\u00e1tima."},"content":{"rendered":"<p>Esta ta\u00e7a de coco vermelha \u00e9 uma pe\u00e7a art\u00edstica elaborada de forma artesanal, ideal para quem procura adicionar um toque vibrante e cultural ao seu lar. O seu interior, cheio de vida, apresenta-se em cativantes tons vermelhos e dourados, onde se destaca um motivo distintivo em forma de m\u00e3o, que simboliza prote\u00e7\u00e3o e boa sorte, elementos profundamente enraizados em v\u00e1rias culturas do Mediterr\u00e2neo. A superf\u00edcie da ta\u00e7a, com um acabamento brilhante que convida \u00e0 admira\u00e7\u00e3o, acentua a singularidade do material, que n\u00e3o s\u00f3 \u00e9 decorativo, como tamb\u00e9m funcional. \u00c9 perfeita como acess\u00f3rio para decorar qualquer espa\u00e7o ou para servir deliciosos aperitivos em reuni\u00f5es sociais, acrescentando um ar de sofistica\u00e7\u00e3o e autenticidade.<\/p>\n<p>A ta\u00e7a de coco vermelha representa uma rica tradi\u00e7\u00e3o artesanal que liga ao patrim\u00f3nio cultural da regi\u00e3o mediterr\u00e2nica, onde a criatividade e o simbolismo desempenham um papel importante. Esta recorda\u00e7\u00e3o n\u00e3o s\u00f3 capta a ess\u00eancia da arte local, como tamb\u00e9m se torna um presente significativo para quem visita a zona. Na Ol\u00e9 Mosaic, distribu\u00edmos produtos \u00fanicos que refletem a cultura mediterr\u00e2nica, oferecendo \u00e0s lojas de presentes tur\u00edsticos a oportunidade de adquirir recorda\u00e7\u00f5es aut\u00eanticas e de qualidade. Esta ta\u00e7a de coco \u00e9 uma excelente op\u00e7\u00e3o para quem procura souvenirs de decora\u00e7\u00e3o que sejam simultaneamente belos e cheios de significado.<\/p>\n","protected":false},"excerpt":{"rendered":"<p>Ta\u00e7a de coco vermelha feita \u00e0 m\u00e3o, ideal para decorar qualquer espa\u00e7o com um toque vibrante e cultural. Esta ta\u00e7a apresenta um design interior em tons vermelhos e dourados, com um motivo distintivo em forma de m\u00e3o que simboliza prote\u00e7\u00e3o e boa sorte. A textura da sua superf\u00edcie, com um acabamento brilhante, complementa a singularidade do material. Perfeita como acess\u00f3rio decorativo ou para servir aperitivos, a sua est\u00e9tica apelativa real\u00e7a a rica tradi\u00e7\u00e3o artesanal.<\/p>\n","protected":false},"featured_media":13430,"template":"","meta":{"_acf_changed":false},"product_brand":[],"product_cat":[513],"product_tag":[],"class_list":{"0":"post-30633","1":"product","2":"type-product","3":"status-publish","4":"has-post-thumbnail","6":"product_cat-bols","7":"pa_motivo-maos","9":"first","10":"instock","11":"shipping-taxable","12":"product-type-simple"},"acf":[],"_links":{"self":[{"href":"https:\/\/olemosaic.com\/pt-pt\/wp-json\/wp\/v2\/product\/30633","targetHints":{"allow":["GET"]}}],"collection":[{"href":"https:\/\/olemosaic.com\/pt-pt\/wp-json\/wp\/v2\/product"}],"about":[{"href":"https:\/\/olemosaic.com\/pt-pt\/wp-json\/wp\/v2\/types\/product"}],"wp:featuredmedia":[{"embeddable":true,"href":"https:\/\/olemosaic.com\/pt-pt\/wp-json\/wp\/v2\/media\/13430"}],"wp:attachment":[{"href":"https:\/\/olemosaic.com\/pt-pt\/wp-json\/wp\/v2\/media?parent=30633"}],"wp:term":[{"taxonomy":"product_brand","embeddable":true,"href":"https:\/\/olemosaic.com\/pt-pt\/wp-json\/wp\/v2\/product_brand?post=30633"},{"taxonomy":"product_cat","embeddable":true,"href":"https:\/\/olemosaic.com\/pt-pt\/wp-json\/wp\/v2\/product_cat?post=30633"},{"taxonomy":"product_tag","embeddable":true,"href":"https:\/\/olemosaic.com\/pt-pt\/wp-json\/wp\/v2\/product_tag?post=30633"}],"curies":[{"name":"wp","href":"https:\/\/api.w.org\/{rel}","templated":true}]}}