{"id":30632,"date":"2025-02-20T22:31:05","date_gmt":"2025-02-20T22:31:05","guid":{"rendered":"http:\/\/olemosaic.com\/producto\/bol-de-coco-rojo-tortuga-gran-canaria-2\/"},"modified":"2025-07-25T18:55:20","modified_gmt":"2025-07-25T16:55:20","slug":"taca-de-coco-vermelha-tartaruga-gran-canaria-2","status":"publish","type":"product","link":"https:\/\/olemosaic.com\/pt-pt\/produto\/taca-de-coco-vermelha-tartaruga-gran-canaria-2\/","title":{"rendered":"Ta\u00e7a de coco vermelha. Tartaruga. Gran Can\u00e1ria."},"content":{"rendered":"<p>Esta ta\u00e7a de coco vermelha, uma pe\u00e7a artesanal, encarna a ess\u00eancia vibrante da Gran Can\u00e1ria. Com um fundo preto salpicado de manchas que evocam as ondas do oceano, a ta\u00e7a destaca-se pelo seu design decorado com cora\u00e7\u00f5es vermelhos, que infundem alegria e energia em qualquer espa\u00e7o. No centro, uma tartaruga, s\u00edmbolo da vida marinha das ilhas, acrescenta um toque distintivo e ligado \u00e0 rica biodiversidade da Gran Can\u00e1ria. A inscri\u00e7\u00e3o &#8220;GRAN CANARIA&#8221; na parte inferior refor\u00e7a a sua autenticidade como recorda\u00e7\u00e3o t\u00edpica desta regi\u00e3o paradis\u00edaca.<\/p>\n<p>Esta ta\u00e7a n\u00e3o s\u00f3 \u00e9 visualmente atraente, como tamb\u00e9m funcional, ideal para decorar a casa ou como presente com significado cultural. A tartaruga representa a fauna \u00fanica das Ilhas Can\u00e1rias, enquanto os cora\u00e7\u00f5es simbolizam o calor e o amor que caracteriza os seus habitantes. Na Ol\u00e9 Mosaic, especialistas na distribui\u00e7\u00e3o de souvenirs por grosso, oferecemos produtos que celebram a cultura can\u00e1ria e a sua tradi\u00e7\u00e3o artesanal. Esta ta\u00e7a de coco vermelha \u00e9 uma excelente op\u00e7\u00e3o para lojas de presentes tur\u00edsticos que procuram souvenirs aut\u00eanticos e representativos. Com ela, os visitantes podem levar um pedacinho da Gran Can\u00e1ria, ideal para recordar a beleza e a riqueza cultural das ilhas.<\/p>\n","protected":false},"excerpt":{"rendered":"<p>Ta\u00e7a de coco vermelha decorada com uma tartaruga, que representa a ess\u00eancia da Gran Can\u00e1ria. Esta atraente ta\u00e7a apresenta um fundo preto salpicado e um design de cora\u00e7\u00f5es em vermelho vibrante, complementado com a figura de uma tartaruga no centro. A inscri\u00e7\u00e3o &#8220;GRAN CANARIA&#8221; destaca-se na parte inferior, tornando este artigo uma pe\u00e7a \u00fanica e funcional, ideal para adornar o seu lar ou como um presente representativo das Ilhas Can\u00e1rias.<\/p>\n","protected":false},"featured_media":10272,"template":"","meta":{"_acf_changed":false},"product_brand":[],"product_cat":[513],"product_tag":[516],"class_list":{"0":"post-30632","1":"product","2":"type-product","3":"status-publish","4":"has-post-thumbnail","6":"product_cat-bols","7":"product_tag-animais","8":"pa_ciudad-gran-canaria","9":"pa_motivo-tartarugas","10":"pa_pais-espana","12":"first","13":"instock","14":"shipping-taxable","15":"product-type-simple"},"acf":[],"_links":{"self":[{"href":"https:\/\/olemosaic.com\/pt-pt\/wp-json\/wp\/v2\/product\/30632","targetHints":{"allow":["GET"]}}],"collection":[{"href":"https:\/\/olemosaic.com\/pt-pt\/wp-json\/wp\/v2\/product"}],"about":[{"href":"https:\/\/olemosaic.com\/pt-pt\/wp-json\/wp\/v2\/types\/product"}],"wp:featuredmedia":[{"embeddable":true,"href":"https:\/\/olemosaic.com\/pt-pt\/wp-json\/wp\/v2\/media\/10272"}],"wp:attachment":[{"href":"https:\/\/olemosaic.com\/pt-pt\/wp-json\/wp\/v2\/media?parent=30632"}],"wp:term":[{"taxonomy":"product_brand","embeddable":true,"href":"https:\/\/olemosaic.com\/pt-pt\/wp-json\/wp\/v2\/product_brand?post=30632"},{"taxonomy":"product_cat","embeddable":true,"href":"https:\/\/olemosaic.com\/pt-pt\/wp-json\/wp\/v2\/product_cat?post=30632"},{"taxonomy":"product_tag","embeddable":true,"href":"https:\/\/olemosaic.com\/pt-pt\/wp-json\/wp\/v2\/product_tag?post=30632"}],"curies":[{"name":"wp","href":"https:\/\/api.w.org\/{rel}","templated":true}]}}