{"id":30631,"date":"2025-02-20T23:31:04","date_gmt":"2025-02-20T22:31:04","guid":{"rendered":"http:\/\/olemosaic.com\/producto\/bol-de-coco-rojo-isla-tenerife-3\/"},"modified":"2025-07-25T18:49:17","modified_gmt":"2025-07-25T16:49:17","slug":"taca-de-coco-vermelha-ilha-tenerife-3","status":"publish","type":"product","link":"https:\/\/olemosaic.com\/pt-pt\/produto\/taca-de-coco-vermelha-ilha-tenerife-3\/","title":{"rendered":"Ta\u00e7a de coco vermelha. Ilha. Tenerife. Can\u00e1rias."},"content":{"rendered":"<p>Esta ta\u00e7a de coco vermelha \u00e9 uma pe\u00e7a artesanal que encerra a ess\u00eancia da ilha de Tenerife, um lugar onde a natureza e a cultura se entrela\u00e7am de forma \u00fanica. Elaborada com casca de coco, esta atraente ta\u00e7a apresenta um vibrante fundo vermelho que real\u00e7a o contorno da ilha de Tenerife em branco, criando um contraste visual que cativa. A decora\u00e7\u00e3o da ta\u00e7a inclui um rebordo adornado com detalhes brancos, conferindo um ar moderno e colorido que a torna um elemento decorativo excecional ou o recipiente ideal para servir aperitivos.<\/p>\n<p>O design n\u00e3o s\u00f3 \u00e9 esteticamente agrad\u00e1vel, como tamb\u00e9m reflete a rica heran\u00e7a cultural das Can\u00e1rias. Usar esta ta\u00e7a \u00e9 recordar a beleza de Tenerife, evocando paisagens impressionantes e tradi\u00e7\u00f5es locais em cada ocasi\u00e3o. Esta ta\u00e7a de coco \u00e9 uma recorda\u00e7\u00e3o aut\u00eantica que representa o esp\u00edrito can\u00e1rio, proporcionando uma liga\u00e7\u00e3o especial com a ilha para quem a adquire.<\/p>\n<p>Na Ol\u00e9 Mosaic, dedicamo-nos a ser o distribuidor de souvenirs de qualidade, oferecendo produtos que real\u00e7am a autenticidade e a arte de cada regi\u00e3o. Esta ta\u00e7a de coco \u00e9 uma excelente op\u00e7\u00e3o para lojas de presentes tur\u00edsticos que procuram souvenirs de Tenerife \u00fanicos e memor\u00e1veis. Como grossistas de souvenirs, garantimos a entrega de artigos que celebram a cultura e as tradi\u00e7\u00f5es can\u00e1rias, embelezando qualquer cole\u00e7\u00e3o de recorda\u00e7\u00f5es.<\/p>\n","protected":false},"excerpt":{"rendered":"<p>Ta\u00e7a de coco vermelha, um artesanato t\u00edpico de Tenerife. Esta atraente ta\u00e7a \u00e9 elaborada com casca de coco, decorada com um vibrante fundo vermelho e o contorno da ilha de Tenerife em branco. O seu design apresenta um rebordo adornado com detalhes brancos, que lhe conferem um ar moderno e colorido. Ideal para servir aperitivos ou como objeto decorativo, \u00e9 uma pe\u00e7a \u00fanica que reflete o esp\u00edrito can\u00e1rio. Perfeita para recordar a beleza de Tenerife em cada utiliza\u00e7\u00e3o.<\/p>\n","protected":false},"featured_media":11788,"template":"","meta":{"_acf_changed":false},"product_brand":[],"product_cat":[513],"product_tag":[],"class_list":{"0":"post-30631","1":"product","2":"type-product","3":"status-publish","4":"has-post-thumbnail","6":"product_cat-bols","7":"pa_ciudad-tenerife","8":"pa_motivo-ilhas","9":"pa_pais-espana","11":"first","12":"instock","13":"shipping-taxable","14":"product-type-simple"},"acf":[],"_links":{"self":[{"href":"https:\/\/olemosaic.com\/pt-pt\/wp-json\/wp\/v2\/product\/30631","targetHints":{"allow":["GET"]}}],"collection":[{"href":"https:\/\/olemosaic.com\/pt-pt\/wp-json\/wp\/v2\/product"}],"about":[{"href":"https:\/\/olemosaic.com\/pt-pt\/wp-json\/wp\/v2\/types\/product"}],"wp:featuredmedia":[{"embeddable":true,"href":"https:\/\/olemosaic.com\/pt-pt\/wp-json\/wp\/v2\/media\/11788"}],"wp:attachment":[{"href":"https:\/\/olemosaic.com\/pt-pt\/wp-json\/wp\/v2\/media?parent=30631"}],"wp:term":[{"taxonomy":"product_brand","embeddable":true,"href":"https:\/\/olemosaic.com\/pt-pt\/wp-json\/wp\/v2\/product_brand?post=30631"},{"taxonomy":"product_cat","embeddable":true,"href":"https:\/\/olemosaic.com\/pt-pt\/wp-json\/wp\/v2\/product_cat?post=30631"},{"taxonomy":"product_tag","embeddable":true,"href":"https:\/\/olemosaic.com\/pt-pt\/wp-json\/wp\/v2\/product_tag?post=30631"}],"curies":[{"name":"wp","href":"https:\/\/api.w.org\/{rel}","templated":true}]}}