{"id":30630,"date":"2025-02-20T22:31:04","date_gmt":"2025-02-20T22:31:04","guid":{"rendered":"http:\/\/olemosaic.com\/producto\/bol-de-coco-rojo-isla-mallorca-2\/"},"modified":"2025-07-25T20:55:58","modified_gmt":"2025-07-25T18:55:58","slug":"taca-de-coco-vermelha-ilha-maiorca-2","status":"publish","type":"product","link":"https:\/\/olemosaic.com\/pt-pt\/produto\/taca-de-coco-vermelha-ilha-maiorca-2\/","title":{"rendered":"Ta\u00e7a de coco vermelha. Ilha. Maiorca."},"content":{"rendered":"<p>Esta ta\u00e7a de coco vermelha \u00e9 uma pe\u00e7a artesanal que se destaca pelo seu design, inspirado na beleza natural da ilha de Maiorca. Fabricada com uma casca de coco aut\u00eantica, o interior apresenta um acabamento em tons claros que real\u00e7a a sua singularidade. O exterior est\u00e1 adornado com detalhes vermelhos, que evocam o calor e a vibrante paisagem maiorquina. Na base da ta\u00e7a, um elegante mapa de Maiorca acrescenta um car\u00e1cter local distintivo e converte esta pe\u00e7a numa recorda\u00e7\u00e3o representativa da ilha.<\/p>\n<p>Com o seu design moderno e funcional, esta ta\u00e7a n\u00e3o s\u00f3 \u00e9 decorativa, como tamb\u00e9m \u00e9 perfeita para apresentar pequenas del\u00edcias, como aperitivos ou frutas. A sua est\u00e9tica \u00fanica torna-a ideal para qualquer lar, trazendo um toque da cultura balear \u00e0 mesa. Sendo um produto desenhado e elaborado com t\u00e9cnicas tradicionais, esta ta\u00e7a de coco \u00e9 um aut\u00eantico souvenir, que recorda aos turistas a riqueza cultural de Maiorca.<\/p>\n<p>Na Ol\u00e9 Mosaic, somos distribuidores de souvenirs por grosso e oferecemos produtos aut\u00eanticos e de qualidade que captam a ess\u00eancia de cada regi\u00e3o. Esta ta\u00e7a de coco vermelha \u00e9 uma excelente op\u00e7\u00e3o para lojas de presentes tur\u00edsticos que procuram oferecer aos seus clientes recorda\u00e7\u00f5es \u00fanicas e significativas que representem a tradi\u00e7\u00e3o e beleza de Maiorca.<\/p>\n","protected":false},"excerpt":{"rendered":"<p>Ta\u00e7a de coco vermelha com design inspirado em Maiorca. Esta encantadora ta\u00e7a apresenta um interior em tons claros, adornado com detalhes vermelhos que evocam a beleza natural da ilha. Na sua base, destaca-se um elegante mapa de Maiorca, que lhe confere um toque distintivo. Fabricada com uma casca de coco aut\u00eantica, \u00e9 uma pe\u00e7a \u00fanica que combina o artesanato tradicional com um estilo moderno, ideal para decorar ou servir pequenas del\u00edcias.<\/p>\n","protected":false},"featured_media":11878,"template":"","meta":{"_acf_changed":false},"product_brand":[],"product_cat":[513],"product_tag":[],"class_list":{"0":"post-30630","1":"product","2":"type-product","3":"status-publish","4":"has-post-thumbnail","6":"product_cat-bols","7":"pa_ciudad-mallorca","8":"pa_motivo-ilhas","9":"pa_pais-espana","11":"first","12":"instock","13":"shipping-taxable","14":"product-type-simple"},"acf":[],"_links":{"self":[{"href":"https:\/\/olemosaic.com\/pt-pt\/wp-json\/wp\/v2\/product\/30630","targetHints":{"allow":["GET"]}}],"collection":[{"href":"https:\/\/olemosaic.com\/pt-pt\/wp-json\/wp\/v2\/product"}],"about":[{"href":"https:\/\/olemosaic.com\/pt-pt\/wp-json\/wp\/v2\/types\/product"}],"wp:featuredmedia":[{"embeddable":true,"href":"https:\/\/olemosaic.com\/pt-pt\/wp-json\/wp\/v2\/media\/11878"}],"wp:attachment":[{"href":"https:\/\/olemosaic.com\/pt-pt\/wp-json\/wp\/v2\/media?parent=30630"}],"wp:term":[{"taxonomy":"product_brand","embeddable":true,"href":"https:\/\/olemosaic.com\/pt-pt\/wp-json\/wp\/v2\/product_brand?post=30630"},{"taxonomy":"product_cat","embeddable":true,"href":"https:\/\/olemosaic.com\/pt-pt\/wp-json\/wp\/v2\/product_cat?post=30630"},{"taxonomy":"product_tag","embeddable":true,"href":"https:\/\/olemosaic.com\/pt-pt\/wp-json\/wp\/v2\/product_tag?post=30630"}],"curies":[{"name":"wp","href":"https:\/\/api.w.org\/{rel}","templated":true}]}}