{"id":30624,"date":"2025-02-20T23:31:04","date_gmt":"2025-02-20T22:31:04","guid":{"rendered":"http:\/\/olemosaic.com\/producto\/bol-de-coco-rojo-delfin-gran-canaria-2\/"},"modified":"2025-07-25T18:34:23","modified_gmt":"2025-07-25T16:34:23","slug":"taca-de-coco-vermelha-golfinho-gran-canaria-2","status":"publish","type":"product","link":"https:\/\/olemosaic.com\/pt-pt\/produto\/taca-de-coco-vermelha-golfinho-gran-canaria-2\/","title":{"rendered":"Ta\u00e7a de coco vermelha. Golfinho. Gran Canaria."},"content":{"rendered":"<p>Esta ta\u00e7a de coco vermelha \u00e9 uma pe\u00e7a artesanal que captura a ess\u00eancia do oceano de Gran Canaria, tornando-a uma encantadora recorda\u00e7\u00e3o da ilha. De design artesanal, esta ta\u00e7a apresenta uma superf\u00edcie vibrante em tons vermelhos que evocam os belos pores do sol das Can\u00e1rias. O seu design \u00e9 adornado com golfinhos, s\u00edmbolos da fauna marinha e da beleza natural que rodeia a costa, real\u00e7ando a liga\u00e7\u00e3o entre a arte e a natureza.<\/p>\n<p>Os detalhes dourados, que embelezam a ta\u00e7a, n\u00e3o s\u00f3 conferem um ar de eleg\u00e2ncia, como tamb\u00e9m destacam o emblema de Gran Canaria, fundindo a tradi\u00e7\u00e3o cultural com a frescura tropical. As formas suaves da ta\u00e7a, juntamente com o seu acabamento brilhante, tornam-na um elemento decorativo perfeito tanto para a casa como para montras, evocando sensa\u00e7\u00f5es de calma e beleza do oceano. Este produto n\u00e3o \u00e9 apenas uma bela recorda\u00e7\u00e3o, mas tamb\u00e9m constitui uma excelente op\u00e7\u00e3o para os turistas que procuram recorda\u00e7\u00f5es aut\u00eanticas de Gran Canaria.<\/p>\n<p>Na Ol\u00e9 Mosaic, especializamo-nos na distribui\u00e7\u00e3o por grosso de recorda\u00e7\u00f5es que celebram a riqueza cultural e natural de Espanha. Esta ta\u00e7a de coco \u00e9 uma fant\u00e1stica adi\u00e7\u00e3o \u00e0 oferta de lojas de presentes tur\u00edsticos que procuram produtos que reflitam a ess\u00eancia dos seus destinos. Com a nossa cole\u00e7\u00e3o de recorda\u00e7\u00f5es de Gran Canaria, garantimos autenticidade e qualidade em cada pe\u00e7a.<\/p>\n","protected":false},"excerpt":{"rendered":"<p>Ta\u00e7a de coco vermelha, decorada com um design de golfinhos que evoca a beleza do oceano de Gran Canaria. Esta elegante ta\u00e7a, elaborada \u00e0 m\u00e3o, apresenta uma superf\u00edcie vibrante em tons vermelhos e detalhes dourados que real\u00e7am o emblema da ilha. As suas formas suaves e o seu acabamento brilhante tornam-na uma recorda\u00e7\u00e3o perfeita ou um elemento decorativo que evoca o encanto tropical e a fauna marinha caracter\u00edstica de Gran Canaria.<\/p>\n","protected":false},"featured_media":10148,"template":"","meta":{"_acf_changed":false},"product_brand":[],"product_cat":[513],"product_tag":[516],"class_list":{"0":"post-30624","1":"product","2":"type-product","3":"status-publish","4":"has-post-thumbnail","6":"product_cat-bols","7":"product_tag-animais","8":"pa_ciudad-gran-canaria","9":"pa_motivo-golfinhos","10":"pa_pais-espana","12":"first","13":"instock","14":"shipping-taxable","15":"product-type-simple"},"acf":[],"_links":{"self":[{"href":"https:\/\/olemosaic.com\/pt-pt\/wp-json\/wp\/v2\/product\/30624","targetHints":{"allow":["GET"]}}],"collection":[{"href":"https:\/\/olemosaic.com\/pt-pt\/wp-json\/wp\/v2\/product"}],"about":[{"href":"https:\/\/olemosaic.com\/pt-pt\/wp-json\/wp\/v2\/types\/product"}],"wp:featuredmedia":[{"embeddable":true,"href":"https:\/\/olemosaic.com\/pt-pt\/wp-json\/wp\/v2\/media\/10148"}],"wp:attachment":[{"href":"https:\/\/olemosaic.com\/pt-pt\/wp-json\/wp\/v2\/media?parent=30624"}],"wp:term":[{"taxonomy":"product_brand","embeddable":true,"href":"https:\/\/olemosaic.com\/pt-pt\/wp-json\/wp\/v2\/product_brand?post=30624"},{"taxonomy":"product_cat","embeddable":true,"href":"https:\/\/olemosaic.com\/pt-pt\/wp-json\/wp\/v2\/product_cat?post=30624"},{"taxonomy":"product_tag","embeddable":true,"href":"https:\/\/olemosaic.com\/pt-pt\/wp-json\/wp\/v2\/product_tag?post=30624"}],"curies":[{"name":"wp","href":"https:\/\/api.w.org\/{rel}","templated":true}]}}