{"id":30622,"date":"2025-02-20T23:31:04","date_gmt":"2025-02-20T22:31:04","guid":{"rendered":"http:\/\/olemosaic.com\/producto\/bol-de-coco-rojo-mariposa-3\/"},"modified":"2025-07-25T20:27:04","modified_gmt":"2025-07-25T18:27:04","slug":"taca-de-coco-vermelha-borboleta-3","status":"publish","type":"product","link":"https:\/\/olemosaic.com\/pt-pt\/produto\/taca-de-coco-vermelha-borboleta-3\/","title":{"rendered":"Ta\u00e7a de coco vermelha. Borboleta."},"content":{"rendered":"<p>Esta ta\u00e7a de coco vermelha \u00e9 uma pe\u00e7a artesanal espetacular que confere um toque vibrante e elegante a qualquer casa. Com a sua forma org\u00e2nica e um acabamento brilhante, esta ta\u00e7a destaca-se pela sua cor vermelha radiante, que evoca calor e alegria. No centro, apresenta um belo design de borboleta num delicado tom branco, criando um espl\u00eandido contraste que real\u00e7a a beleza da arte tradicional. Elaborada completamente \u00e0 m\u00e3o, esta ta\u00e7a \u00e9 um testemunho do cuidado e da mestria envolvidos na sua cria\u00e7\u00e3o, o que a torna uma aut\u00eantica recorda\u00e7\u00e3o que representa a rica cultura art\u00edstica.<\/p>\n<p>A ta\u00e7a n\u00e3o \u00e9 apenas funcional, ideal para servir aperitivos, mas tamb\u00e9m \u00e9 uma pe\u00e7a ornamental que embeleza qualquer estilo de decora\u00e7\u00e3o. A sua singularidade e atrativo tornam-na uma op\u00e7\u00e3o perfeita para turistas que procuram recorda\u00e7\u00f5es aut\u00eanticas e significativas da sua experi\u00eancia na regi\u00e3o. Na Ol\u00e9 Mosaic, somos distribuidores de recorda\u00e7\u00f5es que valorizam a autenticidade e a arte local, e esta ta\u00e7a de coco vermelha \u00e9 uma excelente adi\u00e7\u00e3o \u00e0 oferta de qualquer loja de presentes tur\u00edsticos. Ao escolher esta ta\u00e7a, n\u00e3o s\u00f3 adquire um objeto decorativo, como tamb\u00e9m um peda\u00e7o de tradi\u00e7\u00e3o e cultura que perdurar\u00e1 no tempo.<\/p>\n","protected":false},"excerpt":{"rendered":"<p>Ta\u00e7a de coco vermelha decorada com um elegante design de borboleta. Esta atraente ta\u00e7a, de forma org\u00e2nica e acabamento brilhante, apresenta uma cor vermelha vibrante que real\u00e7a a sua singularidade. A borboleta, situada no centro, destaca-se com um delicado toque branco, criando um belo contraste. Elaborada \u00e0 m\u00e3o, este produto captura a ess\u00eancia da arte tradicional, tornando-o um elemento decorativo perfeito para qualquer casa. Ideal para servir aperitivos ou como pe\u00e7a ornamental.<\/p>\n","protected":false},"featured_media":13394,"template":"","meta":{"_acf_changed":false},"product_brand":[],"product_cat":[513],"product_tag":[516],"class_list":{"0":"post-30622","1":"product","2":"type-product","3":"status-publish","4":"has-post-thumbnail","6":"product_cat-bols","7":"product_tag-animais","8":"pa_motivo-borboletas","10":"first","11":"instock","12":"shipping-taxable","13":"product-type-simple"},"acf":[],"_links":{"self":[{"href":"https:\/\/olemosaic.com\/pt-pt\/wp-json\/wp\/v2\/product\/30622","targetHints":{"allow":["GET"]}}],"collection":[{"href":"https:\/\/olemosaic.com\/pt-pt\/wp-json\/wp\/v2\/product"}],"about":[{"href":"https:\/\/olemosaic.com\/pt-pt\/wp-json\/wp\/v2\/types\/product"}],"wp:featuredmedia":[{"embeddable":true,"href":"https:\/\/olemosaic.com\/pt-pt\/wp-json\/wp\/v2\/media\/13394"}],"wp:attachment":[{"href":"https:\/\/olemosaic.com\/pt-pt\/wp-json\/wp\/v2\/media?parent=30622"}],"wp:term":[{"taxonomy":"product_brand","embeddable":true,"href":"https:\/\/olemosaic.com\/pt-pt\/wp-json\/wp\/v2\/product_brand?post=30622"},{"taxonomy":"product_cat","embeddable":true,"href":"https:\/\/olemosaic.com\/pt-pt\/wp-json\/wp\/v2\/product_cat?post=30622"},{"taxonomy":"product_tag","embeddable":true,"href":"https:\/\/olemosaic.com\/pt-pt\/wp-json\/wp\/v2\/product_tag?post=30622"}],"curies":[{"name":"wp","href":"https:\/\/api.w.org\/{rel}","templated":true}]}}