{"id":30621,"date":"2025-02-20T23:31:04","date_gmt":"2025-02-20T22:31:04","guid":{"rendered":"http:\/\/olemosaic.com\/producto\/bol-de-coco-rojo-isla-tenerife-2\/"},"modified":"2025-07-25T19:41:33","modified_gmt":"2025-07-25T17:41:33","slug":"taca-de-coco-vermelha-ilha-tenerife-2","status":"publish","type":"product","link":"https:\/\/olemosaic.com\/pt-pt\/produto\/taca-de-coco-vermelha-ilha-tenerife-2\/","title":{"rendered":"Ta\u00e7a de coco vermelha. Ilha. Tenerife. Can\u00e1rias. Fundo preto."},"content":{"rendered":"<p>Esta ta\u00e7a de coco vermelha \u00e9 uma pe\u00e7a artesanal cativante que presta homenagem \u00e0 beleza vibrante de Tenerife. Com um acabamento num vermelho intenso que real\u00e7a a sua contemporaneidade, cada ta\u00e7a \u00e9 \u00fanica, elaborada de forma artesanal com meticulosa aten\u00e7\u00e3o ao detalhe. O interior apresenta um design encantador com pequenos cora\u00e7\u00f5es que evocam amor e calor, e no centro, uma representa\u00e7\u00e3o estilizada da ilha numa cor vermelha chamativa, acompanhada da palavra &#8220;TENERIFE&#8221; num tra\u00e7o preto elegante que se destaca pela sua simplicidade e modernidade.<\/p>\n<p>Esta recorda\u00e7\u00e3o n\u00e3o s\u00f3 adorna qualquer espa\u00e7o, como tamb\u00e9m captura a ess\u00eancia das Ilhas Can\u00e1rias, sendo um s\u00edmbolo de autenticidade e cultura local. O seu design e t\u00e9cnica artesanal tornam-na perfeita como presente ou recorda\u00e7\u00e3o de uma visita a Tenerife, ideal para turistas que procuram levar consigo um peda\u00e7o do para\u00edso can\u00e1rio. Fabricada com materiais naturais, a ta\u00e7a de coco vermelha \u00e9 um exemplo perfeito da rica tradi\u00e7\u00e3o artesanal da regi\u00e3o, sublinhando o seu valor como recorda\u00e7\u00e3o representativa.<\/p>\n<p>Na Ol\u00e9 Mosaic, somos distribuidores de recorda\u00e7\u00f5es de Tenerife que oferecem produtos que refletem a riqueza cultural de Espanha. Esta ta\u00e7a \u00e9 uma excelente op\u00e7\u00e3o para lojas de presentes tur\u00edsticos que desejem incorporar artigos aut\u00eanticos e singularmente representativos da beleza can\u00e1ria na sua oferta.<\/p>\n","protected":false},"excerpt":{"rendered":"<p>Ta\u00e7a de coco vermelha, inspirada na beleza de Tenerife. Esta ta\u00e7a artesanal combina um acabamento vermelho vibrante com um design que inclui pequenos cora\u00e7\u00f5es e a silhueta da ilha, destacando a palavra &#8220;TENERIFE&#8221; num atraente tra\u00e7o preto. A sua t\u00e9cnica artesanal e o uso de materiais naturais conferem-lhe um car\u00e1cter \u00fanico, tornando-a uma recorda\u00e7\u00e3o distintiva que evoca a ess\u00eancia cultural e paisag\u00edstica das Ilhas Can\u00e1rias.<\/p>\n","protected":false},"featured_media":10204,"template":"","meta":{"_acf_changed":false},"product_brand":[],"product_cat":[513],"product_tag":[],"class_list":{"0":"post-30621","1":"product","2":"type-product","3":"status-publish","4":"has-post-thumbnail","6":"product_cat-bols","7":"pa_ciudad-tenerife","8":"pa_motivo-ilhas","9":"pa_pais-espana","11":"first","12":"instock","13":"shipping-taxable","14":"product-type-simple"},"acf":[],"_links":{"self":[{"href":"https:\/\/olemosaic.com\/pt-pt\/wp-json\/wp\/v2\/product\/30621","targetHints":{"allow":["GET"]}}],"collection":[{"href":"https:\/\/olemosaic.com\/pt-pt\/wp-json\/wp\/v2\/product"}],"about":[{"href":"https:\/\/olemosaic.com\/pt-pt\/wp-json\/wp\/v2\/types\/product"}],"wp:featuredmedia":[{"embeddable":true,"href":"https:\/\/olemosaic.com\/pt-pt\/wp-json\/wp\/v2\/media\/10204"}],"wp:attachment":[{"href":"https:\/\/olemosaic.com\/pt-pt\/wp-json\/wp\/v2\/media?parent=30621"}],"wp:term":[{"taxonomy":"product_brand","embeddable":true,"href":"https:\/\/olemosaic.com\/pt-pt\/wp-json\/wp\/v2\/product_brand?post=30621"},{"taxonomy":"product_cat","embeddable":true,"href":"https:\/\/olemosaic.com\/pt-pt\/wp-json\/wp\/v2\/product_cat?post=30621"},{"taxonomy":"product_tag","embeddable":true,"href":"https:\/\/olemosaic.com\/pt-pt\/wp-json\/wp\/v2\/product_tag?post=30621"}],"curies":[{"name":"wp","href":"https:\/\/api.w.org\/{rel}","templated":true}]}}