{"id":30616,"date":"2025-02-20T23:31:03","date_gmt":"2025-02-20T22:31:03","guid":{"rendered":"http:\/\/olemosaic.com\/producto\/bol-de-coco-rojo-tortuga-2\/"},"modified":"2025-07-25T18:49:58","modified_gmt":"2025-07-25T16:49:58","slug":"taca-de-coco-vermelha-tartaruga-2","status":"publish","type":"product","link":"https:\/\/olemosaic.com\/pt-pt\/produto\/taca-de-coco-vermelha-tartaruga-2\/","title":{"rendered":"Ta\u00e7a de coco vermelha. Tartaruga. Fundo dourado."},"content":{"rendered":"<p>Esta ta\u00e7a de coco vermelha \u00e9 uma pe\u00e7a decorativa encantadora que captura a ess\u00eancia da arte tradicional, perfeita para quem procura uma recorda\u00e7\u00e3o aut\u00eantica da sua viagem. Feita \u00e0 m\u00e3o com casca de coco, a ta\u00e7a apresenta um vibrante design em tons vermelhos e dourados que real\u00e7a a sua textura natural, conferindo um ar quente e acolhedor a qualquer espa\u00e7o. No centro, uma tartaruga encantadora, minuciosamente pintada em dourado, acrescenta um toque distintivo e evoca o folclore marinho, simbolizando a liga\u00e7\u00e3o com a natureza e a vida marinha.<\/p>\n<p>O intrincado design da ta\u00e7a, com a sua delicada ornamenta\u00e7\u00e3o dourada, combina eleg\u00e2ncia e funcionalidade, tornando-a um objeto decorativo atraente e \u00fatil. Esta ta\u00e7a n\u00e3o \u00e9 apenas perfeita para servir aperitivos ou como recipiente, mas tamb\u00e9m \u00e9 um excelente elemento decorativo em vitrines ou mesas, conferindo um toque de cultura e calor a qualquer lar.<\/p>\n<p>Na Ol\u00e9 Mosaic, a nossa miss\u00e3o \u00e9 oferecer recorda\u00e7\u00f5es aut\u00eanticas e representativas, e esta ta\u00e7a de coco \u00e9 uma amostra da arte e da tradi\u00e7\u00e3o que caracteriza as regi\u00f5es costeiras. Ideal para lojas de presentes tur\u00edsticos, esta ta\u00e7a \u00e9 um artigo que encantar\u00e1 os turistas que procuram pe\u00e7as significativas e de qualidade. Com cada compra, fomenta-se uma maior aprecia\u00e7\u00e3o do patrim\u00f3nio cultural, sendo esta ta\u00e7a uma recorda\u00e7\u00e3o perfeita que transcende fronteiras.<\/p>\n","protected":false},"excerpt":{"rendered":"<p>Ta\u00e7a de coco vermelha decorada com uma encantadora tartaruga no centro. Esta exclusiva ta\u00e7a, com casca de coco, apresenta um vibrante design em tons vermelhos e dourados que real\u00e7a delicadamente a textura natural do material. A tartaruga, pintada em dourado, acrescenta um elemento distintivo que evoca o folclore marinho. Ideal como objeto decorativo ou para uso funcional, esta ta\u00e7a captura a ess\u00eancia da arte tradicional.<\/p>\n","protected":false},"featured_media":10077,"template":"","meta":{"_acf_changed":false},"product_brand":[],"product_cat":[513],"product_tag":[516],"class_list":{"0":"post-30616","1":"product","2":"type-product","3":"status-publish","4":"has-post-thumbnail","6":"product_cat-bols","7":"product_tag-animais","8":"pa_motivo-tartarugas","10":"first","11":"instock","12":"shipping-taxable","13":"product-type-simple"},"acf":[],"_links":{"self":[{"href":"https:\/\/olemosaic.com\/pt-pt\/wp-json\/wp\/v2\/product\/30616","targetHints":{"allow":["GET"]}}],"collection":[{"href":"https:\/\/olemosaic.com\/pt-pt\/wp-json\/wp\/v2\/product"}],"about":[{"href":"https:\/\/olemosaic.com\/pt-pt\/wp-json\/wp\/v2\/types\/product"}],"wp:featuredmedia":[{"embeddable":true,"href":"https:\/\/olemosaic.com\/pt-pt\/wp-json\/wp\/v2\/media\/10077"}],"wp:attachment":[{"href":"https:\/\/olemosaic.com\/pt-pt\/wp-json\/wp\/v2\/media?parent=30616"}],"wp:term":[{"taxonomy":"product_brand","embeddable":true,"href":"https:\/\/olemosaic.com\/pt-pt\/wp-json\/wp\/v2\/product_brand?post=30616"},{"taxonomy":"product_cat","embeddable":true,"href":"https:\/\/olemosaic.com\/pt-pt\/wp-json\/wp\/v2\/product_cat?post=30616"},{"taxonomy":"product_tag","embeddable":true,"href":"https:\/\/olemosaic.com\/pt-pt\/wp-json\/wp\/v2\/product_tag?post=30616"}],"curies":[{"name":"wp","href":"https:\/\/api.w.org\/{rel}","templated":true}]}}