{"id":30615,"date":"2025-02-20T22:31:03","date_gmt":"2025-02-20T22:31:03","guid":{"rendered":"http:\/\/olemosaic.com\/producto\/bol-de-coco-rojo-rueda\/"},"modified":"2025-07-25T19:15:48","modified_gmt":"2025-07-25T17:15:48","slug":"taca-de-coco-vermelha-roda","status":"publish","type":"product","link":"https:\/\/olemosaic.com\/pt-pt\/produto\/taca-de-coco-vermelha-roda\/","title":{"rendered":"Ta\u00e7a de coco vermelha. Roda."},"content":{"rendered":"<p>Esta ta\u00e7a de coco vermelha \u00e9 uma pe\u00e7a artesanal extraordin\u00e1ria que reflete a riqueza da cultura e da arte espanholas. Com um design circular impressionante, este recipiente destaca-se pelo seu acabamento brilhante num tom vermelho vibrante que, sem d\u00favida, captar\u00e1 a aten\u00e7\u00e3o de quem o vir. A superf\u00edcie apresenta um intrincado padr\u00e3o de mosaico em tons claros que cria um belo contraste, evocando o colorido e a diversidade da tradi\u00e7\u00e3o espanhola, bem como a excecional habilidade dos artes\u00e3os que o criam.<\/p>\n<p>A textura crocante do exterior \u00e9 complementada por um suave acabamento interior, oferecendo n\u00e3o s\u00f3 um apelo est\u00e9tico, mas tamb\u00e9m uma funcionalidade pr\u00e1tica. Esta ta\u00e7a n\u00e3o \u00e9 apenas ideal como elemento decorativo no lar, mas tamb\u00e9m se presta perfeitamente para servir aperitivos, tornando-se um complemento vers\u00e1til para qualquer ocasi\u00e3o. A liga\u00e7\u00e3o cultural desta ta\u00e7a com a arte do mosaico espanhol real\u00e7a o seu valor como recorda\u00e7\u00e3o, capturando a ess\u00eancia da heran\u00e7a art\u00edstica do pa\u00eds.<\/p>\n<p>Na Ol\u00e9 Mosaic, somos distribuidores de recorda\u00e7\u00f5es por grosso e esta ta\u00e7a de coco vermelha representa uma excelente op\u00e7\u00e3o para lojas de presentes tur\u00edsticos que procuram produtos aut\u00eanticos e distintivos. Oferece aos turistas a oportunidade de levar para casa um peda\u00e7o da rica tradi\u00e7\u00e3o art\u00edstica de Espanha, sendo uma recorda\u00e7\u00e3o \u00fanica e memor\u00e1vel que perdurar\u00e1 no tempo.<\/p>\n","protected":false},"excerpt":{"rendered":"<p>Ta\u00e7a de coco vermelha, com um design circular impactante. Este recipiente artesanal apresenta um acabamento brilhante num tom vermelho vibrante, adornado com um intrincado padr\u00e3o de mosaico em tons claros que cria um contraste precioso. A textura rugosa do exterior e o acabamento liso do interior real\u00e7am a destreza do artes\u00e3o. Ideal como elemento decorativo ou para servir aperitivos, esta ta\u00e7a \u00e9 uma encantadora recorda\u00e7\u00e3o da arte e cultura espanholas.<\/p>\n","protected":false},"featured_media":11729,"template":"","meta":{"_acf_changed":false},"product_brand":[],"product_cat":[513],"product_tag":[],"class_list":{"0":"post-30615","1":"product","2":"type-product","3":"status-publish","4":"has-post-thumbnail","6":"product_cat-bols","7":"pa_ciudad-rueda","8":"pa_pais-espana","10":"first","11":"instock","12":"shipping-taxable","13":"product-type-simple"},"acf":[],"_links":{"self":[{"href":"https:\/\/olemosaic.com\/pt-pt\/wp-json\/wp\/v2\/product\/30615","targetHints":{"allow":["GET"]}}],"collection":[{"href":"https:\/\/olemosaic.com\/pt-pt\/wp-json\/wp\/v2\/product"}],"about":[{"href":"https:\/\/olemosaic.com\/pt-pt\/wp-json\/wp\/v2\/types\/product"}],"wp:featuredmedia":[{"embeddable":true,"href":"https:\/\/olemosaic.com\/pt-pt\/wp-json\/wp\/v2\/media\/11729"}],"wp:attachment":[{"href":"https:\/\/olemosaic.com\/pt-pt\/wp-json\/wp\/v2\/media?parent=30615"}],"wp:term":[{"taxonomy":"product_brand","embeddable":true,"href":"https:\/\/olemosaic.com\/pt-pt\/wp-json\/wp\/v2\/product_brand?post=30615"},{"taxonomy":"product_cat","embeddable":true,"href":"https:\/\/olemosaic.com\/pt-pt\/wp-json\/wp\/v2\/product_cat?post=30615"},{"taxonomy":"product_tag","embeddable":true,"href":"https:\/\/olemosaic.com\/pt-pt\/wp-json\/wp\/v2\/product_tag?post=30615"}],"curies":[{"name":"wp","href":"https:\/\/api.w.org\/{rel}","templated":true}]}}