{"id":30568,"date":"2025-02-20T22:31:02","date_gmt":"2025-02-20T22:31:02","guid":{"rendered":"http:\/\/olemosaic.com\/producto\/bol-de-coco-rojo-salamandra-menorca\/"},"modified":"2025-07-25T20:21:44","modified_gmt":"2025-07-25T18:21:44","slug":"taca-de-coco-vermelha-salamandra-menorca","status":"publish","type":"product","link":"https:\/\/olemosaic.com\/pt-pt\/produto\/taca-de-coco-vermelha-salamandra-menorca\/","title":{"rendered":"Ta\u00e7a de coco vermelha. Salamandra. Menorca."},"content":{"rendered":"<p>Esta ta\u00e7a de coco vermelha \u00e9 uma requintada pe\u00e7a de cer\u00e2mica que captura a ess\u00eancia vibrante de Menorca. Desenhada com um fundo azul intenso, a sua superf\u00edcie \u00e9 adornada com uma ilustra\u00e7\u00e3o detalhada de uma salamandra, um s\u00edmbolo ic\u00f3nico da fauna menorquina, que confere um toque de frescura e singularidade. As nuances brancas que rodeiam a salamandra contrastam magnificamente com o azul da ta\u00e7a, enquanto a textura de mosaico no exterior adiciona um ar artesanal, evocando a rica tradi\u00e7\u00e3o cer\u00e2mica da ilha.<\/p>\n<p>O detalhe central de &#8220;MENORCA&#8221; situa-se estrategicamente no design, tornando esta ta\u00e7a n\u00e3o apenas um objeto decorativo, mas uma aut\u00eantica recorda\u00e7\u00e3o das maravilhas desta impressionante ilha do Mediterr\u00e2neo. Seja para utiliz\u00e1-la como um apelativo centro de mesa ou como um utens\u00edlio funcional na cozinha, esta ta\u00e7a destaca-se pela sua est\u00e9tica e versatilidade.<\/p>\n<p>Como especialistas em souvenirs por grosso, na Ol\u00e9 Mosaic oferecemos produtos aut\u00eanticos que refletem a cultura e o patrim\u00f3nio de Espanha. Esta ta\u00e7a de coco vermelha \u00e9 a escolha perfeita para os turistas que procuram recorda\u00e7\u00f5es representativas de Menorca, garantindo que cada pe\u00e7a evoca a beleza e tradi\u00e7\u00e3o da ilha.<\/p>\n","protected":false},"excerpt":{"rendered":"<p>Ta\u00e7a de coco vermelha decorada com um design vibrante que destaca uma salamandra, em representa\u00e7\u00e3o da fauna de Menorca. Esta ta\u00e7a, feita de cer\u00e2mica, apresenta um fundo azul intenso com detalhes brancos e uma textura de mosaico que lhe confere um toque artesanal e atraente. A inscri\u00e7\u00e3o &#8220;MENORCA&#8221; contextualiza o produto, tornando-o um souvenir perfeito que combina est\u00e9tica e funcionalidade. Ideal para decorar ou como centro de mesa.<\/p>\n","protected":false},"featured_media":11946,"template":"","meta":{"_acf_changed":false},"product_brand":[],"product_cat":[513],"product_tag":[516],"class_list":{"0":"post-30568","1":"product","2":"type-product","3":"status-publish","4":"has-post-thumbnail","6":"product_cat-bols","7":"product_tag-animais","8":"pa_ciudad-menorca","9":"pa_motivo-salamandras","10":"pa_pais-espana","12":"first","13":"instock","14":"shipping-taxable","15":"product-type-simple"},"acf":[],"_links":{"self":[{"href":"https:\/\/olemosaic.com\/pt-pt\/wp-json\/wp\/v2\/product\/30568","targetHints":{"allow":["GET"]}}],"collection":[{"href":"https:\/\/olemosaic.com\/pt-pt\/wp-json\/wp\/v2\/product"}],"about":[{"href":"https:\/\/olemosaic.com\/pt-pt\/wp-json\/wp\/v2\/types\/product"}],"wp:featuredmedia":[{"embeddable":true,"href":"https:\/\/olemosaic.com\/pt-pt\/wp-json\/wp\/v2\/media\/11946"}],"wp:attachment":[{"href":"https:\/\/olemosaic.com\/pt-pt\/wp-json\/wp\/v2\/media?parent=30568"}],"wp:term":[{"taxonomy":"product_brand","embeddable":true,"href":"https:\/\/olemosaic.com\/pt-pt\/wp-json\/wp\/v2\/product_brand?post=30568"},{"taxonomy":"product_cat","embeddable":true,"href":"https:\/\/olemosaic.com\/pt-pt\/wp-json\/wp\/v2\/product_cat?post=30568"},{"taxonomy":"product_tag","embeddable":true,"href":"https:\/\/olemosaic.com\/pt-pt\/wp-json\/wp\/v2\/product_tag?post=30568"}],"curies":[{"name":"wp","href":"https:\/\/api.w.org\/{rel}","templated":true}]}}