{"id":30567,"date":"2025-02-20T23:31:02","date_gmt":"2025-02-20T22:31:02","guid":{"rendered":"http:\/\/olemosaic.com\/producto\/bol-de-coco-rojo-caballito-de-mar-gran-canaria\/"},"modified":"2025-07-25T19:16:15","modified_gmt":"2025-07-25T17:16:15","slug":"taca-de-coco-vermelha-cavalo-marinho-gran-canaria","status":"publish","type":"product","link":"https:\/\/olemosaic.com\/pt-pt\/produto\/taca-de-coco-vermelha-cavalo-marinho-gran-canaria\/","title":{"rendered":"Ta\u00e7a de coco vermelha. Cavalo-marinho. Gran Canaria."},"content":{"rendered":"<p>Esta ta\u00e7a de coco vermelha \u00e9 uma encantadora representa\u00e7\u00e3o da cultura e beleza de Gran Canaria, perfeita como recorda\u00e7\u00e3o e uma excelente adi\u00e7\u00e3o a qualquer cole\u00e7\u00e3o. Elaborada artesanalmente, esta colorida ta\u00e7a destaca-se pelo seu vibrante acabamento brilhante que real\u00e7a os belos cavalos-marinhos em tons vermelhos, sobre um elegante fundo preto. A base da ta\u00e7a exibe o texto &#8220;Gran Canaria&#8221;, um lembrete do destino tur\u00edstico que representa. Al\u00e9m disso, a sua borda est\u00e1 decorada com pequenos cora\u00e7\u00f5es, adicionando um toque de encanto e originalidade que a torna um artigo \u00fanico e funcional.<\/p>\n<p>Esta ta\u00e7a n\u00e3o s\u00f3 \u00e9 ideal para servir aperitivos ou como elemento decorativo, como tamb\u00e9m simboliza a rica heran\u00e7a cultural das Ilhas Can\u00e1rias, onde o mar desempenha um papel fundamental na vida quotidiana e na tradi\u00e7\u00e3o art\u00edstica. Os cavalos-marinhos s\u00e3o um motivo ic\u00f3nico na regi\u00e3o, associado \u00e0 beleza marinha e \u00e0 biodiversidade que caracteriza Gran Canaria.<\/p>\n<p>Na Ol\u00e9 Mosaic, como grossista de recorda\u00e7\u00f5es, oferecemos produtos aut\u00eanticos e representativos como esta ta\u00e7a de coco, que ligam os turistas \u00e0 ess\u00eancia cultural do local. Esta ta\u00e7a de coco vermelha \u00e9, sem d\u00favida, um presente ideal para quem procura recordar a sua experi\u00eancia nas Ilhas Can\u00e1rias com uma recorda\u00e7\u00e3o de qualidade.<\/p>\n","protected":false},"excerpt":{"rendered":"<p>Ta\u00e7a de coco vermelha, decorada com cavalos-marinhos e um design vibrante inspirado em Gran Canaria. Esta colorida ta\u00e7a, feita de coco, apresenta um acabamento brilhante que real\u00e7a os detalhes dos cavalos-marinhos em tons vermelhos sobre um fundo preto, juntamente com a inscri\u00e7\u00e3o &#8220;Gran Canaria&#8221;. A sua atraente borda adornada com pequenos cora\u00e7\u00f5es confere-lhe um toque \u00fanico, tornando-a um souvenir perfeito e funcional da beleza do arquip\u00e9lago can\u00e1rio.<\/p>\n","protected":false},"featured_media":10248,"template":"","meta":{"_acf_changed":false},"product_brand":[],"product_cat":[513],"product_tag":[516],"class_list":{"0":"post-30567","1":"product","2":"type-product","3":"status-publish","4":"has-post-thumbnail","6":"product_cat-bols","7":"product_tag-animais","8":"pa_ciudad-gran-canaria","9":"pa_motivo-cavalos-marinhos","10":"pa_pais-espana","12":"first","13":"instock","14":"shipping-taxable","15":"product-type-simple"},"acf":[],"_links":{"self":[{"href":"https:\/\/olemosaic.com\/pt-pt\/wp-json\/wp\/v2\/product\/30567","targetHints":{"allow":["GET"]}}],"collection":[{"href":"https:\/\/olemosaic.com\/pt-pt\/wp-json\/wp\/v2\/product"}],"about":[{"href":"https:\/\/olemosaic.com\/pt-pt\/wp-json\/wp\/v2\/types\/product"}],"wp:featuredmedia":[{"embeddable":true,"href":"https:\/\/olemosaic.com\/pt-pt\/wp-json\/wp\/v2\/media\/10248"}],"wp:attachment":[{"href":"https:\/\/olemosaic.com\/pt-pt\/wp-json\/wp\/v2\/media?parent=30567"}],"wp:term":[{"taxonomy":"product_brand","embeddable":true,"href":"https:\/\/olemosaic.com\/pt-pt\/wp-json\/wp\/v2\/product_brand?post=30567"},{"taxonomy":"product_cat","embeddable":true,"href":"https:\/\/olemosaic.com\/pt-pt\/wp-json\/wp\/v2\/product_cat?post=30567"},{"taxonomy":"product_tag","embeddable":true,"href":"https:\/\/olemosaic.com\/pt-pt\/wp-json\/wp\/v2\/product_tag?post=30567"}],"curies":[{"name":"wp","href":"https:\/\/api.w.org\/{rel}","templated":true}]}}