{"id":30565,"date":"2025-02-20T22:31:02","date_gmt":"2025-02-20T22:31:02","guid":{"rendered":"http:\/\/olemosaic.com\/producto\/bol-de-coco-rojo-delfin-menorca\/"},"modified":"2025-07-25T18:51:37","modified_gmt":"2025-07-25T16:51:37","slug":"taca-de-coco-vermelha-golfinho-menorca","status":"publish","type":"product","link":"https:\/\/olemosaic.com\/pt-pt\/produto\/taca-de-coco-vermelha-golfinho-menorca\/","title":{"rendered":"Ta\u00e7a de coco vermelha. Golfinho. Menorca."},"content":{"rendered":"<p>Esta ta\u00e7a de coco vermelha \u00e9 uma aut\u00eantica obra artesanal que reflete a ess\u00eancia de Menorca e a sua rica vida marinha. Com um acabamento brilhante, esta ta\u00e7a singular destaca-se pela sua vibrante combina\u00e7\u00e3o de tons vermelhos e brancos, que evocam as calas e as paisagens da ilha. No centro, a delicada figura de um golfinho, s\u00edmbolo ic\u00f3nico da vida marinha menorquina, real\u00e7a a liga\u00e7\u00e3o da ilha com o mar e a sua biodiversidade. Este design n\u00e3o s\u00f3 embeleza a ta\u00e7a, como tamb\u00e9m a torna um excelente souvenir que captura a beleza natural e cultural de Menorca.<\/p>\n<p>Ideal para servir aperitivos ou como pe\u00e7a decorativa, esta ta\u00e7a \u00e9 uma recorda\u00e7\u00e3o representativa de uma das ilhas mais belas do Mediterr\u00e2neo. Cada ta\u00e7a \u00e9 \u00fanica, fruto do artesanato local, o que sublinha a sua autenticidade e relev\u00e2ncia cultural. Na Ol\u00e9 Mosaic, especializamo-nos na distribui\u00e7\u00e3o de souvenirs por grosso, e esta ta\u00e7a de coco vermelha \u00e9 uma op\u00e7\u00e3o perfeita para lojas de presentes tur\u00edsticos que desejem oferecer produtos distintivos e de qualidade. Ao escolher esta ta\u00e7a, os turistas n\u00e3o s\u00f3 adquirem um artigo decorativo, como uma parte da cultura menorquina que poder\u00e3o levar para casa.<\/p>\n","protected":false},"excerpt":{"rendered":"<p>Ta\u00e7a de coco vermelha decorada com um design encantador de golfinho, que representa a ess\u00eancia de Menorca. Este produto artesanal tem um acabamento brilhante e uma combina\u00e7\u00e3o de tons vermelhos e brancos que real\u00e7a a beleza natural do material. A figura do golfinho, s\u00edmbolo da vida marinha menorquina, destaca-se no centro, tornando esta ta\u00e7a uma recorda\u00e7\u00e3o atraente que captura a cultura e a beleza da ilha. Ideal para servir ou como pe\u00e7a decorativa.<\/p>\n","protected":false},"featured_media":11910,"template":"","meta":{"_acf_changed":false},"product_brand":[],"product_cat":[513],"product_tag":[516],"class_list":{"0":"post-30565","1":"product","2":"type-product","3":"status-publish","4":"has-post-thumbnail","6":"product_cat-bols","7":"product_tag-animais","8":"pa_ciudad-menorca","9":"pa_motivo-golfinhos","10":"pa_pais-espana","12":"first","13":"instock","14":"shipping-taxable","15":"product-type-simple"},"acf":[],"_links":{"self":[{"href":"https:\/\/olemosaic.com\/pt-pt\/wp-json\/wp\/v2\/product\/30565","targetHints":{"allow":["GET"]}}],"collection":[{"href":"https:\/\/olemosaic.com\/pt-pt\/wp-json\/wp\/v2\/product"}],"about":[{"href":"https:\/\/olemosaic.com\/pt-pt\/wp-json\/wp\/v2\/types\/product"}],"wp:featuredmedia":[{"embeddable":true,"href":"https:\/\/olemosaic.com\/pt-pt\/wp-json\/wp\/v2\/media\/11910"}],"wp:attachment":[{"href":"https:\/\/olemosaic.com\/pt-pt\/wp-json\/wp\/v2\/media?parent=30565"}],"wp:term":[{"taxonomy":"product_brand","embeddable":true,"href":"https:\/\/olemosaic.com\/pt-pt\/wp-json\/wp\/v2\/product_brand?post=30565"},{"taxonomy":"product_cat","embeddable":true,"href":"https:\/\/olemosaic.com\/pt-pt\/wp-json\/wp\/v2\/product_cat?post=30565"},{"taxonomy":"product_tag","embeddable":true,"href":"https:\/\/olemosaic.com\/pt-pt\/wp-json\/wp\/v2\/product_tag?post=30565"}],"curies":[{"name":"wp","href":"https:\/\/api.w.org\/{rel}","templated":true}]}}