{"id":30554,"date":"2025-02-20T23:31:01","date_gmt":"2025-02-20T22:31:01","guid":{"rendered":"http:\/\/olemosaic.com\/producto\/bol-de-coco-rojo-isla-gran-canaria\/"},"modified":"2025-07-25T19:18:28","modified_gmt":"2025-07-25T17:18:28","slug":"taca-de-coco-vermelha-ilha-gran-canaria","status":"publish","type":"product","link":"https:\/\/olemosaic.com\/pt-pt\/produto\/taca-de-coco-vermelha-ilha-gran-canaria\/","title":{"rendered":"Ta\u00e7a de coco vermelha. Ilha. Gran Canaria."},"content":{"rendered":"<p>Esta ta\u00e7a de coco vermelha \u00e9 um exemplo impressionante da arte artesanal de Gran Canaria, perfeita para quem deseja levar um pedacinho desta bela ilha. Elaborada a partir da casca de coco, esta ta\u00e7a apresenta um acabamento vermelho vibrante que evoca o calor e a alegria da paisagem can\u00e1ria. Com um design pintado \u00e0 m\u00e3o, as suas bordas est\u00e3o adornadas com cora\u00e7\u00f5es encantadores, criando uma est\u00e9tica apelativa e rom\u00e2ntica. No centro da ta\u00e7a, destaca-se a frase &#8220;Gran Canaria&#8221; em preto, uma recorda\u00e7\u00e3o vis\u00edvel da rica heran\u00e7a da ilha.<\/p>\n<p>Cada pe\u00e7a \u00e9 \u00fanica, reflexo da destreza dos artes\u00e3os locais e da sua liga\u00e7\u00e3o com a cultura can\u00e1ria. Esta ta\u00e7a n\u00e3o \u00e9 apenas uma recorda\u00e7\u00e3o colorida, mas tamb\u00e9m uma declara\u00e7\u00e3o de amor pela ilha, ideal para quem procura presentes aut\u00eanticos e significativos. O seu design vers\u00e1til permite utiliz\u00e1-la tanto para decora\u00e7\u00e3o como para servir aperitivos, tornando-a um objeto funcional e ornamental.<\/p>\n<p>Na Ol\u00e9 Mosaic, especializamo-nos na distribui\u00e7\u00e3o de souvenirs por grosso, e esta ta\u00e7a de coco vermelha \u00e9 uma magn\u00edfica op\u00e7\u00e3o para lojas de presentes tur\u00edsticos que procuram produtos distintivos e aut\u00eanticos de Gran Canaria. Com o seu encanto e singularidade, esta recorda\u00e7\u00e3o capta a ess\u00eancia da ilha e posiciona-se como um presente ideal para quem deseja recordar a sua visita a este para\u00edso atl\u00e2ntico.<\/p>\n","protected":false},"excerpt":{"rendered":"<p>Ta\u00e7a de coco vermelha, inspirada na beleza de Gran Canaria. Esta ta\u00e7a singular, feita a partir da casca de coco, apresenta um acabamento vermelho vibrante que se combina com delicados designs em forma de cora\u00e7\u00f5es. No centro, destaca-se a frase &#8220;Gran Canaria&#8221; numa cor preta contrastante. O seu design artesanal, pintado \u00e0 m\u00e3o, real\u00e7a a ess\u00eancia cultural da ilha, tornando-a uma pe\u00e7a \u00fanica e colorida para qualquer cole\u00e7\u00e3o.<\/p>\n","protected":false},"featured_media":10200,"template":"","meta":{"_acf_changed":false},"product_brand":[],"product_cat":[513],"product_tag":[],"class_list":{"0":"post-30554","1":"product","2":"type-product","3":"status-publish","4":"has-post-thumbnail","6":"product_cat-bols","7":"pa_ciudad-gran-canaria","8":"pa_motivo-ilhas","9":"pa_pais-espana","11":"first","12":"instock","13":"shipping-taxable","14":"product-type-simple"},"acf":[],"_links":{"self":[{"href":"https:\/\/olemosaic.com\/pt-pt\/wp-json\/wp\/v2\/product\/30554","targetHints":{"allow":["GET"]}}],"collection":[{"href":"https:\/\/olemosaic.com\/pt-pt\/wp-json\/wp\/v2\/product"}],"about":[{"href":"https:\/\/olemosaic.com\/pt-pt\/wp-json\/wp\/v2\/types\/product"}],"wp:featuredmedia":[{"embeddable":true,"href":"https:\/\/olemosaic.com\/pt-pt\/wp-json\/wp\/v2\/media\/10200"}],"wp:attachment":[{"href":"https:\/\/olemosaic.com\/pt-pt\/wp-json\/wp\/v2\/media?parent=30554"}],"wp:term":[{"taxonomy":"product_brand","embeddable":true,"href":"https:\/\/olemosaic.com\/pt-pt\/wp-json\/wp\/v2\/product_brand?post=30554"},{"taxonomy":"product_cat","embeddable":true,"href":"https:\/\/olemosaic.com\/pt-pt\/wp-json\/wp\/v2\/product_cat?post=30554"},{"taxonomy":"product_tag","embeddable":true,"href":"https:\/\/olemosaic.com\/pt-pt\/wp-json\/wp\/v2\/product_tag?post=30554"}],"curies":[{"name":"wp","href":"https:\/\/api.w.org\/{rel}","templated":true}]}}