{"id":30551,"date":"2025-02-20T23:31:01","date_gmt":"2025-02-20T22:31:01","guid":{"rendered":"http:\/\/olemosaic.com\/producto\/bol-de-coco-rojo-caballito-de-mar-barcelona-2\/"},"modified":"2025-07-25T19:25:49","modified_gmt":"2025-07-25T17:25:49","slug":"taca-de-coco-vermelha-cavalo-marinho-barcelona-2","status":"publish","type":"product","link":"https:\/\/olemosaic.com\/pt-pt\/produto\/taca-de-coco-vermelha-cavalo-marinho-barcelona-2\/","title":{"rendered":"Ta\u00e7a de coco vermelha. Cavalo-marinho. Estilo mediterr\u00e2nico. Barcelona."},"content":{"rendered":"<p>Esta ta\u00e7a de coco vermelha \u00e9 uma recorda\u00e7\u00e3o requintada inspirada no encanto mar\u00edtimo de Barcelona, desenhada para quem deseja levar um pedacinho desta cidade vibrante. Fabricada com uma t\u00e9cnica artesanal que real\u00e7a a beleza do coco natural, a ta\u00e7a apresenta um acabamento cativante em tons dourados e vermelhos, que infunde uma sensa\u00e7\u00e3o de calor e eleg\u00e2ncia. O seu interior, moldado de forma distinta, \u00e9 complementado por uma grava\u00e7\u00e3o central de um delicado cavalo-marinho, um s\u00edmbolo ic\u00f3nico associado \u00e0 riqueza marinha da regi\u00e3o.<\/p>\n<p>Esta ta\u00e7a n\u00e3o s\u00f3 \u00e9 ideal para servir aperitivos de forma estilizada, como tamb\u00e9m funciona como um elemento decorativo excecional, adicionando um toque de sofistica\u00e7\u00e3o a qualquer ambiente. O cavalo-marinho gravado real\u00e7a a liga\u00e7\u00e3o do produto com a cultura mar\u00edtima de Barcelona, evocando imagens de passeios pelo porto e as cores vibrantes do Mediterr\u00e2neo. Esta ta\u00e7a de coco vermelha ergue-se como uma recorda\u00e7\u00e3o aut\u00eantica da cidade, oferecendo aos turistas uma pe\u00e7a representativa da tradi\u00e7\u00e3o artesanal local.<\/p>\n<p>Na Ol\u00e9 Mosaic, somos distribuidores de recorda\u00e7\u00f5es por grosso, e esta ta\u00e7a \u00e9 uma op\u00e7\u00e3o encantadora e \u00fanica para lojas de presentes tur\u00edsticos que procuram produtos com um toque de autenticidade e relev\u00e2ncia cultural. Com o seu design exclusivo, esta ta\u00e7a \u00e9 mais do que um simples objeto; \u00e9 um testemunho da rica heran\u00e7a de Barcelona e uma excelente ideia de recorda\u00e7\u00e3o.<\/p>\n","protected":false},"excerpt":{"rendered":"<p>Ta\u00e7a de coco vermelha com design de cavalo-marinho, inspirada no encanto de Barcelona. Esta elegante ta\u00e7a apresenta um acabamento em tons dourados e vermelhos, com manchas distintivas e uma grava\u00e7\u00e3o central de um cavalo-marinho. A sua elabora\u00e7\u00e3o artesanal real\u00e7a a beleza do material natural, tornando-a uma recorda\u00e7\u00e3o atraente que evoca a rica cultura mar\u00edtima da cidade. Ideal para servir aperitivos ou como elemento decorativo.<\/p>\n","protected":false},"featured_media":11866,"template":"","meta":{"_acf_changed":false},"product_brand":[],"product_cat":[513],"product_tag":[516],"class_list":{"0":"post-30551","1":"product","2":"type-product","3":"status-publish","4":"has-post-thumbnail","6":"product_cat-bols","7":"product_tag-animais","8":"pa_ciudad-barcelona","9":"pa_motivo-cavalos-marinhos","10":"pa_pais-espana","12":"first","13":"instock","14":"shipping-taxable","15":"product-type-simple"},"acf":[],"_links":{"self":[{"href":"https:\/\/olemosaic.com\/pt-pt\/wp-json\/wp\/v2\/product\/30551","targetHints":{"allow":["GET"]}}],"collection":[{"href":"https:\/\/olemosaic.com\/pt-pt\/wp-json\/wp\/v2\/product"}],"about":[{"href":"https:\/\/olemosaic.com\/pt-pt\/wp-json\/wp\/v2\/types\/product"}],"wp:featuredmedia":[{"embeddable":true,"href":"https:\/\/olemosaic.com\/pt-pt\/wp-json\/wp\/v2\/media\/11866"}],"wp:attachment":[{"href":"https:\/\/olemosaic.com\/pt-pt\/wp-json\/wp\/v2\/media?parent=30551"}],"wp:term":[{"taxonomy":"product_brand","embeddable":true,"href":"https:\/\/olemosaic.com\/pt-pt\/wp-json\/wp\/v2\/product_brand?post=30551"},{"taxonomy":"product_cat","embeddable":true,"href":"https:\/\/olemosaic.com\/pt-pt\/wp-json\/wp\/v2\/product_cat?post=30551"},{"taxonomy":"product_tag","embeddable":true,"href":"https:\/\/olemosaic.com\/pt-pt\/wp-json\/wp\/v2\/product_tag?post=30551"}],"curies":[{"name":"wp","href":"https:\/\/api.w.org\/{rel}","templated":true}]}}