{"id":30550,"date":"2025-02-20T23:31:00","date_gmt":"2025-02-20T22:31:00","guid":{"rendered":"http:\/\/olemosaic.com\/producto\/bol-de-coco-rojo-mano\/"},"modified":"2025-07-25T18:44:37","modified_gmt":"2025-07-25T16:44:37","slug":"taca-de-coco-vermelha-mao","status":"publish","type":"product","link":"https:\/\/olemosaic.com\/pt-pt\/produto\/taca-de-coco-vermelha-mao\/","title":{"rendered":"Ta\u00e7a de coco vermelha. M\u00e3o."},"content":{"rendered":"<p>Esta ta\u00e7a de coco vermelha \u00e9 um exemplo requintado do artesanato tradicional que representa a rica heran\u00e7a cultural da regi\u00e3o. Com uma cor vermelha vibrante que evoca paix\u00e3o e vitalidade, o seu design central apresenta a m\u00e3o de F\u00e1tima, um s\u00edmbolo de prote\u00e7\u00e3o que ressoa profundamente em diferentes culturas. Rodeada de delicados detalhes em forma de cora\u00e7\u00f5es, a pintura \u00e0 m\u00e3o garante que cada ta\u00e7a seja uma pe\u00e7a \u00fanica, perfeita tanto como objeto decorativo como funcional. O seu acabamento resplandecente e os motivos art\u00edsticos refletem o talento dos artes\u00e3os locais, que aperfei\u00e7oaram esta t\u00e9cnica ao longo de gera\u00e7\u00f5es.<\/p>\n<p>Esta ta\u00e7a n\u00e3o \u00e9 apenas uma bela recorda\u00e7\u00e3o, mas tamb\u00e9m capta a ess\u00eancia do folclore e da tradi\u00e7\u00e3o do local, tornando-a um presente significativo para quem deseja levar um peda\u00e7o da cultura. Desde o seu uso como centro de mesa at\u00e9 ao seu papel como recipiente para pequenos objetos, esta ta\u00e7a de coco adaptar-se-\u00e1 sem esfor\u00e7o a qualquer estilo de casa. Na Ol\u00e9 Mosaic, oferecemos este produto de rel\u00edquia cultural como parte da nossa sele\u00e7\u00e3o de recorda\u00e7\u00f5es aut\u00eanticas. \u00c9 uma excelente escolha para lojas de presentes tur\u00edsticos que procuram impressionar os seus clientes com artigos representativos e de qualidade, reafirmando assim o seu compromisso com a tradi\u00e7\u00e3o e a arte popular.<\/p>\n","protected":false},"excerpt":{"rendered":"<p>Ta\u00e7a de coco vermelha decorada com estilo artesanal, inspirada na riqueza da arte tradicional. Esta preciosa ta\u00e7a apresenta uma cor vermelha vibrante com um design central da m\u00e3o de F\u00e1tima, s\u00edmbolo de prote\u00e7\u00e3o, rodeado de detalhes em forma de cora\u00e7\u00f5es. A sua t\u00e9cnica de pintura \u00e0 m\u00e3o garante um acabamento \u00fanico, perfeito como elemento decorativo ou funcional em qualquer casa. Uma recorda\u00e7\u00e3o original que capta a ess\u00eancia do folclore.<\/p>\n","protected":false},"featured_media":13455,"template":"","meta":{"_acf_changed":false},"product_brand":[],"product_cat":[513],"product_tag":[],"class_list":{"0":"post-30550","1":"product","2":"type-product","3":"status-publish","4":"has-post-thumbnail","6":"product_cat-bols","7":"pa_motivo-maos","9":"first","10":"instock","11":"shipping-taxable","12":"product-type-simple"},"acf":[],"_links":{"self":[{"href":"https:\/\/olemosaic.com\/pt-pt\/wp-json\/wp\/v2\/product\/30550","targetHints":{"allow":["GET"]}}],"collection":[{"href":"https:\/\/olemosaic.com\/pt-pt\/wp-json\/wp\/v2\/product"}],"about":[{"href":"https:\/\/olemosaic.com\/pt-pt\/wp-json\/wp\/v2\/types\/product"}],"wp:featuredmedia":[{"embeddable":true,"href":"https:\/\/olemosaic.com\/pt-pt\/wp-json\/wp\/v2\/media\/13455"}],"wp:attachment":[{"href":"https:\/\/olemosaic.com\/pt-pt\/wp-json\/wp\/v2\/media?parent=30550"}],"wp:term":[{"taxonomy":"product_brand","embeddable":true,"href":"https:\/\/olemosaic.com\/pt-pt\/wp-json\/wp\/v2\/product_brand?post=30550"},{"taxonomy":"product_cat","embeddable":true,"href":"https:\/\/olemosaic.com\/pt-pt\/wp-json\/wp\/v2\/product_cat?post=30550"},{"taxonomy":"product_tag","embeddable":true,"href":"https:\/\/olemosaic.com\/pt-pt\/wp-json\/wp\/v2\/product_tag?post=30550"}],"curies":[{"name":"wp","href":"https:\/\/api.w.org\/{rel}","templated":true}]}}