{"id":30539,"date":"2025-02-20T23:30:59","date_gmt":"2025-02-20T22:30:59","guid":{"rendered":"http:\/\/olemosaic.com\/producto\/bol-de-coco-rojo-salamandra-3\/"},"modified":"2025-07-25T20:35:23","modified_gmt":"2025-07-25T18:35:23","slug":"taca-de-coco-vermelha-salamandra-3","status":"publish","type":"product","link":"https:\/\/olemosaic.com\/pt-pt\/produto\/taca-de-coco-vermelha-salamandra-3\/","title":{"rendered":"Ta\u00e7a de coco vermelha. Salamandra. Espanha."},"content":{"rendered":"<p>Esta ta\u00e7a de coco vermelha \u00e9 um exemplo requintado de artesanato espanhol, ideal para adicionar um toque ex\u00f3tico e vibrante a qualquer lar. Fabricada a partir de casca de coco, esta ta\u00e7a apresenta um acabamento natural que real\u00e7a a singularidade de cada pe\u00e7a. O seu interior est\u00e1 adornado com um atraente mosaico de cores vermelhas, criando um contraste visual cativante. No centro, uma salamandra com efeito pintado \u00e0 m\u00e3o em tons castanhos e laranjas simboliza a biodiversidade e o folclore da regi\u00e3o, evocando a riqueza cultural de Espanha.<\/p>\n<p>A salamandra, um s\u00edmbolo de transforma\u00e7\u00e3o e adaptabilidade, \u00e9 um elemento destacado em muitas tradi\u00e7\u00f5es populares, e a sua representa\u00e7\u00e3o nesta ta\u00e7a acrescenta um valor est\u00e9tico e cultural. Esta recorda\u00e7\u00e3o de Espanha \u00e9 perfeita para quem procura uma lembran\u00e7a aut\u00eantica e significativa da sua viagem, combinando design, tradi\u00e7\u00e3o e funcionalidade numa s\u00f3 pe\u00e7a.<\/p>\n<p>Na Ol\u00e9 Mosaic, especializamo-nos na distribui\u00e7\u00e3o de recorda\u00e7\u00f5es por grosso, assegurando que os nossos clientes encontram produtos aut\u00eanticos e de qualidade. Esta ta\u00e7a de coco vermelha \u00e9 uma excelente op\u00e7\u00e3o para lojas de presentes tur\u00edsticos que desejem oferecer aos seus clientes uma viagem sensorial atrav\u00e9s da cultura espanhola, destacando o seu artesanato e a sua liga\u00e7\u00e3o ao patrim\u00f3nio local.<\/p>\n","protected":false},"excerpt":{"rendered":"<p>Ta\u00e7a de coco vermelha decorada com um design de salamandra, ideal para dar um toque ex\u00f3tico ao seu lar. Esta elegante ta\u00e7a \u00e9 feita a partir de casca de coco, o que lhe d\u00e1 um acabamento natural e \u00fanico. O seu interior apresenta um atraente mosaico de cores vermelhas, enquanto a salamandra, de design artesanal, pintada \u00e0 m\u00e3o, em tons castanhos e laranjas, destaca-se no centro, simbolizando a biodiversidade e o folclore da regi\u00e3o. Uma recorda\u00e7\u00e3o perfeita de Espanha que combina artesanato e tradi\u00e7\u00e3o.<\/p>\n","protected":false},"featured_media":11834,"template":"","meta":{"_acf_changed":false},"product_brand":[],"product_cat":[513],"product_tag":[516],"class_list":{"0":"post-30539","1":"product","2":"type-product","3":"status-publish","4":"has-post-thumbnail","6":"product_cat-bols","7":"product_tag-animais","8":"pa_motivo-salamandras","10":"first","11":"instock","12":"shipping-taxable","13":"product-type-simple"},"acf":[],"_links":{"self":[{"href":"https:\/\/olemosaic.com\/pt-pt\/wp-json\/wp\/v2\/product\/30539","targetHints":{"allow":["GET"]}}],"collection":[{"href":"https:\/\/olemosaic.com\/pt-pt\/wp-json\/wp\/v2\/product"}],"about":[{"href":"https:\/\/olemosaic.com\/pt-pt\/wp-json\/wp\/v2\/types\/product"}],"wp:featuredmedia":[{"embeddable":true,"href":"https:\/\/olemosaic.com\/pt-pt\/wp-json\/wp\/v2\/media\/11834"}],"wp:attachment":[{"href":"https:\/\/olemosaic.com\/pt-pt\/wp-json\/wp\/v2\/media?parent=30539"}],"wp:term":[{"taxonomy":"product_brand","embeddable":true,"href":"https:\/\/olemosaic.com\/pt-pt\/wp-json\/wp\/v2\/product_brand?post=30539"},{"taxonomy":"product_cat","embeddable":true,"href":"https:\/\/olemosaic.com\/pt-pt\/wp-json\/wp\/v2\/product_cat?post=30539"},{"taxonomy":"product_tag","embeddable":true,"href":"https:\/\/olemosaic.com\/pt-pt\/wp-json\/wp\/v2\/product_tag?post=30539"}],"curies":[{"name":"wp","href":"https:\/\/api.w.org\/{rel}","templated":true}]}}