{"id":30538,"date":"2025-02-20T22:30:59","date_gmt":"2025-02-20T22:30:59","guid":{"rendered":"http:\/\/olemosaic.com\/producto\/bol-de-coco-rojo-sagrada-familia-barcelona\/"},"modified":"2025-07-25T19:57:23","modified_gmt":"2025-07-25T17:57:23","slug":"taca-de-coco-vermelha-sagrada-familia-barcelona","status":"publish","type":"product","link":"https:\/\/olemosaic.com\/pt-pt\/produto\/taca-de-coco-vermelha-sagrada-familia-barcelona\/","title":{"rendered":"Ta\u00e7a de coco vermelha. Sagrada Fam\u00edlia. Barcelona."},"content":{"rendered":"<p>Esta ta\u00e7a de coco vermelha \u00e9 uma encantadora recorda\u00e7\u00e3o que captura a ess\u00eancia da emblem\u00e1tica Sagrada Fam\u00edlia de Barcelona. O seu interior apresenta uma vibrante mistura de tons vermelhos e dourados, evocando a luz m\u00e1gica que se filtra atrav\u00e9s dos impressionantes vitrais da famosa bas\u00edlica, uma obra-prima do arquiteto Antoni Gaud\u00ed convertida em s\u00edmbolo da cidade. A parte exterior, elaborada com coco natural, real\u00e7a a autenticidade do produto, dando-lhe um toque r\u00fastico que contrasta com a delicada opul\u00eancia do interior. No centro da ta\u00e7a, destaca-se o log\u00f3tipo de Barcelona, acrescentando um distintivo que assegura o seu car\u00e1ter \u00fanico.<\/p>\n<p>Esta ta\u00e7a n\u00e3o \u00e9 apenas uma pe\u00e7a decorativa impressionante, mas tamb\u00e9m uma valiosa recorda\u00e7\u00e3o cultural que liga o portador \u00e0 rica hist\u00f3ria e \u00e0 arte arquitet\u00f3nica de Barcelona. Ideal para quem procura levar um peda\u00e7o da cidade para os seus lares, esta ta\u00e7a de coco \u00e9 perfeita tanto para uso funcional como para ser exibida como uma bela pe\u00e7a de arte.<\/p>\n<p>Na Ol\u00e9 Mosaic, especializamo-nos na distribui\u00e7\u00e3o de recorda\u00e7\u00f5es aut\u00eanticas por grosso, oferecendo produtos que celebram a riqueza do patrim\u00f3nio espanhol. Esta ta\u00e7a de coco vermelha \u00e9 uma excelente op\u00e7\u00e3o para lojas de presentes tur\u00edsticos que procuram artigos distintivos e de alta qualidade. Com o seu design atraente e relev\u00e2ncia cultural, \u00e9 uma recorda\u00e7\u00e3o ideal para capturar a magia de Barcelona.<\/p>\n","protected":false},"excerpt":{"rendered":"<p>Ta\u00e7a de coco vermelha, inspirada na emblem\u00e1tica Sagrada Fam\u00edlia de Barcelona. Esta delicada ta\u00e7a apresenta um design interior com uma vibrante mistura de vermelhos e dourados, que imita a luz filtrando-se atrav\u00e9s dos vitrais da famosa bas\u00edlica. O exterior, de coco natural, real\u00e7a a sua autenticidade, enquanto o log\u00f3tipo de Barcelona no centro acrescenta um toque distintivo. Uma pe\u00e7a decorativa ideal para levar um peda\u00e7o da arquitetura modernista para o seu lar.<\/p>\n","protected":false},"featured_media":13410,"template":"","meta":{"_acf_changed":false},"product_brand":[],"product_cat":[513],"product_tag":[],"class_list":{"0":"post-30538","1":"product","2":"type-product","3":"status-publish","4":"has-post-thumbnail","6":"product_cat-bols","7":"pa_ciudad-barcelona","8":"pa_motivo-sagrada-familia","9":"pa_pais-espana","11":"first","12":"instock","13":"shipping-taxable","14":"product-type-simple"},"acf":[],"_links":{"self":[{"href":"https:\/\/olemosaic.com\/pt-pt\/wp-json\/wp\/v2\/product\/30538","targetHints":{"allow":["GET"]}}],"collection":[{"href":"https:\/\/olemosaic.com\/pt-pt\/wp-json\/wp\/v2\/product"}],"about":[{"href":"https:\/\/olemosaic.com\/pt-pt\/wp-json\/wp\/v2\/types\/product"}],"wp:featuredmedia":[{"embeddable":true,"href":"https:\/\/olemosaic.com\/pt-pt\/wp-json\/wp\/v2\/media\/13410"}],"wp:attachment":[{"href":"https:\/\/olemosaic.com\/pt-pt\/wp-json\/wp\/v2\/media?parent=30538"}],"wp:term":[{"taxonomy":"product_brand","embeddable":true,"href":"https:\/\/olemosaic.com\/pt-pt\/wp-json\/wp\/v2\/product_brand?post=30538"},{"taxonomy":"product_cat","embeddable":true,"href":"https:\/\/olemosaic.com\/pt-pt\/wp-json\/wp\/v2\/product_cat?post=30538"},{"taxonomy":"product_tag","embeddable":true,"href":"https:\/\/olemosaic.com\/pt-pt\/wp-json\/wp\/v2\/product_tag?post=30538"}],"curies":[{"name":"wp","href":"https:\/\/api.w.org\/{rel}","templated":true}]}}