{"id":30494,"date":"2025-02-20T23:30:58","date_gmt":"2025-02-20T22:30:58","guid":{"rendered":"http:\/\/olemosaic.com\/producto\/bol-de-coco-rojo-salamandra-gran-canaria-2\/"},"modified":"2025-07-25T19:45:06","modified_gmt":"2025-07-25T17:45:06","slug":"taca-de-coco-vermelha-salamandra-gran-canaria-2","status":"publish","type":"product","link":"https:\/\/olemosaic.com\/pt-pt\/produto\/taca-de-coco-vermelha-salamandra-gran-canaria-2\/","title":{"rendered":"Ta\u00e7a de coco vermelha. Salamandra. Mosaico. Gran Can\u00e1ria."},"content":{"rendered":"<p>Esta ta\u00e7a decorativa de coco vermelha \u00e9 uma pe\u00e7a \u00fanica que reflete a rica biodiversidade de Gran Can\u00e1ria. Fabricada a partir de cascas de coco, esta atraente ta\u00e7a apresenta um design vibrante com padr\u00f5es vermelhos e dourados que evocam a paisagem quente e colorida das Can\u00e1rias. Na sua superf\u00edcie, destaca-se a emblem\u00e1tica salamandra, um s\u00edmbolo representativo da ilha, que se combina harmoniosamente com a inscri\u00e7\u00e3o &#8220;Gran Canaria&#8221;, oferecendo um toque de autenticidade a esta recorda\u00e7\u00e3o. A combina\u00e7\u00e3o de cores brilhantes, juntamente com os detalhes dourados, proporciona uma est\u00e9tica cativante e elegante, perfeita para qualquer canto da sua casa. Esta ta\u00e7a de coco n\u00e3o \u00e9 apenas um artigo decorativo, mas um aut\u00eantico souvenir que captura a ess\u00eancia da ilha, ideal para os turistas que procuram levar uma recorda\u00e7\u00e3o especial da sua visita. Na Ol\u00e9 Mosaic, orgulhamo-nos de ser um distribuidor de souvenirs aut\u00eanticos por grosso, oferecendo produtos que celebram a cultura e a tradi\u00e7\u00e3o de Espanha e das suas regi\u00f5es. Esta ta\u00e7a \u00e9 uma excelente op\u00e7\u00e3o para lojas de presentes tur\u00edsticos que procuram oferecer aos seus clientes um peda\u00e7o aut\u00eantico de Gran Can\u00e1ria.<\/p>\n","protected":false},"excerpt":{"rendered":"<p>Ta\u00e7a de coco vermelha decorada, inspirada na fauna de Gran Can\u00e1ria. Esta atraente ta\u00e7a, elaborada com casca de coco, apresenta um design brilhante com padr\u00f5es vermelhos e dourados que evocam a colorida paisagem can\u00e1ria. Destaca-se a emblem\u00e1tica salamandra, s\u00edmbolo da ilha, acompanhada da inscri\u00e7\u00e3o \u00abGran Canaria\u00bb. Um souvenir \u00fanico que captura a ess\u00eancia da ilha e \u00e9 ideal para qualquer canto da casa.<\/p>\n","protected":false},"featured_media":10120,"template":"","meta":{"_acf_changed":false},"product_brand":[],"product_cat":[513],"product_tag":[516],"class_list":{"0":"post-30494","1":"product","2":"type-product","3":"status-publish","4":"has-post-thumbnail","6":"product_cat-bols","7":"product_tag-animais","8":"pa_ciudad-gran-canaria","9":"pa_motivo-salamandras","10":"pa_pais-espana","12":"first","13":"instock","14":"shipping-taxable","15":"product-type-simple"},"acf":[],"_links":{"self":[{"href":"https:\/\/olemosaic.com\/pt-pt\/wp-json\/wp\/v2\/product\/30494","targetHints":{"allow":["GET"]}}],"collection":[{"href":"https:\/\/olemosaic.com\/pt-pt\/wp-json\/wp\/v2\/product"}],"about":[{"href":"https:\/\/olemosaic.com\/pt-pt\/wp-json\/wp\/v2\/types\/product"}],"wp:featuredmedia":[{"embeddable":true,"href":"https:\/\/olemosaic.com\/pt-pt\/wp-json\/wp\/v2\/media\/10120"}],"wp:attachment":[{"href":"https:\/\/olemosaic.com\/pt-pt\/wp-json\/wp\/v2\/media?parent=30494"}],"wp:term":[{"taxonomy":"product_brand","embeddable":true,"href":"https:\/\/olemosaic.com\/pt-pt\/wp-json\/wp\/v2\/product_brand?post=30494"},{"taxonomy":"product_cat","embeddable":true,"href":"https:\/\/olemosaic.com\/pt-pt\/wp-json\/wp\/v2\/product_cat?post=30494"},{"taxonomy":"product_tag","embeddable":true,"href":"https:\/\/olemosaic.com\/pt-pt\/wp-json\/wp\/v2\/product_tag?post=30494"}],"curies":[{"name":"wp","href":"https:\/\/api.w.org\/{rel}","templated":true}]}}