{"id":30493,"date":"2025-02-20T23:30:58","date_gmt":"2025-02-20T22:30:58","guid":{"rendered":"http:\/\/olemosaic.com\/producto\/bol-de-coco-rojo-tortuga-barcelona-3\/"},"modified":"2025-07-25T19:24:42","modified_gmt":"2025-07-25T17:24:42","slug":"taca-de-coco-vermelha-tartaruga-barcelona-3","status":"publish","type":"product","link":"https:\/\/olemosaic.com\/pt-pt\/produto\/taca-de-coco-vermelha-tartaruga-barcelona-3\/","title":{"rendered":"Ta\u00e7a de coco vermelha. Tartaruga. Estilo mediterr\u00e2nico. Barcelona."},"content":{"rendered":"<p>Esta ta\u00e7a de coco vermelha decorada \u00e9 um aut\u00eantico tesouro artesanal que captura a ess\u00eancia de Barcelona. Fabricada com coco, a sua forma oval e elegante \u00e9 real\u00e7ada com um acabamento vibrante em tons vermelhos, que harmoniza com um fundo branco. A pe\u00e7a \u00e9 adornada com uma tartaruga com efeito pintado \u00e0 m\u00e3o, que n\u00e3o s\u00f3 confere um toque art\u00edstico, como tamb\u00e9m evoca a liga\u00e7\u00e3o com o mar Mediterr\u00e2neo, um s\u00edmbolo de vida e natureza nesta emblem\u00e1tica cidade. Logo abaixo da tartaruga, o texto &#8220;Barcelona&#8221; destaca-se, tornando-a num souvenir perfeito que celebra a cultura local.<\/p>\n<p>A decora\u00e7\u00e3o desta ta\u00e7a inspira-se no folclore e na biodiversidade da regi\u00e3o, o que a torna ideal tanto para usar como objeto decorativo como para servir aperitivos. O seu design muito especial n\u00e3o s\u00f3 proporciona um elemento visual impactante, como tamb\u00e9m \u00e9 um excelente presente para quem procura uma recorda\u00e7\u00e3o aut\u00eantica da sua visita a Barcelona.<\/p>\n<p>Na Ol\u00e9 Mosaic, orgulhamo-nos de oferecer souvenirs \u00fanicos que refletem a riqueza cultural de Espanha. Esta ta\u00e7a de coco vermelha apresenta-se como uma op\u00e7\u00e3o ideal para lojas de presentes tur\u00edsticos que procuram produtos aut\u00eanticos e de qualidade. Com esta ta\u00e7a, os turistas podem levar para casa um peda\u00e7o de Barcelona, um souvenir que combina arte e funcionalidade num \u00fanico artigo.<\/p>\n","protected":false},"excerpt":{"rendered":"<p>Ta\u00e7a de coco vermelha decorada com um design de tartaruga que evoca a ess\u00eancia de Barcelona. Esta original ta\u00e7a, com acabamento em tons vermelhos e fundo branco, destaca-se pela sua forma oval e elegante. A tartaruga, de design artesanal e pintada \u00e0 m\u00e3o, \u00e9 complementada pela palavra &#8220;Barcelona&#8221;, tornando este artigo num souvenir perfeito que funde arte e funcionalidade. Ideal para acrescentar um toque distintivo a qualquer casa.<\/p>\n","protected":false},"featured_media":11874,"template":"","meta":{"_acf_changed":false},"product_brand":[],"product_cat":[513],"product_tag":[516],"class_list":{"0":"post-30493","1":"product","2":"type-product","3":"status-publish","4":"has-post-thumbnail","6":"product_cat-bols","7":"product_tag-animais","8":"pa_ciudad-barcelona","9":"pa_motivo-tartarugas","10":"pa_pais-espana","12":"first","13":"instock","14":"shipping-taxable","15":"product-type-simple"},"acf":[],"_links":{"self":[{"href":"https:\/\/olemosaic.com\/pt-pt\/wp-json\/wp\/v2\/product\/30493","targetHints":{"allow":["GET"]}}],"collection":[{"href":"https:\/\/olemosaic.com\/pt-pt\/wp-json\/wp\/v2\/product"}],"about":[{"href":"https:\/\/olemosaic.com\/pt-pt\/wp-json\/wp\/v2\/types\/product"}],"wp:featuredmedia":[{"embeddable":true,"href":"https:\/\/olemosaic.com\/pt-pt\/wp-json\/wp\/v2\/media\/11874"}],"wp:attachment":[{"href":"https:\/\/olemosaic.com\/pt-pt\/wp-json\/wp\/v2\/media?parent=30493"}],"wp:term":[{"taxonomy":"product_brand","embeddable":true,"href":"https:\/\/olemosaic.com\/pt-pt\/wp-json\/wp\/v2\/product_brand?post=30493"},{"taxonomy":"product_cat","embeddable":true,"href":"https:\/\/olemosaic.com\/pt-pt\/wp-json\/wp\/v2\/product_cat?post=30493"},{"taxonomy":"product_tag","embeddable":true,"href":"https:\/\/olemosaic.com\/pt-pt\/wp-json\/wp\/v2\/product_tag?post=30493"}],"curies":[{"name":"wp","href":"https:\/\/api.w.org\/{rel}","templated":true}]}}