{"id":30492,"date":"2025-02-20T22:30:58","date_gmt":"2025-02-20T22:30:58","guid":{"rendered":"http:\/\/olemosaic.com\/producto\/bol-de-coco-rojo-flecha-camino-de-santiago\/"},"modified":"2025-07-25T19:28:45","modified_gmt":"2025-07-25T17:28:45","slug":"taca-de-coco-vermelha-seta-caminho-de-santiago","status":"publish","type":"product","link":"https:\/\/olemosaic.com\/pt-pt\/produto\/taca-de-coco-vermelha-seta-caminho-de-santiago\/","title":{"rendered":"Ta\u00e7a de coco vermelha. Seta. Caminho de Santiago."},"content":{"rendered":"<p>Esta ta\u00e7a de coco vermelha decorada \u00e9 uma aut\u00eantica homenagem ao emblem\u00e1tico Caminho de Santiago, ideal para quem procura uma recorda\u00e7\u00e3o significativa desta hist\u00f3rica travessia. O seu design art\u00edstico apresenta uma base branca que real\u00e7a um atraente padr\u00e3o de formas ovais em tons vermelhos vibrantes, que evocam a paix\u00e3o e o esp\u00edrito do caminho. No interior, destaca-se a seta que indica a dire\u00e7\u00e3o do Caminho de Santiago, acompanhada pelo texto &#8220;CAMINO DE SANTIAGO&#8221; num elegante acabamento met\u00e1lico que acrescenta um toque de sofistica\u00e7\u00e3o.<\/p>\n<p>A sua forma org\u00e2nica e cativante, juntamente com a combina\u00e7\u00e3o de cores, torna-a num souvenir perfeito que encapsula a ess\u00eancia da tradi\u00e7\u00e3o desta rota milenar. Esta ta\u00e7a \u00e9 uma pe\u00e7a \u00fanica que, al\u00e9m de ser um objeto decorativo, rememora as viv\u00eancias e o percurso pelos jardins e culturas que marcam o Caminho. Na Ol\u00e9 Mosaic, somos distribuidores de souvenirs que celebram a riqueza cultural de Espanha. Esta ta\u00e7a de coco vermelha \u00e9 uma excelente escolha para lojas de presentes tur\u00edsticos, ideal para os viajantes que procuram souvenirs aut\u00eanticos e representativos que capturem a ess\u00eancia da sua experi\u00eancia no Caminho de Santiago. Como grossistas de souvenirs, oferecemos produtos que combinam artesanato e significado, perfeitos para cada cliente.<\/p>\n","protected":false},"excerpt":{"rendered":"<p>Ta\u00e7a de coco vermelha decorada com um design que evoca o Caminho de Santiago. Esta atraente ta\u00e7a apresenta uma base branca que real\u00e7a um padr\u00e3o de formas ovais em tons vermelhos. No interior, destaca-se uma seta que indica a dire\u00e7\u00e3o do caminho, acompanhada pelo texto &#8220;CAMINO DE SANTIAGO&#8221; num elegante acabamento met\u00e1lico. A sua forma org\u00e2nica e as suas cores vibrantes tornam-na num souvenir ideal para recordar a rica tradi\u00e7\u00e3o desta rota hist\u00f3rica.<\/p>\n","protected":false},"featured_media":11938,"template":"","meta":{"_acf_changed":false},"product_brand":[],"product_cat":[513],"product_tag":[],"class_list":{"0":"post-30492","1":"product","2":"type-product","3":"status-publish","4":"has-post-thumbnail","6":"product_cat-bols","7":"pa_ciudad-santiago","8":"pa_motivo-setas","9":"pa_pais-espana","11":"first","12":"instock","13":"shipping-taxable","14":"product-type-simple"},"acf":[],"_links":{"self":[{"href":"https:\/\/olemosaic.com\/pt-pt\/wp-json\/wp\/v2\/product\/30492","targetHints":{"allow":["GET"]}}],"collection":[{"href":"https:\/\/olemosaic.com\/pt-pt\/wp-json\/wp\/v2\/product"}],"about":[{"href":"https:\/\/olemosaic.com\/pt-pt\/wp-json\/wp\/v2\/types\/product"}],"wp:featuredmedia":[{"embeddable":true,"href":"https:\/\/olemosaic.com\/pt-pt\/wp-json\/wp\/v2\/media\/11938"}],"wp:attachment":[{"href":"https:\/\/olemosaic.com\/pt-pt\/wp-json\/wp\/v2\/media?parent=30492"}],"wp:term":[{"taxonomy":"product_brand","embeddable":true,"href":"https:\/\/olemosaic.com\/pt-pt\/wp-json\/wp\/v2\/product_brand?post=30492"},{"taxonomy":"product_cat","embeddable":true,"href":"https:\/\/olemosaic.com\/pt-pt\/wp-json\/wp\/v2\/product_cat?post=30492"},{"taxonomy":"product_tag","embeddable":true,"href":"https:\/\/olemosaic.com\/pt-pt\/wp-json\/wp\/v2\/product_tag?post=30492"}],"curies":[{"name":"wp","href":"https:\/\/api.w.org\/{rel}","templated":true}]}}