{"id":30491,"date":"2025-02-20T23:30:58","date_gmt":"2025-02-20T22:30:58","guid":{"rendered":"http:\/\/olemosaic.com\/producto\/bol-de-coco-rojo-salamandra-tenerife-3\/"},"modified":"2025-07-25T18:57:04","modified_gmt":"2025-07-25T16:57:04","slug":"taca-de-coco-vermelha-salamandra-tenerife-3","status":"publish","type":"product","link":"https:\/\/olemosaic.com\/pt-pt\/produto\/taca-de-coco-vermelha-salamandra-tenerife-3\/","title":{"rendered":"Ta\u00e7a de coco vermelha. Salamandra. Tenerife. Can\u00e1rias."},"content":{"rendered":"<p>Esta ta\u00e7a de coco vermelha, adornada com uma simp\u00e1tica salamandra, \u00e9 um belo exemplo do artesanato can\u00e1rio, que captura a ess\u00eancia e a biodiversidade de Tenerife. Fabricada a partir de cocos aut\u00eanticos, a ta\u00e7a apresenta um acabamento vermelho vibrante real\u00e7ado com delicados detalhes brancos que simulam as escamas da salamandra, um s\u00edmbolo representativo da rica fauna local. No centro, a encantadora ilustra\u00e7\u00e3o da salamandra, juntamente com a palavra &#8220;Tenerife&#8221;, acrescenta um toque aut\u00eantico e distintivo, tornando este artigo numa recorda\u00e7\u00e3o perfeita da ilha.<\/p>\n<p>A fus\u00e3o de cores e texturas n\u00e3o s\u00f3 a torna visualmente atraente, mas tamb\u00e9m vers\u00e1til: ideal para decorar qualquer espa\u00e7o ou como um objeto pr\u00e1tico no lar. Os turistas encontrar\u00e3o nesta ta\u00e7a um souvenir \u00fanico que reflete a beleza natural das Ilhas Can\u00e1rias e a sua cultura. Na Ol\u00e9 Mosaic, especializamo-nos na distribui\u00e7\u00e3o de souvenirs por grosso, oferecendo produtos aut\u00eanticos que celebram o patrim\u00f3nio can\u00e1rio. Esta ta\u00e7a de coco vermelha \u00e9 uma excelente op\u00e7\u00e3o para lojas de presentes tur\u00edsticos que procuram pe\u00e7as distintivas e cheias de significado. Descubra a autenticidade e beleza dos nossos souvenirs de Tenerife, perfeitos para recordar uma viagem inesquec\u00edvel.<\/p>\n","protected":false},"excerpt":{"rendered":"<p>Ta\u00e7a de coco vermelha decorada com uma simp\u00e1tica salamandra, que representa a rica fauna de Tenerife. Este atraente artigo combina um design chamativo com elementos pintados \u00e0 m\u00e3o, destacando tonalidades vermelhas e detalhes brancos que simulam escamas. No centro, a ilustra\u00e7\u00e3o da salamandra, acompanhada do nome &#8220;Tenerife&#8221;, acrescenta um toque local e distintivo. Ideal para decorar ou como recorda\u00e7\u00e3o da beleza can\u00e1ria.<\/p>\n","protected":false},"featured_media":11922,"template":"","meta":{"_acf_changed":false},"product_brand":[],"product_cat":[513],"product_tag":[516],"class_list":{"0":"post-30491","1":"product","2":"type-product","3":"status-publish","4":"has-post-thumbnail","6":"product_cat-bols","7":"product_tag-animais","8":"pa_ciudad-tenerife","9":"pa_motivo-salamandras","10":"pa_pais-espana","12":"first","13":"instock","14":"shipping-taxable","15":"product-type-simple"},"acf":[],"_links":{"self":[{"href":"https:\/\/olemosaic.com\/pt-pt\/wp-json\/wp\/v2\/product\/30491","targetHints":{"allow":["GET"]}}],"collection":[{"href":"https:\/\/olemosaic.com\/pt-pt\/wp-json\/wp\/v2\/product"}],"about":[{"href":"https:\/\/olemosaic.com\/pt-pt\/wp-json\/wp\/v2\/types\/product"}],"wp:featuredmedia":[{"embeddable":true,"href":"https:\/\/olemosaic.com\/pt-pt\/wp-json\/wp\/v2\/media\/11922"}],"wp:attachment":[{"href":"https:\/\/olemosaic.com\/pt-pt\/wp-json\/wp\/v2\/media?parent=30491"}],"wp:term":[{"taxonomy":"product_brand","embeddable":true,"href":"https:\/\/olemosaic.com\/pt-pt\/wp-json\/wp\/v2\/product_brand?post=30491"},{"taxonomy":"product_cat","embeddable":true,"href":"https:\/\/olemosaic.com\/pt-pt\/wp-json\/wp\/v2\/product_cat?post=30491"},{"taxonomy":"product_tag","embeddable":true,"href":"https:\/\/olemosaic.com\/pt-pt\/wp-json\/wp\/v2\/product_tag?post=30491"}],"curies":[{"name":"wp","href":"https:\/\/api.w.org\/{rel}","templated":true}]}}