{"id":30490,"date":"2025-02-20T23:30:58","date_gmt":"2025-02-20T22:30:58","guid":{"rendered":"http:\/\/olemosaic.com\/producto\/bol-de-coco-rojo-salamandra-tenerife-2\/"},"modified":"2025-07-25T20:24:32","modified_gmt":"2025-07-25T18:24:32","slug":"taca-de-coco-vermelha-salamandra-tenerife-2","status":"publish","type":"product","link":"https:\/\/olemosaic.com\/pt-pt\/produto\/taca-de-coco-vermelha-salamandra-tenerife-2\/","title":{"rendered":"Ta\u00e7a de coco vermelha. Salamandra. Tenerife. Padr\u00e3o cora\u00e7\u00f5es."},"content":{"rendered":"<p>Esta ta\u00e7a de coco vermelha, decorada com uma salamandra, \u00e9 uma obra-prima artesanal que captura a ess\u00eancia vibrante de Tenerife, fundindo a riqueza natural e cultural das Ilhas Can\u00e1rias. O seu design intrincado apresenta um fundo preto salpicado que real\u00e7a a cor vermelha viva da salamandra desenhada no centro, enquanto a inscri\u00e7\u00e3o &#8220;TENERIFE&#8221; \u00e9 exibida com orgulho sob o animal, simbolizando a heran\u00e7a cultural da regi\u00e3o. A borda da ta\u00e7a, adornada com cora\u00e7\u00f5es vermelhos, complementa perfeitamente o design central, criando um contraste visual atraente que convida \u00e0 admira\u00e7\u00e3o.<\/p>\n<p>Decorada artesanalmente por artes\u00e3os locais, cada ta\u00e7a \u00e9 \u00fanica e reflete a rica tradi\u00e7\u00e3o art\u00edstica de Tenerife. Este produto n\u00e3o \u00e9 apenas um souvenir, mas tamb\u00e9m uma recorda\u00e7\u00e3o do patrim\u00f3nio e da diversidade biol\u00f3gica das ilhas, uma vez que a salamandra \u00e9 um s\u00edmbolo da flora e fauna locais, representando a liga\u00e7\u00e3o com a natureza que caracteriza este destino tur\u00edstico. Na Ol\u00e9 Mosaic, especializamo-nos na distribui\u00e7\u00e3o de souvenirs aut\u00eanticos e representativos de diferentes regi\u00f5es, o que torna esta ta\u00e7a de coco vermelha uma op\u00e7\u00e3o ideal para lojas de presentes tur\u00edsticos que procuram oferecer produtos com significado cultural e est\u00e9tico. Uma excelente escolha para os viajantes que desejam levar um peda\u00e7o de Tenerife para casa.<\/p>\n","protected":false},"excerpt":{"rendered":"<p>Ta\u00e7a de coco vermelha decorada com uma salamandra, que representa a heran\u00e7a cultural de Tenerife. Esta vibrante ta\u00e7a, de design artesanal, apresenta um fundo preto salpicado e uma borda adornada com cora\u00e7\u00f5es vermelhos, criando um contraste visual atraente. No centro, destaca-se uma salamandra vermelha, complementada com a inscri\u00e7\u00e3o &#8220;TENERIFE&#8221;. Elaborada \u00e0 m\u00e3o, este produto \u00e9 uma excelente recorda\u00e7\u00e3o da riqueza natural e art\u00edstica das Ilhas Can\u00e1rias.<\/p>\n","protected":false},"featured_media":10226,"template":"","meta":{"_acf_changed":false},"product_brand":[],"product_cat":[513],"product_tag":[516],"class_list":{"0":"post-30490","1":"product","2":"type-product","3":"status-publish","4":"has-post-thumbnail","6":"product_cat-bols","7":"product_tag-animais","8":"pa_ciudad-tenerife","9":"pa_motivo-salamandras","10":"pa_pais-espana","12":"first","13":"instock","14":"shipping-taxable","15":"product-type-simple"},"acf":[],"_links":{"self":[{"href":"https:\/\/olemosaic.com\/pt-pt\/wp-json\/wp\/v2\/product\/30490","targetHints":{"allow":["GET"]}}],"collection":[{"href":"https:\/\/olemosaic.com\/pt-pt\/wp-json\/wp\/v2\/product"}],"about":[{"href":"https:\/\/olemosaic.com\/pt-pt\/wp-json\/wp\/v2\/types\/product"}],"wp:featuredmedia":[{"embeddable":true,"href":"https:\/\/olemosaic.com\/pt-pt\/wp-json\/wp\/v2\/media\/10226"}],"wp:attachment":[{"href":"https:\/\/olemosaic.com\/pt-pt\/wp-json\/wp\/v2\/media?parent=30490"}],"wp:term":[{"taxonomy":"product_brand","embeddable":true,"href":"https:\/\/olemosaic.com\/pt-pt\/wp-json\/wp\/v2\/product_brand?post=30490"},{"taxonomy":"product_cat","embeddable":true,"href":"https:\/\/olemosaic.com\/pt-pt\/wp-json\/wp\/v2\/product_cat?post=30490"},{"taxonomy":"product_tag","embeddable":true,"href":"https:\/\/olemosaic.com\/pt-pt\/wp-json\/wp\/v2\/product_tag?post=30490"}],"curies":[{"name":"wp","href":"https:\/\/api.w.org\/{rel}","templated":true}]}}